{"id":1758,"date":"2022-10-05T13:55:33","date_gmt":"2022-10-05T12:55:33","guid":{"rendered":"https:\/\/qimiq.lightcyde\/?page_id=1758"},"modified":"2023-07-20T14:39:24","modified_gmt":"2023-07-20T13:39:24","slug":"souffle-aux-asperges-de-reinhard-muller","status":"publish","type":"page","link":"https:\/\/qimiq.ch\/fr\/qimiq-pour-les-professionnels\/chef-cuisinier\/recettes-de-chef\/souffle-aux-asperges-de-reinhard-muller\/","title":{"rendered":"Souffl\u00e9 aux asperges de Reinhard M\u00fcller"},"content":{"rendered":"<section id='lightpress__section--block_7054ec745b88163af4753c2f31525c85' class='lightpress__section--full-width lightpress__section--default-section-space lightpress__section lightpress__section--image-text' data-scroll-section><div class=\"image-text__container image-text__container-- image-text__container--mirrored\">\n                            <picture class=\"image-text__picture\"\n                 data-aos=\"fade-left\"\n                 data-aos-once=\"true\"\n                 data-aos-anchor=\"#lightpress__section--block_7054ec745b88163af4753c2f31525c85 .image-text__container\">\n            <source srcset=\"https:\/\/qimiq.ch\/wp-content\/uploads\/sites\/4\/CR-Spargelsouffle.webp\" type=\"image\/webp\">\n            <img decoding=\"async\" src=\"https:\/\/qimiq.ch\/wp-content\/uploads\/sites\/4\/CR-Spargelsouffle.jpg\" alt=\"CR Souffl\u00e9 aux asperges\" \/>\n        <\/picture>\n    \n    <div class=\"image-text__text\">\n        \n                    <h2 class=\"text--medium text--55\" data-aos=\"fade-right\"\n                data-aos-once=\"true\"\n                data-aos-delay=\"100\"\n                data-aos-anchor=\"#lightpress__section--block_7054ec745b88163af4753c2f31525c85 .image-text__container\">Souffl\u00e9 aux asperges de Reinhard M\u00fcller<\/h2>\n        \n                    <div class=\"spacer--60\"><\/div>\n\n            <div data-aos=\"fade-right\" data-aos-once=\"true\"\n                 data-aos-delay=\"200\"\n                 data-aos-anchor=\"#lightpress__section--block_7054ec745b88163af4753c2f31525c85 .image-text__container\"><p>Reinhard M\u00fcller, chef de cuisine du centre de r\u00e9\u00e9ducation de PVA \u00e0 Bad Ischl, restaurateur, boulanger et boucher. En tant que chef, il a cuisin\u00e9 sur 4 toques (Gault&amp;Millau) et 2 \u00e9toiles Michelin. En tant que g\u00e9rant d'h\u00f4tel, il a \u00e9t\u00e9 partout, des bateaux de croisi\u00e8re aux h\u00f4tels 4 \u00e9toiles. Aujourd'hui, il vous pr\u00e9sente un plat divin !<\/p>\n<\/div>\n        \n                    <div class=\"spacer--60\"><\/div>\n\n            <a class=\"qimiq-button\"\n               href=\"https:\/\/rdb.qimiq.ch\/de\/recipes\/2503\"\n               target=\"_blank\" data-aos=\"fade-right\" data-aos-once=\"true\"\n               data-aos-delay=\"300\"\n               data-aos-anchor=\"#lightpress__section--block_7054ec745b88163af4753c2f31525c85 .image-text__container\">D\u00e9couvrez la recette dans notre base de donn\u00e9es de recettes<\/a>\n            <\/div>\n<\/div>\n\n<\/section>\n\n<section id='lightpress__section--block_2c1efe5c89c29d44957893425a8ad199' class='lightpress__section--cow-headline--medium lightpress__section--default-section-space lightpress__section lightpress__section--cow-headline' data-scroll-section><div class=\"cow-headline__container cow-headline__container--hide-bottom-margin\">\n        <h3 data-aos=\"fade-right\" class=\"cow-headline__headline\"\n    data-aos-once=\"true\">Ingr\u00e9dients pour 10 portions<\/h3>\n<picture class=\"cow-headline__picture\"\n         data-aos=\"fade-left\"\n         data-aos-once=\"true\">\n    <source srcset=\"\/wp-content\/themes\/qimiq\/blocks\/cow-headline\/cow.png.webp\" type=\"image\/webp\">\n    <img decoding=\"async\" src=\"\/wp-content\/themes\/qimiq\/blocks\/cow-headline\/cow.png\" alt=\"Vache\">\n<\/picture>\n<\/div>\n\n<\/section>\n\n<section id='lightpress__section--block_9063c334adb2e039e5ed265ca3be1c23' class='lightpress__section--wysiwyg-medium lightpress__section--default-section-space lightpress__section lightpress__section--wysiwyg' data-scroll-section><div class=\"wysiwyg-columns wysiwyg-columns--3\">\n            <div class=\"wysiwyg-columns__content\" data-aos=\"fade-right\"\n             data-aos-once=\"true\"><p><strong>Pour le souffl\u00e9<\/strong><\/p>\n<p>\u00a0<\/p>\n<ul>\n<li>250 g de QimiQ Classic, non r\u00e9frig\u00e9r\u00e9<\/li>\n<li>250 g d'asperges blanches, \u00e9pluch\u00e9es<\/li>\n<li>30 g de pommes de terre, \u00e9pluch\u00e9es<\/li>\n<li>80 g d'oignon(s), coup\u00e9(s) en petits d\u00e9s<\/li>\n<li>40 g de beurre<\/li>\n<li>10 g de sucre cristallis\u00e9 fin<\/li>\n<li>80 ml de vin blanc<\/li>\n<li>125 ml de bouillon de l\u00e9gumes<\/li>\n<li>3 g de sel<\/li>\n<li>poivre noir, fra\u00eechement moulu<\/li>\n<li>2 jaunes d'\u0153ufs<\/li>\n<li>60 g de fromage frais<\/li>\n<li>80 g de mie de pain blanc<\/li>\n<li>0,5 orange(s), jus et zeste finement r\u00e2p\u00e9<\/li>\n<li>2 blancs d'\u0153ufs<\/li>\n<\/ul>\n<\/div>\n            <div class=\"wysiwyg-columns__content\" data-aos=\"fade-left\"\n             data-aos-once=\"true\"><p><strong>Pour la vinaigrette<\/strong><\/p>\n<p>\u00a0<\/p>\n<ul>\n<li>250 g de QimiQ Classic, non r\u00e9frig\u00e9r\u00e9<\/li>\n<li>50 ml d'huile d'olive<\/li>\n<li>120 g de cr\u00e8me fra\u00eeche<\/li>\n<li>100 ml de jus d'orange<\/li>\n<li>zeste d'orange, d'1 orange<\/li>\n<li>1 orange(s), coup\u00e9e(s) en d\u00e9s<\/li>\n<li>50 ml de vinaigre balsamique, clair<\/li>\n<li>20 g de coriandre, cisel\u00e9e<\/li>\n<\/ul>\n<\/div>\n            <div class=\"wysiwyg-columns__content\" data-aos=\"fade-right\"\n             data-aos-once=\"true\"><p><strong>Pour garnir<\/strong><\/p>\n<p>\u00a0<\/p>\n<ul>\n<li>poivron(s), coup\u00e9(s) en d\u00e9s<\/li>\n<li>Ciboulette<\/li>\n<li>Cresson<\/li>\n<\/ul>\n<\/div>\n    <\/div>\n\n<\/section>\n\n<section id='lightpress__section--block_65bee02bb77b22af01602b95588617bf' class='lightpress__section--cow-headline--medium lightpress__section--default-section-space lightpress__section lightpress__section--cow-headline' data-scroll-section><div class=\"cow-headline__container cow-headline__container--hide-bottom-margin\">\n        <h3 data-aos=\"fade-right\" class=\"cow-headline__headline\"\n    data-aos-once=\"true\">Pr\u00e9paration<\/h3>\n<picture class=\"cow-headline__picture\"\n         data-aos=\"fade-left\"\n         data-aos-once=\"true\">\n    <source srcset=\"\/wp-content\/themes\/qimiq\/blocks\/cow-headline\/cow.png.webp\" type=\"image\/webp\">\n    <img decoding=\"async\" src=\"\/wp-content\/themes\/qimiq\/blocks\/cow-headline\/cow.png\" alt=\"Vache\">\n<\/picture>\n<\/div>\n\n<\/section>\n\n<section id='lightpress__section--block_0692540bc9735c25743c026d85b7453b' class='lightpress__section--wysiwyg-medium lightpress__section--default-section-space lightpress__section lightpress__section--wysiwyg' data-scroll-section><div class=\"wysiwyg-columns wysiwyg-columns--1\">\n            <div class=\"wysiwyg-columns__content\" data-aos=\"fade-right\"\n             data-aos-once=\"true\"><ol>\n<li><strong>Pour le souffl\u00e9 :<\/strong><span>\u00a0<\/span>Faire revenir les asperges, les pommes de terre et les oignons dans le beurre.<\/li>\n<li>Ajouter le sucre, d\u00e9glacer avec le vin blanc et verser le fond. Assaisonner et faire cuire \u00e0 couvert jusqu'\u00e0 ce qu'il n'y ait plus de liquide.<\/li>\n<li>Mixer finement les l\u00e9gumes brais\u00e9s et les passer au tamis.<\/li>\n<li>M\u00e9langer le QimiQ Classic non refroidi jusqu'\u00e0 ce qu'il soit lisse. Ajouter la masse d'asperges, les jaunes d'\u0153ufs, le fromage frais, la chapelure de pain blanc, le jus et le zeste d'orange.<\/li>\n<li>Monter les blancs d'\u0153ufs en neige et les incorporer.<\/li>\n<li>Verser la masse dans des petits moules et cuire au bain-marie dans un four pr\u00e9chauff\u00e9 \u00e0 180 \u00b0 C (chaleur tournante) pendant environ 15 \u00e0 20 minutes.<\/li>\n<li><strong>Pour la vinaigrette :<\/strong><span>\u00a0<\/span>M\u00e9langer le QimiQ Classic non refroidi jusqu'\u00e0 ce qu'il soit lisse. Incorporer lentement l'huile d'olive jusqu'\u00e0 ce que le m\u00e9lange s'\u00e9mulsionne.<\/li>\n<li>Ajouter le reste des ingr\u00e9dients et rectifier l'assaisonnement.<\/li>\n<li>D\u00e9corer avec des d\u00e9s de poivron, du cresson, de la ciboulette et servir avec un souffl\u00e9 aux asperges.<\/li>\n<\/ol>\n<\/div>\n    <\/div>\n\n<\/section>","protected":false},"excerpt":{"rendered":"","protected":false},"author":1,"featured_media":1759,"parent":682,"menu_order":0,"comment_status":"closed","ping_status":"closed","template":"","meta":{"_acf_changed":false,"_relevanssi_hide_post":"","_relevanssi_hide_content":"","_relevanssi_pin_for_all":"","_relevanssi_pin_keywords":"","_relevanssi_unpin_keywords":"","_relevanssi_related_keywords":"","_relevanssi_related_include_ids":"","_relevanssi_related_exclude_ids":"","_relevanssi_related_no_append":"","_relevanssi_related_not_related":"","_relevanssi_related_posts":"","_relevanssi_noindex_reason":"","footnotes":""},"class_list":["post-1758","page","type-page","status-publish","has-post-thumbnail","hentry"],"acf":[],"yoast_head":"<!-- This site is optimized with the Yoast SEO Premium plugin v26.6 (Yoast SEO v26.8) - https:\/\/yoast.com\/product\/yoast-seo-premium-wordpress\/ -->\n<title>Spargelsouffl\u00e9 von Reinhard M\u00fcller - QimiQ Schweiz<\/title>\n<meta name=\"robots\" content=\"index, follow, max-snippet:-1, max-image-preview:large, max-video-preview:-1\" \/>\n<link rel=\"canonical\" href=\"https:\/\/qimiq.ch\/fr\/qimiq-pour-les-professionnels\/chef-cuisinier\/recettes-de-chef\/souffle-aux-asperges-de-reinhard-muller\/\" \/>\n<meta property=\"og:locale\" content=\"fr_FR\" \/>\n<meta property=\"og:type\" content=\"article\" \/>\n<meta property=\"og:title\" content=\"Spargelsouffl\u00e9 von Reinhard M\u00fcller\" \/>\n<meta property=\"og:url\" content=\"https:\/\/qimiq.ch\/fr\/qimiq-pour-les-professionnels\/chef-cuisinier\/recettes-de-chef\/souffle-aux-asperges-de-reinhard-muller\/\" \/>\n<meta property=\"og:site_name\" content=\"QimiQ Schweiz\" \/>\n<meta property=\"article:publisher\" content=\"https:\/\/www.facebook.com\/QimiQWorld\/\" \/>\n<meta property=\"article:modified_time\" content=\"2023-07-20T13:39:24+00:00\" \/>\n<meta property=\"og:image\" content=\"https:\/\/qimiq.ch\/wp-content\/uploads\/sites\/4\/CR-Spargelsouffle.jpg\" \/>\n\t<meta property=\"og:image:width\" content=\"500\" \/>\n\t<meta property=\"og:image:height\" content=\"333\" \/>\n\t<meta property=\"og:image:type\" content=\"image\/jpeg\" \/>\n<meta name=\"twitter:card\" content=\"summary_large_image\" \/>\n<script type=\"application\/ld+json\" class=\"yoast-schema-graph\">{\"@context\":\"https:\/\/schema.org\",\"@graph\":[{\"@type\":\"WebPage\",\"@id\":\"https:\/\/qimiq.ch\/qimiq-fuer-profis\/chefkoeche\/chefkoch-rezepte\/spargelsouffle-von-reinhard-muller\/\",\"url\":\"https:\/\/qimiq.ch\/qimiq-fuer-profis\/chefkoeche\/chefkoch-rezepte\/spargelsouffle-von-reinhard-muller\/\",\"name\":\"Spargelsouffl\u00e9 von Reinhard M\u00fcller - QimiQ Schweiz\",\"isPartOf\":{\"@id\":\"https:\/\/qimiq.ch\/en\/#website\"},\"primaryImageOfPage\":{\"@id\":\"https:\/\/qimiq.ch\/qimiq-fuer-profis\/chefkoeche\/chefkoch-rezepte\/spargelsouffle-von-reinhard-muller\/#primaryimage\"},\"image\":{\"@id\":\"https:\/\/qimiq.ch\/qimiq-fuer-profis\/chefkoeche\/chefkoch-rezepte\/spargelsouffle-von-reinhard-muller\/#primaryimage\"},\"thumbnailUrl\":\"https:\/\/qimiq.ch\/wp-content\/uploads\/sites\/4\/CR-Spargelsouffle.jpg\",\"datePublished\":\"2022-10-05T12:55:33+00:00\",\"dateModified\":\"2023-07-20T13:39:24+00:00\",\"breadcrumb\":{\"@id\":\"https:\/\/qimiq.ch\/qimiq-fuer-profis\/chefkoeche\/chefkoch-rezepte\/spargelsouffle-von-reinhard-muller\/#breadcrumb\"},\"inLanguage\":\"fr-FR\",\"potentialAction\":[{\"@type\":\"ReadAction\",\"target\":[\"https:\/\/qimiq.ch\/qimiq-fuer-profis\/chefkoeche\/chefkoch-rezepte\/spargelsouffle-von-reinhard-muller\/\"]}]},{\"@type\":\"ImageObject\",\"inLanguage\":\"fr-FR\",\"@id\":\"https:\/\/qimiq.ch\/qimiq-fuer-profis\/chefkoeche\/chefkoch-rezepte\/spargelsouffle-von-reinhard-muller\/#primaryimage\",\"url\":\"https:\/\/qimiq.ch\/wp-content\/uploads\/sites\/4\/CR-Spargelsouffle.jpg\",\"contentUrl\":\"https:\/\/qimiq.ch\/wp-content\/uploads\/sites\/4\/CR-Spargelsouffle.jpg\",\"width\":500,\"height\":333,\"caption\":\"CR Spargelsouffle\"},{\"@type\":\"BreadcrumbList\",\"@id\":\"https:\/\/qimiq.ch\/qimiq-fuer-profis\/chefkoeche\/chefkoch-rezepte\/spargelsouffle-von-reinhard-muller\/#breadcrumb\",\"itemListElement\":[{\"@type\":\"ListItem\",\"position\":1,\"name\":\"Home\",\"item\":\"https:\/\/qimiq.ch\/\"},{\"@type\":\"ListItem\",\"position\":2,\"name\":\"QimiQ f\u00fcr PROFIS\",\"item\":\"https:\/\/qimiq.ch\/qimiq-fuer-profis\/\"},{\"@type\":\"ListItem\",\"position\":3,\"name\":\"Chefk\u00f6che\",\"item\":\"https:\/\/qimiq.ch\/qimiq-fuer-profis\/chefkoeche\/\"},{\"@type\":\"ListItem\",\"position\":4,\"name\":\"Chefkoch Rezepte\",\"item\":\"https:\/\/qimiq.ch\/qimiq-fuer-profis\/chefkoeche\/chefkoch-rezepte\/\"},{\"@type\":\"ListItem\",\"position\":5,\"name\":\"Spargelsouffl\u00e9 von Reinhard M\u00fcller\"}]},{\"@type\":\"WebSite\",\"@id\":\"https:\/\/qimiq.ch\/en\/#website\",\"url\":\"https:\/\/qimiq.ch\/en\/\",\"name\":\"QimiQ Schweiz\",\"description\":\"\",\"publisher\":{\"@id\":\"https:\/\/qimiq.ch\/en\/#organization\"},\"potentialAction\":[{\"@type\":\"SearchAction\",\"target\":{\"@type\":\"EntryPoint\",\"urlTemplate\":\"https:\/\/qimiq.ch\/en\/?s={search_term_string}\"},\"query-input\":{\"@type\":\"PropertyValueSpecification\",\"valueRequired\":true,\"valueName\":\"search_term_string\"}}],\"inLanguage\":\"fr-FR\"},{\"@type\":\"Organization\",\"@id\":\"https:\/\/qimiq.ch\/en\/#organization\",\"name\":\"QimiQ Schweiz\",\"url\":\"https:\/\/qimiq.ch\/en\/\",\"logo\":{\"@type\":\"ImageObject\",\"inLanguage\":\"fr-FR\",\"@id\":\"https:\/\/qimiq.ch\/en\/#\/schema\/logo\/image\/\",\"url\":\"https:\/\/qimiq.ch\/wp-content\/uploads\/sites\/4\/AdobeStock_300763099_Video_HD_Preview.png\",\"contentUrl\":\"https:\/\/qimiq.ch\/wp-content\/uploads\/sites\/4\/AdobeStock_300763099_Video_HD_Preview.png\",\"width\":712,\"height\":401,\"caption\":\"QimiQ Schweiz\"},\"image\":{\"@id\":\"https:\/\/qimiq.ch\/en\/#\/schema\/logo\/image\/\"},\"sameAs\":[\"https:\/\/www.facebook.com\/QimiQWorld\/\",\"https:\/\/www.facebook.com\/QimiQProfessionals\/\",\"https:\/\/www.instagram.com\/qimiq_austria\/\"]}]}<\/script>\n<!-- \/ Yoast SEO Premium plugin. -->","yoast_head_json":{"title":"Souffl\u00e9 aux asperges de Reinhard M\u00fcller - QimiQ Suisse","robots":{"index":"index","follow":"follow","max-snippet":"max-snippet:-1","max-image-preview":"max-image-preview:large","max-video-preview":"max-video-preview:-1"},"canonical":"https:\/\/qimiq.ch\/fr\/qimiq-pour-les-professionnels\/chef-cuisinier\/recettes-de-chef\/souffle-aux-asperges-de-reinhard-muller\/","og_locale":"fr_FR","og_type":"article","og_title":"Spargelsouffl\u00e9 von Reinhard M\u00fcller","og_url":"https:\/\/qimiq.ch\/fr\/qimiq-pour-les-professionnels\/chef-cuisinier\/recettes-de-chef\/souffle-aux-asperges-de-reinhard-muller\/","og_site_name":"QimiQ Schweiz","article_publisher":"https:\/\/www.facebook.com\/QimiQWorld\/","article_modified_time":"2023-07-20T13:39:24+00:00","og_image":[{"width":500,"height":333,"url":"https:\/\/qimiq.ch\/wp-content\/uploads\/sites\/4\/CR-Spargelsouffle.jpg","type":"image\/jpeg"}],"twitter_card":"summary_large_image","schema":{"@context":"https:\/\/schema.org","@graph":[{"@type":"WebPage","@id":"https:\/\/qimiq.ch\/qimiq-fuer-profis\/chefkoeche\/chefkoch-rezepte\/spargelsouffle-von-reinhard-muller\/","url":"https:\/\/qimiq.ch\/qimiq-fuer-profis\/chefkoeche\/chefkoch-rezepte\/spargelsouffle-von-reinhard-muller\/","name":"Souffl\u00e9 aux asperges de Reinhard M\u00fcller - QimiQ Suisse","isPartOf":{"@id":"https:\/\/qimiq.ch\/en\/#website"},"primaryImageOfPage":{"@id":"https:\/\/qimiq.ch\/qimiq-fuer-profis\/chefkoeche\/chefkoch-rezepte\/spargelsouffle-von-reinhard-muller\/#primaryimage"},"image":{"@id":"https:\/\/qimiq.ch\/qimiq-fuer-profis\/chefkoeche\/chefkoch-rezepte\/spargelsouffle-von-reinhard-muller\/#primaryimage"},"thumbnailUrl":"https:\/\/qimiq.ch\/wp-content\/uploads\/sites\/4\/CR-Spargelsouffle.jpg","datePublished":"2022-10-05T12:55:33+00:00","dateModified":"2023-07-20T13:39:24+00:00","breadcrumb":{"@id":"https:\/\/qimiq.ch\/qimiq-fuer-profis\/chefkoeche\/chefkoch-rezepte\/spargelsouffle-von-reinhard-muller\/#breadcrumb"},"inLanguage":"fr-FR","potentialAction":[{"@type":"ReadAction","target":["https:\/\/qimiq.ch\/qimiq-fuer-profis\/chefkoeche\/chefkoch-rezepte\/spargelsouffle-von-reinhard-muller\/"]}]},{"@type":"ImageObject","inLanguage":"fr-FR","@id":"https:\/\/qimiq.ch\/qimiq-fuer-profis\/chefkoeche\/chefkoch-rezepte\/spargelsouffle-von-reinhard-muller\/#primaryimage","url":"https:\/\/qimiq.ch\/wp-content\/uploads\/sites\/4\/CR-Spargelsouffle.jpg","contentUrl":"https:\/\/qimiq.ch\/wp-content\/uploads\/sites\/4\/CR-Spargelsouffle.jpg","width":500,"height":333,"caption":"CR Spargelsouffle"},{"@type":"BreadcrumbList","@id":"https:\/\/qimiq.ch\/qimiq-fuer-profis\/chefkoeche\/chefkoch-rezepte\/spargelsouffle-von-reinhard-muller\/#breadcrumb","itemListElement":[{"@type":"ListItem","position":1,"name":"Home","item":"https:\/\/qimiq.ch\/"},{"@type":"ListItem","position":2,"name":"QimiQ f\u00fcr PROFIS","item":"https:\/\/qimiq.ch\/qimiq-fuer-profis\/"},{"@type":"ListItem","position":3,"name":"Chefk\u00f6che","item":"https:\/\/qimiq.ch\/qimiq-fuer-profis\/chefkoeche\/"},{"@type":"ListItem","position":4,"name":"Chefkoch Rezepte","item":"https:\/\/qimiq.ch\/qimiq-fuer-profis\/chefkoeche\/chefkoch-rezepte\/"},{"@type":"ListItem","position":5,"name":"Spargelsouffl\u00e9 von Reinhard M\u00fcller"}]},{"@type":"WebSite","@id":"https:\/\/qimiq.ch\/en\/#website","url":"https:\/\/qimiq.ch\/en\/","name":"QimiQ Suisse","description":"","publisher":{"@id":"https:\/\/qimiq.ch\/en\/#organization"},"potentialAction":[{"@type":"SearchAction","target":{"@type":"EntryPoint","urlTemplate":"https:\/\/qimiq.ch\/en\/?s={search_term_string}"},"query-input":{"@type":"PropertyValueSpecification","valueRequired":true,"valueName":"search_term_string"}}],"inLanguage":"fr-FR"},{"@type":"Organization","@id":"https:\/\/qimiq.ch\/en\/#organization","name":"QimiQ Suisse","url":"https:\/\/qimiq.ch\/en\/","logo":{"@type":"ImageObject","inLanguage":"fr-FR","@id":"https:\/\/qimiq.ch\/en\/#\/schema\/logo\/image\/","url":"https:\/\/qimiq.ch\/wp-content\/uploads\/sites\/4\/AdobeStock_300763099_Video_HD_Preview.png","contentUrl":"https:\/\/qimiq.ch\/wp-content\/uploads\/sites\/4\/AdobeStock_300763099_Video_HD_Preview.png","width":712,"height":401,"caption":"QimiQ Schweiz"},"image":{"@id":"https:\/\/qimiq.ch\/en\/#\/schema\/logo\/image\/"},"sameAs":["https:\/\/www.facebook.com\/QimiQWorld\/","https:\/\/www.facebook.com\/QimiQProfessionals\/","https:\/\/www.instagram.com\/qimiq_austria\/"]}]}},"_links":{"self":[{"href":"https:\/\/qimiq.ch\/fr\/wp-json\/wp\/v2\/pages\/1758","targetHints":{"allow":["GET"]}}],"collection":[{"href":"https:\/\/qimiq.ch\/fr\/wp-json\/wp\/v2\/pages"}],"about":[{"href":"https:\/\/qimiq.ch\/fr\/wp-json\/wp\/v2\/types\/page"}],"author":[{"embeddable":true,"href":"https:\/\/qimiq.ch\/fr\/wp-json\/wp\/v2\/users\/1"}],"replies":[{"embeddable":true,"href":"https:\/\/qimiq.ch\/fr\/wp-json\/wp\/v2\/comments?post=1758"}],"version-history":[{"count":3,"href":"https:\/\/qimiq.ch\/fr\/wp-json\/wp\/v2\/pages\/1758\/revisions"}],"predecessor-version":[{"id":2781,"href":"https:\/\/qimiq.ch\/fr\/wp-json\/wp\/v2\/pages\/1758\/revisions\/2781"}],"up":[{"embeddable":true,"href":"https:\/\/qimiq.ch\/fr\/wp-json\/wp\/v2\/pages\/682"}],"wp:featuredmedia":[{"embeddable":true,"href":"https:\/\/qimiq.ch\/fr\/wp-json\/wp\/v2\/media\/1759"}],"wp:attachment":[{"href":"https:\/\/qimiq.ch\/fr\/wp-json\/wp\/v2\/media?parent=1758"}],"curies":[{"name":"wp","href":"https:\/\/api.w.org\/{rel}","templated":true}]}}