{"id":1795,"date":"2022-10-06T13:43:11","date_gmt":"2022-10-06T12:43:11","guid":{"rendered":"https:\/\/qimiq.lightcyde\/?page_id=1795"},"modified":"2023-07-20T14:39:56","modified_gmt":"2023-07-20T13:39:56","slug":"poitrine-dagneau-avec-souffle-aux-pommes-de-terre-et-aux-noix-de-stefan-fuchs","status":"publish","type":"page","link":"https:\/\/qimiq.ch\/fr\/qimiq-pour-les-professionnels\/chef-cuisinier\/recettes-de-chef\/poitrine-dagneau-avec-souffle-aux-pommes-de-terre-et-aux-noix-de-stefan-fuchs\/","title":{"rendered":"Selle d'agneau et souffl\u00e9 aux patates douces de Stefan Fuchs"},"content":{"rendered":"<section id='lightpress__section--block_4a3d20fe6e2d9c7c01b7585fb5067689' class='lightpress__section--full-width lightpress__section--default-section-space lightpress__section lightpress__section--image-text' data-scroll-section><div class=\"image-text__container image-text__container-- image-text__container--mirrored\">\n                            <picture class=\"image-text__picture\"\n                 data-aos=\"fade-left\"\n                 data-aos-once=\"true\"\n                 data-aos-anchor=\"#lightpress__section--block_4a3d20fe6e2d9c7c01b7585fb5067689 .image-text__container\">\n            <source srcset=\"https:\/\/qimiq.ch\/wp-content\/uploads\/sites\/4\/CR-Lamm.webp\" type=\"image\/webp\">\n            <img decoding=\"async\" src=\"https:\/\/qimiq.ch\/wp-content\/uploads\/sites\/4\/CR-Lamm.jpg\" alt=\"CR Agneau\" \/>\n        <\/picture>\n    \n    <div class=\"image-text__text\">\n        \n                    <h2 class=\"text--medium text--55\" data-aos=\"fade-right\"\n                data-aos-once=\"true\"\n                data-aos-delay=\"100\"\n                data-aos-anchor=\"#lightpress__section--block_4a3d20fe6e2d9c7c01b7585fb5067689 .image-text__container\">Selle d'agneau et souffl\u00e9 aux patates douces de Stefan Fuchs<\/h2>\n        \n                    <div class=\"spacer--60\"><\/div>\n\n            <div data-aos=\"fade-right\" data-aos-once=\"true\"\n                 data-aos-delay=\"200\"\n                 data-aos-anchor=\"#lightpress__section--block_4a3d20fe6e2d9c7c01b7585fb5067689 .image-text__container\"><p>L'auberge Walser Saalachstube est une entreprise familiale exemplaire. La famille Fuchs en est \u00e0 sa troisi\u00e8me g\u00e9n\u00e9ration. Stefan Fuchs donne un coup de fouet \u00e0 la cuisine et veut faire revivre les plats traditionnels. Le champion d'\u00c9tat en apprentissage est seul en cuisine et r\u00e9dige chaque lundi une nouvelle carte. Pour vous, il a cr\u00e9\u00e9 une recette g'schmackig !<\/p>\n<\/div>\n        \n                    <div class=\"spacer--60\"><\/div>\n\n            <a class=\"qimiq-button\"\n               href=\"https:\/\/rdb.qimiq.ch\/de\/recipes\/2327\"\n               target=\"_blank\" data-aos=\"fade-right\" data-aos-once=\"true\"\n               data-aos-delay=\"300\"\n               data-aos-anchor=\"#lightpress__section--block_4a3d20fe6e2d9c7c01b7585fb5067689 .image-text__container\">D\u00e9couvrez la recette dans notre base de donn\u00e9es de recettes<\/a>\n            <\/div>\n<\/div>\n\n<\/section>\n\n<section id='lightpress__section--block_f22f08151b9e2ee874fe984e8b1ae25a' class='lightpress__section--cow-headline--medium lightpress__section--default-section-space lightpress__section lightpress__section--cow-headline' data-scroll-section><div class=\"cow-headline__container cow-headline__container--hide-bottom-margin\">\n        <h3 data-aos=\"fade-right\" class=\"cow-headline__headline\"\n    data-aos-once=\"true\">Ingr\u00e9dients pour 4 portions<\/h3>\n<picture class=\"cow-headline__picture\"\n         data-aos=\"fade-left\"\n         data-aos-once=\"true\">\n    <source srcset=\"\/wp-content\/themes\/qimiq\/blocks\/cow-headline\/cow.png.webp\" type=\"image\/webp\">\n    <img decoding=\"async\" src=\"\/wp-content\/themes\/qimiq\/blocks\/cow-headline\/cow.png\" alt=\"Vache\">\n<\/picture>\n<\/div>\n\n<\/section>\n\n<section id='lightpress__section--block_39dcd748d38b2afb99b3273e5acabc9e' class='lightpress__section--wysiwyg-medium lightpress__section--default-section-space lightpress__section lightpress__section--wysiwyg' data-scroll-section><div class=\"wysiwyg-columns wysiwyg-columns--2\">\n            <div class=\"wysiwyg-columns__content\" data-aos=\"fade-right\"\n             data-aos-once=\"true\"><p><strong>Pour le souffl\u00e9 aux patates douces<\/strong><\/p>\n<ul>\n<li>125 g de QimiQ Classic<\/li>\n<li>400 g de patates douces<\/li>\n<li>Huile d'olive<\/li>\n<li>Sel<\/li>\n<li>1 \u0153uf(s)<\/li>\n<li>10 g de f\u00e9cule de ma\u00efs<\/li>\n<li>1 pointe de couteau de curcuma s\u00e9ch\u00e9<\/li>\n<li>poivre noir<\/li>\n<\/ul>\n<\/div>\n            <div class=\"wysiwyg-columns__content\" data-aos=\"fade-left\"\n             data-aos-once=\"true\"><p><strong>Pour la selle d'agneau<\/strong><\/p>\n<ul>\n<li>700 g de carr\u00e9 d'agneau<\/li>\n<li>Sel<\/li>\n<li>poivre noir<\/li>\n<li>40 g d'huile d'olive<\/li>\n<\/ul>\n<\/div>\n    <\/div>\n\n<\/section>\n\n<section id='lightpress__section--block_87fc7cc884d635bf56a7be2b958ffeec' class='lightpress__section--cow-headline--medium lightpress__section--default-section-space lightpress__section lightpress__section--cow-headline' data-scroll-section><div class=\"cow-headline__container cow-headline__container--hide-bottom-margin\">\n        <h3 data-aos=\"fade-right\" class=\"cow-headline__headline\"\n    data-aos-once=\"true\">Pr\u00e9paration<\/h3>\n<picture class=\"cow-headline__picture\"\n         data-aos=\"fade-left\"\n         data-aos-once=\"true\">\n    <source srcset=\"\/wp-content\/themes\/qimiq\/blocks\/cow-headline\/cow.png.webp\" type=\"image\/webp\">\n    <img decoding=\"async\" src=\"\/wp-content\/themes\/qimiq\/blocks\/cow-headline\/cow.png\" alt=\"Vache\">\n<\/picture>\n<\/div>\n\n<\/section>\n\n<section id='lightpress__section--block_7918f0a9f9088d4ca8b4815bdbcf7f8d' class='lightpress__section--wysiwyg-medium lightpress__section--default-section-space lightpress__section lightpress__section--wysiwyg' data-scroll-section><div class=\"wysiwyg-columns wysiwyg-columns--1\">\n            <div class=\"wysiwyg-columns__content\" data-aos=\"fade-right\"\n             data-aos-once=\"true\"><ol>\n<li><strong>Pour le souffl\u00e9 :<\/strong><span>\u00a0<\/span>Laver et s\u00e9cher les patates douces, les frotter avec de l'huile d'olive et du sel, les envelopper dans une feuille d'aluminium et les faire braiser jusqu'\u00e0 ce qu'elles soient tendres dans un four pr\u00e9chauff\u00e9 \u00e0 170 \u00b0C (chaleur tournante).<\/li>\n<li>Laisser refroidir et gratter les pommes de terre de leur peau.<\/li>\n<li>M\u00e9langer le QimiQ Classic non refroidi avec l'\u0153uf, la f\u00e9cule, les \u00e9pices et les patates douces et verser dans des moules \u00e0 souffl\u00e9 graiss\u00e9s.<\/li>\n<li>Cuire dans un four pr\u00e9chauff\u00e9 \u00e0 160 \u00b0C (chaleur tournante) pendant environ 25-30 minutes.<\/li>\n<li>Retirer les peaux et la graisse de la selle d'agneau. Saler et poivrer la viande, la saisir \u00e0 feu vif dans une po\u00eale avec de l'huile d'olive et poursuivre la cuisson pendant environ 8 minutes dans un four pr\u00e9chauff\u00e9 \u00e0 160 \u00b0C (chaleur tournante).<\/li>\n<li>Laisser reposer un peu le carr\u00e9 d'agneau, le d\u00e9couper et le dresser avec le souffl\u00e9 de patates douces.<\/li>\n<\/ol>\n<\/div>\n    <\/div>\n\n<\/section>","protected":false},"excerpt":{"rendered":"","protected":false},"author":1,"featured_media":1759,"parent":682,"menu_order":0,"comment_status":"closed","ping_status":"closed","template":"","meta":{"_acf_changed":false,"_relevanssi_hide_post":"","_relevanssi_hide_content":"","_relevanssi_pin_for_all":"","_relevanssi_pin_keywords":"","_relevanssi_unpin_keywords":"","_relevanssi_related_keywords":"","_relevanssi_related_include_ids":"","_relevanssi_related_exclude_ids":"","_relevanssi_related_no_append":"","_relevanssi_related_not_related":"","_relevanssi_related_posts":"","_relevanssi_noindex_reason":"","footnotes":""},"class_list":["post-1795","page","type-page","status-publish","has-post-thumbnail","hentry"],"acf":[],"yoast_head":"<!-- This site is optimized with the Yoast SEO Premium plugin v26.6 (Yoast SEO v26.8) - https:\/\/yoast.com\/product\/yoast-seo-premium-wordpress\/ -->\n<title>Lammr\u00fccken mit S\u00fcsskartoffelsouffl\u00e9 von Stefan Fuchs - QimiQ Schweiz<\/title>\n<meta name=\"robots\" content=\"index, follow, max-snippet:-1, max-image-preview:large, max-video-preview:-1\" \/>\n<link rel=\"canonical\" href=\"https:\/\/qimiq.ch\/fr\/qimiq-pour-les-professionnels\/chef-cuisinier\/recettes-de-chef\/poitrine-dagneau-avec-souffle-aux-pommes-de-terre-et-aux-noix-de-stefan-fuchs\/\" \/>\n<meta property=\"og:locale\" content=\"fr_FR\" \/>\n<meta property=\"og:type\" content=\"article\" \/>\n<meta property=\"og:title\" content=\"Lammr\u00fccken mit S\u00fcsskartoffelsouffl\u00e9 von Stefan Fuchs\" \/>\n<meta property=\"og:url\" content=\"https:\/\/qimiq.ch\/fr\/qimiq-pour-les-professionnels\/chef-cuisinier\/recettes-de-chef\/poitrine-dagneau-avec-souffle-aux-pommes-de-terre-et-aux-noix-de-stefan-fuchs\/\" \/>\n<meta property=\"og:site_name\" content=\"QimiQ Schweiz\" \/>\n<meta property=\"article:publisher\" content=\"https:\/\/www.facebook.com\/QimiQWorld\/\" \/>\n<meta property=\"article:modified_time\" content=\"2023-07-20T13:39:56+00:00\" \/>\n<meta property=\"og:image\" content=\"https:\/\/qimiq.ch\/wp-content\/uploads\/sites\/4\/CR-Spargelsouffle.jpg\" \/>\n\t<meta property=\"og:image:width\" content=\"500\" \/>\n\t<meta property=\"og:image:height\" content=\"333\" \/>\n\t<meta property=\"og:image:type\" content=\"image\/jpeg\" \/>\n<meta name=\"twitter:card\" content=\"summary_large_image\" \/>\n<script type=\"application\/ld+json\" class=\"yoast-schema-graph\">{\"@context\":\"https:\/\/schema.org\",\"@graph\":[{\"@type\":\"WebPage\",\"@id\":\"https:\/\/qimiq.ch\/qimiq-fuer-profis\/chefkoeche\/chefkoch-rezepte\/lammrucken-mit-susskartoffelsouffle-von-stefan-fuchs\/\",\"url\":\"https:\/\/qimiq.ch\/qimiq-fuer-profis\/chefkoeche\/chefkoch-rezepte\/lammrucken-mit-susskartoffelsouffle-von-stefan-fuchs\/\",\"name\":\"Lammr\u00fccken mit S\u00fcsskartoffelsouffl\u00e9 von Stefan Fuchs - QimiQ Schweiz\",\"isPartOf\":{\"@id\":\"https:\/\/qimiq.ch\/en\/#website\"},\"primaryImageOfPage\":{\"@id\":\"https:\/\/qimiq.ch\/qimiq-fuer-profis\/chefkoeche\/chefkoch-rezepte\/lammrucken-mit-susskartoffelsouffle-von-stefan-fuchs\/#primaryimage\"},\"image\":{\"@id\":\"https:\/\/qimiq.ch\/qimiq-fuer-profis\/chefkoeche\/chefkoch-rezepte\/lammrucken-mit-susskartoffelsouffle-von-stefan-fuchs\/#primaryimage\"},\"thumbnailUrl\":\"https:\/\/qimiq.ch\/wp-content\/uploads\/sites\/4\/CR-Spargelsouffle.jpg\",\"datePublished\":\"2022-10-06T12:43:11+00:00\",\"dateModified\":\"2023-07-20T13:39:56+00:00\",\"breadcrumb\":{\"@id\":\"https:\/\/qimiq.ch\/qimiq-fuer-profis\/chefkoeche\/chefkoch-rezepte\/lammrucken-mit-susskartoffelsouffle-von-stefan-fuchs\/#breadcrumb\"},\"inLanguage\":\"fr-FR\",\"potentialAction\":[{\"@type\":\"ReadAction\",\"target\":[\"https:\/\/qimiq.ch\/qimiq-fuer-profis\/chefkoeche\/chefkoch-rezepte\/lammrucken-mit-susskartoffelsouffle-von-stefan-fuchs\/\"]}]},{\"@type\":\"ImageObject\",\"inLanguage\":\"fr-FR\",\"@id\":\"https:\/\/qimiq.ch\/qimiq-fuer-profis\/chefkoeche\/chefkoch-rezepte\/lammrucken-mit-susskartoffelsouffle-von-stefan-fuchs\/#primaryimage\",\"url\":\"https:\/\/qimiq.ch\/wp-content\/uploads\/sites\/4\/CR-Spargelsouffle.jpg\",\"contentUrl\":\"https:\/\/qimiq.ch\/wp-content\/uploads\/sites\/4\/CR-Spargelsouffle.jpg\",\"width\":500,\"height\":333,\"caption\":\"CR Spargelsouffle\"},{\"@type\":\"BreadcrumbList\",\"@id\":\"https:\/\/qimiq.ch\/qimiq-fuer-profis\/chefkoeche\/chefkoch-rezepte\/lammrucken-mit-susskartoffelsouffle-von-stefan-fuchs\/#breadcrumb\",\"itemListElement\":[{\"@type\":\"ListItem\",\"position\":1,\"name\":\"Home\",\"item\":\"https:\/\/qimiq.ch\/\"},{\"@type\":\"ListItem\",\"position\":2,\"name\":\"QimiQ f\u00fcr PROFIS\",\"item\":\"https:\/\/qimiq.ch\/qimiq-fuer-profis\/\"},{\"@type\":\"ListItem\",\"position\":3,\"name\":\"Chefk\u00f6che\",\"item\":\"https:\/\/qimiq.ch\/qimiq-fuer-profis\/chefkoeche\/\"},{\"@type\":\"ListItem\",\"position\":4,\"name\":\"Chefkoch Rezepte\",\"item\":\"https:\/\/qimiq.ch\/qimiq-fuer-profis\/chefkoeche\/chefkoch-rezepte\/\"},{\"@type\":\"ListItem\",\"position\":5,\"name\":\"Lammr\u00fccken mit S\u00fcsskartoffelsouffl\u00e9 von Stefan Fuchs\"}]},{\"@type\":\"WebSite\",\"@id\":\"https:\/\/qimiq.ch\/en\/#website\",\"url\":\"https:\/\/qimiq.ch\/en\/\",\"name\":\"QimiQ Schweiz\",\"description\":\"\",\"publisher\":{\"@id\":\"https:\/\/qimiq.ch\/en\/#organization\"},\"potentialAction\":[{\"@type\":\"SearchAction\",\"target\":{\"@type\":\"EntryPoint\",\"urlTemplate\":\"https:\/\/qimiq.ch\/en\/?s={search_term_string}\"},\"query-input\":{\"@type\":\"PropertyValueSpecification\",\"valueRequired\":true,\"valueName\":\"search_term_string\"}}],\"inLanguage\":\"fr-FR\"},{\"@type\":\"Organization\",\"@id\":\"https:\/\/qimiq.ch\/en\/#organization\",\"name\":\"QimiQ Schweiz\",\"url\":\"https:\/\/qimiq.ch\/en\/\",\"logo\":{\"@type\":\"ImageObject\",\"inLanguage\":\"fr-FR\",\"@id\":\"https:\/\/qimiq.ch\/en\/#\/schema\/logo\/image\/\",\"url\":\"https:\/\/qimiq.ch\/wp-content\/uploads\/sites\/4\/AdobeStock_300763099_Video_HD_Preview.png\",\"contentUrl\":\"https:\/\/qimiq.ch\/wp-content\/uploads\/sites\/4\/AdobeStock_300763099_Video_HD_Preview.png\",\"width\":712,\"height\":401,\"caption\":\"QimiQ Schweiz\"},\"image\":{\"@id\":\"https:\/\/qimiq.ch\/en\/#\/schema\/logo\/image\/\"},\"sameAs\":[\"https:\/\/www.facebook.com\/QimiQWorld\/\",\"https:\/\/www.facebook.com\/QimiQProfessionals\/\",\"https:\/\/www.instagram.com\/qimiq_austria\/\"]}]}<\/script>\n<!-- \/ Yoast SEO Premium plugin. -->","yoast_head_json":{"title":"Carr\u00e9 d'agneau avec souffl\u00e9 aux patates douces de Stefan Fuchs - QimiQ Suisse","robots":{"index":"index","follow":"follow","max-snippet":"max-snippet:-1","max-image-preview":"max-image-preview:large","max-video-preview":"max-video-preview:-1"},"canonical":"https:\/\/qimiq.ch\/fr\/qimiq-pour-les-professionnels\/chef-cuisinier\/recettes-de-chef\/poitrine-dagneau-avec-souffle-aux-pommes-de-terre-et-aux-noix-de-stefan-fuchs\/","og_locale":"fr_FR","og_type":"article","og_title":"Lammr\u00fccken mit S\u00fcsskartoffelsouffl\u00e9 von Stefan Fuchs","og_url":"https:\/\/qimiq.ch\/fr\/qimiq-pour-les-professionnels\/chef-cuisinier\/recettes-de-chef\/poitrine-dagneau-avec-souffle-aux-pommes-de-terre-et-aux-noix-de-stefan-fuchs\/","og_site_name":"QimiQ Schweiz","article_publisher":"https:\/\/www.facebook.com\/QimiQWorld\/","article_modified_time":"2023-07-20T13:39:56+00:00","og_image":[{"width":500,"height":333,"url":"https:\/\/qimiq.ch\/wp-content\/uploads\/sites\/4\/CR-Spargelsouffle.jpg","type":"image\/jpeg"}],"twitter_card":"summary_large_image","schema":{"@context":"https:\/\/schema.org","@graph":[{"@type":"WebPage","@id":"https:\/\/qimiq.ch\/qimiq-fuer-profis\/chefkoeche\/chefkoch-rezepte\/lammrucken-mit-susskartoffelsouffle-von-stefan-fuchs\/","url":"https:\/\/qimiq.ch\/qimiq-fuer-profis\/chefkoeche\/chefkoch-rezepte\/lammrucken-mit-susskartoffelsouffle-von-stefan-fuchs\/","name":"Carr\u00e9 d'agneau avec souffl\u00e9 aux patates douces de Stefan Fuchs - QimiQ Suisse","isPartOf":{"@id":"https:\/\/qimiq.ch\/en\/#website"},"primaryImageOfPage":{"@id":"https:\/\/qimiq.ch\/qimiq-fuer-profis\/chefkoeche\/chefkoch-rezepte\/lammrucken-mit-susskartoffelsouffle-von-stefan-fuchs\/#primaryimage"},"image":{"@id":"https:\/\/qimiq.ch\/qimiq-fuer-profis\/chefkoeche\/chefkoch-rezepte\/lammrucken-mit-susskartoffelsouffle-von-stefan-fuchs\/#primaryimage"},"thumbnailUrl":"https:\/\/qimiq.ch\/wp-content\/uploads\/sites\/4\/CR-Spargelsouffle.jpg","datePublished":"2022-10-06T12:43:11+00:00","dateModified":"2023-07-20T13:39:56+00:00","breadcrumb":{"@id":"https:\/\/qimiq.ch\/qimiq-fuer-profis\/chefkoeche\/chefkoch-rezepte\/lammrucken-mit-susskartoffelsouffle-von-stefan-fuchs\/#breadcrumb"},"inLanguage":"fr-FR","potentialAction":[{"@type":"ReadAction","target":["https:\/\/qimiq.ch\/qimiq-fuer-profis\/chefkoeche\/chefkoch-rezepte\/lammrucken-mit-susskartoffelsouffle-von-stefan-fuchs\/"]}]},{"@type":"ImageObject","inLanguage":"fr-FR","@id":"https:\/\/qimiq.ch\/qimiq-fuer-profis\/chefkoeche\/chefkoch-rezepte\/lammrucken-mit-susskartoffelsouffle-von-stefan-fuchs\/#primaryimage","url":"https:\/\/qimiq.ch\/wp-content\/uploads\/sites\/4\/CR-Spargelsouffle.jpg","contentUrl":"https:\/\/qimiq.ch\/wp-content\/uploads\/sites\/4\/CR-Spargelsouffle.jpg","width":500,"height":333,"caption":"CR Spargelsouffle"},{"@type":"BreadcrumbList","@id":"https:\/\/qimiq.ch\/qimiq-fuer-profis\/chefkoeche\/chefkoch-rezepte\/lammrucken-mit-susskartoffelsouffle-von-stefan-fuchs\/#breadcrumb","itemListElement":[{"@type":"ListItem","position":1,"name":"Home","item":"https:\/\/qimiq.ch\/"},{"@type":"ListItem","position":2,"name":"QimiQ f\u00fcr PROFIS","item":"https:\/\/qimiq.ch\/qimiq-fuer-profis\/"},{"@type":"ListItem","position":3,"name":"Chefk\u00f6che","item":"https:\/\/qimiq.ch\/qimiq-fuer-profis\/chefkoeche\/"},{"@type":"ListItem","position":4,"name":"Chefkoch Rezepte","item":"https:\/\/qimiq.ch\/qimiq-fuer-profis\/chefkoeche\/chefkoch-rezepte\/"},{"@type":"ListItem","position":5,"name":"Lammr\u00fccken mit S\u00fcsskartoffelsouffl\u00e9 von Stefan Fuchs"}]},{"@type":"WebSite","@id":"https:\/\/qimiq.ch\/en\/#website","url":"https:\/\/qimiq.ch\/en\/","name":"QimiQ Suisse","description":"","publisher":{"@id":"https:\/\/qimiq.ch\/en\/#organization"},"potentialAction":[{"@type":"SearchAction","target":{"@type":"EntryPoint","urlTemplate":"https:\/\/qimiq.ch\/en\/?s={search_term_string}"},"query-input":{"@type":"PropertyValueSpecification","valueRequired":true,"valueName":"search_term_string"}}],"inLanguage":"fr-FR"},{"@type":"Organization","@id":"https:\/\/qimiq.ch\/en\/#organization","name":"QimiQ Suisse","url":"https:\/\/qimiq.ch\/en\/","logo":{"@type":"ImageObject","inLanguage":"fr-FR","@id":"https:\/\/qimiq.ch\/en\/#\/schema\/logo\/image\/","url":"https:\/\/qimiq.ch\/wp-content\/uploads\/sites\/4\/AdobeStock_300763099_Video_HD_Preview.png","contentUrl":"https:\/\/qimiq.ch\/wp-content\/uploads\/sites\/4\/AdobeStock_300763099_Video_HD_Preview.png","width":712,"height":401,"caption":"QimiQ Schweiz"},"image":{"@id":"https:\/\/qimiq.ch\/en\/#\/schema\/logo\/image\/"},"sameAs":["https:\/\/www.facebook.com\/QimiQWorld\/","https:\/\/www.facebook.com\/QimiQProfessionals\/","https:\/\/www.instagram.com\/qimiq_austria\/"]}]}},"_links":{"self":[{"href":"https:\/\/qimiq.ch\/fr\/wp-json\/wp\/v2\/pages\/1795","targetHints":{"allow":["GET"]}}],"collection":[{"href":"https:\/\/qimiq.ch\/fr\/wp-json\/wp\/v2\/pages"}],"about":[{"href":"https:\/\/qimiq.ch\/fr\/wp-json\/wp\/v2\/types\/page"}],"author":[{"embeddable":true,"href":"https:\/\/qimiq.ch\/fr\/wp-json\/wp\/v2\/users\/1"}],"replies":[{"embeddable":true,"href":"https:\/\/qimiq.ch\/fr\/wp-json\/wp\/v2\/comments?post=1795"}],"version-history":[{"count":3,"href":"https:\/\/qimiq.ch\/fr\/wp-json\/wp\/v2\/pages\/1795\/revisions"}],"predecessor-version":[{"id":2784,"href":"https:\/\/qimiq.ch\/fr\/wp-json\/wp\/v2\/pages\/1795\/revisions\/2784"}],"up":[{"embeddable":true,"href":"https:\/\/qimiq.ch\/fr\/wp-json\/wp\/v2\/pages\/682"}],"wp:featuredmedia":[{"embeddable":true,"href":"https:\/\/qimiq.ch\/fr\/wp-json\/wp\/v2\/media\/1759"}],"wp:attachment":[{"href":"https:\/\/qimiq.ch\/fr\/wp-json\/wp\/v2\/media?parent=1795"}],"curies":[{"name":"wp","href":"https:\/\/api.w.org\/{rel}","templated":true}]}}