{"id":1803,"date":"2022-10-06T13:45:51","date_gmt":"2022-10-06T12:45:51","guid":{"rendered":"https:\/\/qimiq.lightcyde\/?page_id=1803"},"modified":"2023-07-20T14:40:23","modified_gmt":"2023-07-20T13:40:23","slug":"omble-chevalier-pommes-de-terre-et-brocoli-de-roman-wurzer","status":"publish","type":"page","link":"https:\/\/qimiq.ch\/fr\/qimiq-pour-les-professionnels\/chef-cuisinier\/recettes-de-chef\/omble-chevalier-pommes-de-terre-et-brocoli-de-roman-wurzer\/","title":{"rendered":"Omble chevalier \/\/ patate douce \/\/ brocoli de Roman Wurzer"},"content":{"rendered":"<section id='lightpress__section--block_ef7a9e75ab0ad43937c893615de52a67' class='lightpress__section--full-width lightpress__section--default-section-space lightpress__section lightpress__section--image-text' data-scroll-section><div class=\"image-text__container image-text__container-- image-text__container--mirrored\">\n                            <picture class=\"image-text__picture\"\n                 data-aos=\"fade-left\"\n                 data-aos-once=\"true\"\n                 data-aos-anchor=\"#lightpress__section--block_ef7a9e75ab0ad43937c893615de52a67 .image-text__container\">\n            <source srcset=\"https:\/\/qimiq.ch\/wp-content\/uploads\/sites\/4\/CR-Seesaibling-1.webp\" type=\"image\/webp\">\n            <img decoding=\"async\" src=\"https:\/\/qimiq.ch\/wp-content\/uploads\/sites\/4\/CR-Seesaibling-1.jpg\" alt=\"CR Omble chevalier 1\" \/>\n        <\/picture>\n    \n    <div class=\"image-text__text\">\n        \n                    <h2 class=\"text--medium text--55\" data-aos=\"fade-right\"\n                data-aos-once=\"true\"\n                data-aos-delay=\"100\"\n                data-aos-anchor=\"#lightpress__section--block_ef7a9e75ab0ad43937c893615de52a67 .image-text__container\">Omble chevalier \/\/ patate douce \/\/ brocoli de Roman Wurzer<\/h2>\n        \n                    <div class=\"spacer--60\"><\/div>\n\n            <div data-aos=\"fade-right\" data-aos-once=\"true\"\n                 data-aos-delay=\"200\"\n                 data-aos-anchor=\"#lightpress__section--block_ef7a9e75ab0ad43937c893615de52a67 .image-text__container\"><p>Le chef cuisinier Roman Wurzer a fait ses classes chez Andreas D\u00f6llerer, Walter Eselb\u00f6ck et Joachim Wissler. Sa devise est 'Retour aux racines de Vienne' et son assiette est compos\u00e9e de plats honn\u00eates et divins qui sont non seulement pr\u00e9sent\u00e9s \u00e0 un haut niveau mais aussi pr\u00e9par\u00e9s avec beaucoup de finesse. Aujourd'hui, il vous pr\u00e9sente un plat sensationnel !<\/p>\n<\/div>\n        \n                    <div class=\"spacer--60\"><\/div>\n\n            <a class=\"qimiq-button\"\n               href=\"https:\/\/rdb.qimiq.ch\/de\/recipes\/4399\"\n               target=\"_blank\" data-aos=\"fade-right\" data-aos-once=\"true\"\n               data-aos-delay=\"300\"\n               data-aos-anchor=\"#lightpress__section--block_ef7a9e75ab0ad43937c893615de52a67 .image-text__container\">D\u00e9couvrez la recette dans notre base de donn\u00e9es de recettes<\/a>\n            <\/div>\n<\/div>\n\n<\/section>\n\n<section id='lightpress__section--block_088ca0b1a714f1a6a4864c6acb56464e' class='lightpress__section--cow-headline--medium lightpress__section--default-section-space lightpress__section lightpress__section--cow-headline' data-scroll-section><div class=\"cow-headline__container cow-headline__container--hide-bottom-margin\">\n        <h3 data-aos=\"fade-right\" class=\"cow-headline__headline\"\n    data-aos-once=\"true\">Ingr\u00e9dients pour 10 portions<\/h3>\n<picture class=\"cow-headline__picture\"\n         data-aos=\"fade-left\"\n         data-aos-once=\"true\">\n    <source srcset=\"\/wp-content\/themes\/qimiq\/blocks\/cow-headline\/cow.png.webp\" type=\"image\/webp\">\n    <img decoding=\"async\" src=\"\/wp-content\/themes\/qimiq\/blocks\/cow-headline\/cow.png\" alt=\"Vache\">\n<\/picture>\n<\/div>\n\n<\/section>\n\n<section id='lightpress__section--block_234e3a2733854f4b60c1951b170a1147' class='lightpress__section--wysiwyg-medium lightpress__section--default-section-space lightpress__section lightpress__section--wysiwyg' data-scroll-section><div class=\"wysiwyg-columns wysiwyg-columns--2\">\n            <div class=\"wysiwyg-columns__content\" data-aos=\"fade-right\"\n             data-aos-once=\"true\"><p><strong>Pour le flan de brocoli<\/strong><\/p>\n<ul>\n<li>110 g de base de sauce QimiQ<\/li>\n<li>350 g de brocoli, blanchi<\/li>\n<li>70 g de blanc d'\u0153uf<\/li>\n<li>80 g de brocoli, hach\u00e9<\/li>\n<li>40 g de beurre, fondu<\/li>\n<\/ul>\n<p>\u00a0<\/p>\n<p><strong>Pour le spuma de patates douces<\/strong><\/p>\n<ul>\n<li>200 g de base de sauce QimiQ<\/li>\n<li>200 ml de bouillon de l\u00e9gumes<\/li>\n<li>100 ml d'huile d'arachide<\/li>\n<li>10 g de curry en poudre<\/li>\n<li>600 g de patates douces, brais\u00e9es<\/li>\n<\/ul>\n<\/div>\n            <div class=\"wysiwyg-columns__content\" data-aos=\"fade-left\"\n             data-aos-once=\"true\"><p><strong>Pour la marinade<\/strong><\/p>\n<ul>\n<li>50 ml de vinaigre pour sushi<\/li>\n<li>20 ml de jus de citron vert<\/li>\n<li>20 g de sirop de sucre<\/li>\n<li>30 ml d'huile d'arachide<\/li>\n<li>80 ml d'huile de tournesol<\/li>\n<li>10 ml de sauce soja<\/li>\n<\/ul>\n<p>\u00a0<\/p>\n<p><strong>Pour le brocoli<\/strong><\/p>\n<ul>\n<li>100 g de brocoli, r\u00e2p\u00e9<\/li>\n<\/ul>\n<p>\u00a0<\/p>\n<p><strong>Pour le filet d'omble chevalier<\/strong><\/p>\n<ul>\n<li>10 filets d'omble chevalier de 120 g, coup\u00e9s en deux<\/li>\n<\/ul>\n<\/div>\n    <\/div>\n\n<\/section>\n\n<section id='lightpress__section--block_78a48b0d2b14d06197b8253c119bd6b0' class='lightpress__section--cow-headline--medium lightpress__section--default-section-space lightpress__section lightpress__section--cow-headline' data-scroll-section><div class=\"cow-headline__container cow-headline__container--hide-bottom-margin\">\n        <h3 data-aos=\"fade-right\" class=\"cow-headline__headline\"\n    data-aos-once=\"true\">Pr\u00e9paration<\/h3>\n<picture class=\"cow-headline__picture\"\n         data-aos=\"fade-left\"\n         data-aos-once=\"true\">\n    <source srcset=\"\/wp-content\/themes\/qimiq\/blocks\/cow-headline\/cow.png.webp\" type=\"image\/webp\">\n    <img decoding=\"async\" src=\"\/wp-content\/themes\/qimiq\/blocks\/cow-headline\/cow.png\" alt=\"Vache\">\n<\/picture>\n<\/div>\n\n<\/section>\n\n<section id='lightpress__section--block_d25ea821c5de795706b97cf8831cec49' class='lightpress__section--wysiwyg-medium lightpress__section--default-section-space lightpress__section lightpress__section--wysiwyg' data-scroll-section><div class=\"wysiwyg-columns wysiwyg-columns--1\">\n            <div class=\"wysiwyg-columns__content\" data-aos=\"fade-right\"\n             data-aos-once=\"true\"><ol>\n<li><strong>Pour le flan de brocoli :<\/strong><span>\u00a0<\/span>Bien m\u00e9langer tous les ingr\u00e9dients et rectifier l'assaisonnement. Verser la masse dans des moules graiss\u00e9s et cuire \u00e0 la vapeur \u00e0 95 \u00b0C pendant environ 15 minutes.<\/li>\n<li><strong>Pour le spuma de patates douces :<\/strong><span>\u00a0<\/span>\u00c9plucher les pommes de terre douces et les mixer finement avec le reste des ingr\u00e9dients dans le Thermomix \u00e0 80 \u00b0C. Verser dans un iSi Gourmet Whip, y visser une capsule de cr\u00e8me et bien agiter.<\/li>\n<li><strong>Pour la marinade :<\/strong><span>\u00a0<\/span>Bien m\u00e9langer tous les ingr\u00e9dients ensemble et faire mariner le brocoli avec la moiti\u00e9 de ces ingr\u00e9dients.<\/li>\n<li>Mariner les filets d'omble chevalier avec le reste de la marinade et les dresser avec le flan de brocoli, le spuma de patates douces et le brocoli marin\u00e9.<\/li>\n<\/ol>\n<\/div>\n    <\/div>\n\n<\/section>","protected":false},"excerpt":{"rendered":"","protected":false},"author":1,"featured_media":1759,"parent":682,"menu_order":0,"comment_status":"closed","ping_status":"closed","template":"","meta":{"_acf_changed":false,"_relevanssi_hide_post":"","_relevanssi_hide_content":"","_relevanssi_pin_for_all":"","_relevanssi_pin_keywords":"","_relevanssi_unpin_keywords":"","_relevanssi_related_keywords":"","_relevanssi_related_include_ids":"","_relevanssi_related_exclude_ids":"","_relevanssi_related_no_append":"","_relevanssi_related_not_related":"","_relevanssi_related_posts":"","_relevanssi_noindex_reason":"","footnotes":""},"class_list":["post-1803","page","type-page","status-publish","has-post-thumbnail","hentry"],"acf":[],"yoast_head":"<!-- This site is optimized with the Yoast SEO Premium plugin v26.6 (Yoast SEO v26.8) - https:\/\/yoast.com\/product\/yoast-seo-premium-wordpress\/ -->\n<title>Seesaibling \/\/ S\u00fcsskartoffel \/\/ Brokkoli von Roman Wurzer - QimiQ Schweiz<\/title>\n<meta name=\"robots\" content=\"index, follow, max-snippet:-1, max-image-preview:large, max-video-preview:-1\" \/>\n<link rel=\"canonical\" href=\"https:\/\/qimiq.ch\/fr\/qimiq-pour-les-professionnels\/chef-cuisinier\/recettes-de-chef\/omble-chevalier-pommes-de-terre-et-brocoli-de-roman-wurzer\/\" \/>\n<meta property=\"og:locale\" content=\"fr_FR\" \/>\n<meta property=\"og:type\" content=\"article\" \/>\n<meta property=\"og:title\" content=\"Seesaibling \/\/ S\u00fcsskartoffel \/\/ Brokkoli von Roman Wurzer\" \/>\n<meta property=\"og:url\" content=\"https:\/\/qimiq.ch\/fr\/qimiq-pour-les-professionnels\/chef-cuisinier\/recettes-de-chef\/omble-chevalier-pommes-de-terre-et-brocoli-de-roman-wurzer\/\" \/>\n<meta property=\"og:site_name\" content=\"QimiQ Schweiz\" \/>\n<meta property=\"article:publisher\" content=\"https:\/\/www.facebook.com\/QimiQWorld\/\" \/>\n<meta property=\"article:modified_time\" content=\"2023-07-20T13:40:23+00:00\" \/>\n<meta property=\"og:image\" content=\"https:\/\/qimiq.ch\/wp-content\/uploads\/sites\/4\/CR-Spargelsouffle.jpg\" \/>\n\t<meta property=\"og:image:width\" content=\"500\" \/>\n\t<meta property=\"og:image:height\" content=\"333\" \/>\n\t<meta property=\"og:image:type\" content=\"image\/jpeg\" \/>\n<meta name=\"twitter:card\" content=\"summary_large_image\" \/>\n<script type=\"application\/ld+json\" class=\"yoast-schema-graph\">{\"@context\":\"https:\/\/schema.org\",\"@graph\":[{\"@type\":\"WebPage\",\"@id\":\"https:\/\/qimiq.ch\/qimiq-fuer-profis\/chefkoeche\/chefkoch-rezepte\/seesaibling-susskartoffel-brokkoli-von-roman-wurzer\/\",\"url\":\"https:\/\/qimiq.ch\/qimiq-fuer-profis\/chefkoeche\/chefkoch-rezepte\/seesaibling-susskartoffel-brokkoli-von-roman-wurzer\/\",\"name\":\"Seesaibling \/\/ S\u00fcsskartoffel \/\/ Brokkoli von Roman Wurzer - QimiQ Schweiz\",\"isPartOf\":{\"@id\":\"https:\/\/qimiq.ch\/en\/#website\"},\"primaryImageOfPage\":{\"@id\":\"https:\/\/qimiq.ch\/qimiq-fuer-profis\/chefkoeche\/chefkoch-rezepte\/seesaibling-susskartoffel-brokkoli-von-roman-wurzer\/#primaryimage\"},\"image\":{\"@id\":\"https:\/\/qimiq.ch\/qimiq-fuer-profis\/chefkoeche\/chefkoch-rezepte\/seesaibling-susskartoffel-brokkoli-von-roman-wurzer\/#primaryimage\"},\"thumbnailUrl\":\"https:\/\/qimiq.ch\/wp-content\/uploads\/sites\/4\/CR-Spargelsouffle.jpg\",\"datePublished\":\"2022-10-06T12:45:51+00:00\",\"dateModified\":\"2023-07-20T13:40:23+00:00\",\"breadcrumb\":{\"@id\":\"https:\/\/qimiq.ch\/qimiq-fuer-profis\/chefkoeche\/chefkoch-rezepte\/seesaibling-susskartoffel-brokkoli-von-roman-wurzer\/#breadcrumb\"},\"inLanguage\":\"fr-FR\",\"potentialAction\":[{\"@type\":\"ReadAction\",\"target\":[\"https:\/\/qimiq.ch\/qimiq-fuer-profis\/chefkoeche\/chefkoch-rezepte\/seesaibling-susskartoffel-brokkoli-von-roman-wurzer\/\"]}]},{\"@type\":\"ImageObject\",\"inLanguage\":\"fr-FR\",\"@id\":\"https:\/\/qimiq.ch\/qimiq-fuer-profis\/chefkoeche\/chefkoch-rezepte\/seesaibling-susskartoffel-brokkoli-von-roman-wurzer\/#primaryimage\",\"url\":\"https:\/\/qimiq.ch\/wp-content\/uploads\/sites\/4\/CR-Spargelsouffle.jpg\",\"contentUrl\":\"https:\/\/qimiq.ch\/wp-content\/uploads\/sites\/4\/CR-Spargelsouffle.jpg\",\"width\":500,\"height\":333,\"caption\":\"CR Spargelsouffle\"},{\"@type\":\"BreadcrumbList\",\"@id\":\"https:\/\/qimiq.ch\/qimiq-fuer-profis\/chefkoeche\/chefkoch-rezepte\/seesaibling-susskartoffel-brokkoli-von-roman-wurzer\/#breadcrumb\",\"itemListElement\":[{\"@type\":\"ListItem\",\"position\":1,\"name\":\"Home\",\"item\":\"https:\/\/qimiq.ch\/\"},{\"@type\":\"ListItem\",\"position\":2,\"name\":\"QimiQ f\u00fcr PROFIS\",\"item\":\"https:\/\/qimiq.ch\/qimiq-fuer-profis\/\"},{\"@type\":\"ListItem\",\"position\":3,\"name\":\"Chefk\u00f6che\",\"item\":\"https:\/\/qimiq.ch\/qimiq-fuer-profis\/chefkoeche\/\"},{\"@type\":\"ListItem\",\"position\":4,\"name\":\"Chefkoch Rezepte\",\"item\":\"https:\/\/qimiq.ch\/qimiq-fuer-profis\/chefkoeche\/chefkoch-rezepte\/\"},{\"@type\":\"ListItem\",\"position\":5,\"name\":\"Seesaibling \/\/ S\u00fcsskartoffel \/\/ Brokkoli von Roman Wurzer\"}]},{\"@type\":\"WebSite\",\"@id\":\"https:\/\/qimiq.ch\/en\/#website\",\"url\":\"https:\/\/qimiq.ch\/en\/\",\"name\":\"QimiQ Schweiz\",\"description\":\"\",\"publisher\":{\"@id\":\"https:\/\/qimiq.ch\/en\/#organization\"},\"potentialAction\":[{\"@type\":\"SearchAction\",\"target\":{\"@type\":\"EntryPoint\",\"urlTemplate\":\"https:\/\/qimiq.ch\/en\/?s={search_term_string}\"},\"query-input\":{\"@type\":\"PropertyValueSpecification\",\"valueRequired\":true,\"valueName\":\"search_term_string\"}}],\"inLanguage\":\"fr-FR\"},{\"@type\":\"Organization\",\"@id\":\"https:\/\/qimiq.ch\/en\/#organization\",\"name\":\"QimiQ Schweiz\",\"url\":\"https:\/\/qimiq.ch\/en\/\",\"logo\":{\"@type\":\"ImageObject\",\"inLanguage\":\"fr-FR\",\"@id\":\"https:\/\/qimiq.ch\/en\/#\/schema\/logo\/image\/\",\"url\":\"https:\/\/qimiq.ch\/wp-content\/uploads\/sites\/4\/AdobeStock_300763099_Video_HD_Preview.png\",\"contentUrl\":\"https:\/\/qimiq.ch\/wp-content\/uploads\/sites\/4\/AdobeStock_300763099_Video_HD_Preview.png\",\"width\":712,\"height\":401,\"caption\":\"QimiQ Schweiz\"},\"image\":{\"@id\":\"https:\/\/qimiq.ch\/en\/#\/schema\/logo\/image\/\"},\"sameAs\":[\"https:\/\/www.facebook.com\/QimiQWorld\/\",\"https:\/\/www.facebook.com\/QimiQProfessionals\/\",\"https:\/\/www.instagram.com\/qimiq_austria\/\"]}]}<\/script>\n<!-- \/ Yoast SEO Premium plugin. -->","yoast_head_json":{"title":"Omble chevalier \/\/ patate douce \/\/ brocoli de Roman Wurzer - QimiQ Suisse","robots":{"index":"index","follow":"follow","max-snippet":"max-snippet:-1","max-image-preview":"max-image-preview:large","max-video-preview":"max-video-preview:-1"},"canonical":"https:\/\/qimiq.ch\/fr\/qimiq-pour-les-professionnels\/chef-cuisinier\/recettes-de-chef\/omble-chevalier-pommes-de-terre-et-brocoli-de-roman-wurzer\/","og_locale":"fr_FR","og_type":"article","og_title":"Seesaibling \/\/ S\u00fcsskartoffel \/\/ Brokkoli von Roman Wurzer","og_url":"https:\/\/qimiq.ch\/fr\/qimiq-pour-les-professionnels\/chef-cuisinier\/recettes-de-chef\/omble-chevalier-pommes-de-terre-et-brocoli-de-roman-wurzer\/","og_site_name":"QimiQ Schweiz","article_publisher":"https:\/\/www.facebook.com\/QimiQWorld\/","article_modified_time":"2023-07-20T13:40:23+00:00","og_image":[{"width":500,"height":333,"url":"https:\/\/qimiq.ch\/wp-content\/uploads\/sites\/4\/CR-Spargelsouffle.jpg","type":"image\/jpeg"}],"twitter_card":"summary_large_image","schema":{"@context":"https:\/\/schema.org","@graph":[{"@type":"WebPage","@id":"https:\/\/qimiq.ch\/qimiq-fuer-profis\/chefkoeche\/chefkoch-rezepte\/seesaibling-susskartoffel-brokkoli-von-roman-wurzer\/","url":"https:\/\/qimiq.ch\/qimiq-fuer-profis\/chefkoeche\/chefkoch-rezepte\/seesaibling-susskartoffel-brokkoli-von-roman-wurzer\/","name":"Omble chevalier \/\/ patate douce \/\/ brocoli de Roman Wurzer - QimiQ Suisse","isPartOf":{"@id":"https:\/\/qimiq.ch\/en\/#website"},"primaryImageOfPage":{"@id":"https:\/\/qimiq.ch\/qimiq-fuer-profis\/chefkoeche\/chefkoch-rezepte\/seesaibling-susskartoffel-brokkoli-von-roman-wurzer\/#primaryimage"},"image":{"@id":"https:\/\/qimiq.ch\/qimiq-fuer-profis\/chefkoeche\/chefkoch-rezepte\/seesaibling-susskartoffel-brokkoli-von-roman-wurzer\/#primaryimage"},"thumbnailUrl":"https:\/\/qimiq.ch\/wp-content\/uploads\/sites\/4\/CR-Spargelsouffle.jpg","datePublished":"2022-10-06T12:45:51+00:00","dateModified":"2023-07-20T13:40:23+00:00","breadcrumb":{"@id":"https:\/\/qimiq.ch\/qimiq-fuer-profis\/chefkoeche\/chefkoch-rezepte\/seesaibling-susskartoffel-brokkoli-von-roman-wurzer\/#breadcrumb"},"inLanguage":"fr-FR","potentialAction":[{"@type":"ReadAction","target":["https:\/\/qimiq.ch\/qimiq-fuer-profis\/chefkoeche\/chefkoch-rezepte\/seesaibling-susskartoffel-brokkoli-von-roman-wurzer\/"]}]},{"@type":"ImageObject","inLanguage":"fr-FR","@id":"https:\/\/qimiq.ch\/qimiq-fuer-profis\/chefkoeche\/chefkoch-rezepte\/seesaibling-susskartoffel-brokkoli-von-roman-wurzer\/#primaryimage","url":"https:\/\/qimiq.ch\/wp-content\/uploads\/sites\/4\/CR-Spargelsouffle.jpg","contentUrl":"https:\/\/qimiq.ch\/wp-content\/uploads\/sites\/4\/CR-Spargelsouffle.jpg","width":500,"height":333,"caption":"CR Spargelsouffle"},{"@type":"BreadcrumbList","@id":"https:\/\/qimiq.ch\/qimiq-fuer-profis\/chefkoeche\/chefkoch-rezepte\/seesaibling-susskartoffel-brokkoli-von-roman-wurzer\/#breadcrumb","itemListElement":[{"@type":"ListItem","position":1,"name":"Home","item":"https:\/\/qimiq.ch\/"},{"@type":"ListItem","position":2,"name":"QimiQ f\u00fcr PROFIS","item":"https:\/\/qimiq.ch\/qimiq-fuer-profis\/"},{"@type":"ListItem","position":3,"name":"Chefk\u00f6che","item":"https:\/\/qimiq.ch\/qimiq-fuer-profis\/chefkoeche\/"},{"@type":"ListItem","position":4,"name":"Chefkoch Rezepte","item":"https:\/\/qimiq.ch\/qimiq-fuer-profis\/chefkoeche\/chefkoch-rezepte\/"},{"@type":"ListItem","position":5,"name":"Seesaibling \/\/ S\u00fcsskartoffel \/\/ Brokkoli von Roman Wurzer"}]},{"@type":"WebSite","@id":"https:\/\/qimiq.ch\/en\/#website","url":"https:\/\/qimiq.ch\/en\/","name":"QimiQ Suisse","description":"","publisher":{"@id":"https:\/\/qimiq.ch\/en\/#organization"},"potentialAction":[{"@type":"SearchAction","target":{"@type":"EntryPoint","urlTemplate":"https:\/\/qimiq.ch\/en\/?s={search_term_string}"},"query-input":{"@type":"PropertyValueSpecification","valueRequired":true,"valueName":"search_term_string"}}],"inLanguage":"fr-FR"},{"@type":"Organization","@id":"https:\/\/qimiq.ch\/en\/#organization","name":"QimiQ Suisse","url":"https:\/\/qimiq.ch\/en\/","logo":{"@type":"ImageObject","inLanguage":"fr-FR","@id":"https:\/\/qimiq.ch\/en\/#\/schema\/logo\/image\/","url":"https:\/\/qimiq.ch\/wp-content\/uploads\/sites\/4\/AdobeStock_300763099_Video_HD_Preview.png","contentUrl":"https:\/\/qimiq.ch\/wp-content\/uploads\/sites\/4\/AdobeStock_300763099_Video_HD_Preview.png","width":712,"height":401,"caption":"QimiQ Schweiz"},"image":{"@id":"https:\/\/qimiq.ch\/en\/#\/schema\/logo\/image\/"},"sameAs":["https:\/\/www.facebook.com\/QimiQWorld\/","https:\/\/www.facebook.com\/QimiQProfessionals\/","https:\/\/www.instagram.com\/qimiq_austria\/"]}]}},"_links":{"self":[{"href":"https:\/\/qimiq.ch\/fr\/wp-json\/wp\/v2\/pages\/1803","targetHints":{"allow":["GET"]}}],"collection":[{"href":"https:\/\/qimiq.ch\/fr\/wp-json\/wp\/v2\/pages"}],"about":[{"href":"https:\/\/qimiq.ch\/fr\/wp-json\/wp\/v2\/types\/page"}],"author":[{"embeddable":true,"href":"https:\/\/qimiq.ch\/fr\/wp-json\/wp\/v2\/users\/1"}],"replies":[{"embeddable":true,"href":"https:\/\/qimiq.ch\/fr\/wp-json\/wp\/v2\/comments?post=1803"}],"version-history":[{"count":3,"href":"https:\/\/qimiq.ch\/fr\/wp-json\/wp\/v2\/pages\/1803\/revisions"}],"predecessor-version":[{"id":2787,"href":"https:\/\/qimiq.ch\/fr\/wp-json\/wp\/v2\/pages\/1803\/revisions\/2787"}],"up":[{"embeddable":true,"href":"https:\/\/qimiq.ch\/fr\/wp-json\/wp\/v2\/pages\/682"}],"wp:featuredmedia":[{"embeddable":true,"href":"https:\/\/qimiq.ch\/fr\/wp-json\/wp\/v2\/media\/1759"}],"wp:attachment":[{"href":"https:\/\/qimiq.ch\/fr\/wp-json\/wp\/v2\/media?parent=1803"}],"curies":[{"name":"wp","href":"https:\/\/api.w.org\/{rel}","templated":true}]}}