{"id":1820,"date":"2022-10-06T13:55:50","date_gmt":"2022-10-06T12:55:50","guid":{"rendered":"https:\/\/qimiq.lightcyde\/?page_id=1820"},"modified":"2023-07-20T14:43:10","modified_gmt":"2023-07-20T13:43:10","slug":"chocolat-amer-guanaja-aerien-avec-sorbet-framboise-poivron-de-matthias-moser","status":"publish","type":"page","link":"https:\/\/qimiq.ch\/fr\/qimiq-pour-les-professionnels\/chef-cuisinier\/recettes-de-chef\/chocolat-amer-guanaja-aerien-avec-sorbet-framboise-poivron-de-matthias-moser\/","title":{"rendered":"Chocolat amer Guanaja a\u00e9rien avec sorbet \u00e0 la framboise et au poivron de Matthias Moser"},"content":{"rendered":"<section id='lightpress__section--block_4a2648a357878a1adc810903e322e5d9' class='lightpress__section--full-width lightpress__section--default-section-space lightpress__section lightpress__section--image-text' data-scroll-section><div class=\"image-text__container image-text__container-- image-text__container--mirrored\">\n                            <picture class=\"image-text__picture\"\n                 data-aos=\"fade-left\"\n                 data-aos-once=\"true\"\n                 data-aos-anchor=\"#lightpress__section--block_4a2648a357878a1adc810903e322e5d9 .image-text__container\">\n            <source srcset=\"https:\/\/qimiq.ch\/wp-content\/uploads\/sites\/4\/CR-luftige_gaunaja.webp\" type=\"image\/webp\">\n            <img decoding=\"async\" src=\"https:\/\/qimiq.ch\/wp-content\/uploads\/sites\/4\/CR-luftige_gaunaja.jpg\" alt=\"CR gaunaja a\u00e9r\u00e9e\" \/>\n        <\/picture>\n    \n    <div class=\"image-text__text\">\n        \n                    <h2 class=\"text--medium text--55\" data-aos=\"fade-right\"\n                data-aos-once=\"true\"\n                data-aos-delay=\"100\"\n                data-aos-anchor=\"#lightpress__section--block_4a2648a357878a1adc810903e322e5d9 .image-text__container\">Chocolat amer Guanaja a\u00e9rien avec sorbet \u00e0 la framboise et au poivron de Matthias Moser<\/h2>\n        \n                    <div class=\"spacer--60\"><\/div>\n\n            <div data-aos=\"fade-right\" data-aos-once=\"true\"\n                 data-aos-delay=\"200\"\n                 data-aos-anchor=\"#lightpress__section--block_4a2648a357878a1adc810903e322e5d9 .image-text__container\"><p>Matthias Moser, chef \u00e9toil\u00e9 et QimiQ Executive Chef, a appris et cuisin\u00e9 dans les meilleurs \u00e9tablissements. Entre autres Hilton\/Vienne, H\u00f4tel Victoria Ritter\/Berne, H\u00f4tel Alpine Deluxe\/Obergurgl, Adventure Catering\/Vienne, H\u00f4tel F\u00fcrberg\/Sankt Gilgen.  En tant que chef de cuisine de l'\u00e9tablissement Kirchenwirt \u00e0 Leogang \/Salzbourg, membre des Jeunes Restaurateurs d'Europe, il a d\u00e9croch\u00e9 deux toques en 2017, avec 15 points au Gault Millau. Il est synonyme de cr\u00e9ativit\u00e9, de perfection et surtout de r\u00e9gionalisme.<\/p>\n<\/div>\n        \n                    <div class=\"spacer--60\"><\/div>\n\n            <a class=\"qimiq-button\"\n               href=\"https:\/\/rdb.qimiq.ch\/de\/recipes\/4259\"\n               target=\"_blank\" data-aos=\"fade-right\" data-aos-once=\"true\"\n               data-aos-delay=\"300\"\n               data-aos-anchor=\"#lightpress__section--block_4a2648a357878a1adc810903e322e5d9 .image-text__container\">D\u00e9couvrez la recette dans notre base de donn\u00e9es de recettes<\/a>\n            <\/div>\n<\/div>\n\n<\/section>\n\n<section id='lightpress__section--block_3b808f59a03a0c7910142bb4fd6714aa' class='lightpress__section--cow-headline--medium lightpress__section--default-section-space lightpress__section lightpress__section--cow-headline' data-scroll-section><div class=\"cow-headline__container cow-headline__container--hide-bottom-margin\">\n        <h3 data-aos=\"fade-right\" class=\"cow-headline__headline\"\n    data-aos-once=\"true\">Ingr\u00e9dients pour 10 portions<\/h3>\n<picture class=\"cow-headline__picture\"\n         data-aos=\"fade-left\"\n         data-aos-once=\"true\">\n    <source srcset=\"\/wp-content\/themes\/qimiq\/blocks\/cow-headline\/cow.png.webp\" type=\"image\/webp\">\n    <img decoding=\"async\" src=\"\/wp-content\/themes\/qimiq\/blocks\/cow-headline\/cow.png\" alt=\"Vache\">\n<\/picture>\n<\/div>\n\n<\/section>\n\n<section id='lightpress__section--block_653ae692b7967d53c72efd47ffe958fb' class='lightpress__section--wysiwyg-medium lightpress__section--default-section-space lightpress__section lightpress__section--wysiwyg' data-scroll-section><div class=\"wysiwyg-columns wysiwyg-columns--2\">\n            <div class=\"wysiwyg-columns__content\" data-aos=\"fade-right\"\n             data-aos-once=\"true\"><p><strong>Pour le sorbet aux framboises et aux poivrons<\/strong><\/p>\n<ul>\n<li>45 g de QimiQ Classic<\/li>\n<li>500 g de pur\u00e9e de framboises Boiron<\/li>\n<li>70 g de sucre g\u00e9lifiant<\/li>\n<li>90 g de poivron(s) rouge(s), coup\u00e9(s) en d\u00e9s<\/li>\n<li>30 g de sucre<\/li>\n<\/ul>\n<\/div>\n            <div class=\"wysiwyg-columns__content\" data-aos=\"fade-left\"\n             data-aos-once=\"true\"><p><strong>Pour le chocolat noir Guanaja a\u00e9r\u00e9<\/strong><\/p>\n<ul>\n<li>450 g de base de sauce QimiQ<\/li>\n<li>80 g de jaunes d'\u0153ufs<\/li>\n<li>100 g d'\u0153uf(s)<\/li>\n<li>80 g de sucre<\/li>\n<li>1 pinc\u00e9e(s) de sel<\/li>\n<li>10 ml de rhum<\/li>\n<li>400 g de chocolat noir Valrhona-Guanaja 70%<\/li>\n<li>300 g de blanc d'\u0153uf<\/li>\n<li>50 g de sucre<\/li>\n<\/ul>\n<\/div>\n    <\/div>\n\n<\/section>\n\n<section id='lightpress__section--block_ef86659e7e65ef14bb7935ba4628fd84' class='lightpress__section--cow-headline--medium lightpress__section--default-section-space lightpress__section lightpress__section--cow-headline' data-scroll-section><div class=\"cow-headline__container cow-headline__container--hide-bottom-margin\">\n        <h3 data-aos=\"fade-right\" class=\"cow-headline__headline\"\n    data-aos-once=\"true\">Pr\u00e9paration<\/h3>\n<picture class=\"cow-headline__picture\"\n         data-aos=\"fade-left\"\n         data-aos-once=\"true\">\n    <source srcset=\"\/wp-content\/themes\/qimiq\/blocks\/cow-headline\/cow.png.webp\" type=\"image\/webp\">\n    <img decoding=\"async\" src=\"\/wp-content\/themes\/qimiq\/blocks\/cow-headline\/cow.png\" alt=\"Vache\">\n<\/picture>\n<\/div>\n\n<\/section>\n\n<section id='lightpress__section--block_2b5afa8021baa0fe288104a2fab18df7' class='lightpress__section--wysiwyg-medium lightpress__section--default-section-space lightpress__section lightpress__section--wysiwyg' data-scroll-section><div class=\"wysiwyg-columns wysiwyg-columns--1\">\n            <div class=\"wysiwyg-columns__content\" data-aos=\"fade-right\"\n             data-aos-once=\"true\"><ol>\n<li><strong>Pour le sorbet aux framboises et aux poivrons :<\/strong><span>\u00a0<\/span>Porter bri\u00e8vement \u00e0 \u00e9bullition 1\/3 de la pur\u00e9e de framboises avec le sucre g\u00e9lifiant.<\/li>\n<li>Ajouter le reste des ingr\u00e9dients et mixer.<\/li>\n<li>Verser dans un gobelet Pacojet et congeler.<\/li>\n<li><strong>Pour le chocolat noir a\u00e9rien Guanaja :<\/strong><span>\u00a0<\/span>M\u00e9langer la base de sauce QimiQ avec les jaunes d'\u0153ufs, les \u0153ufs, le sucre, le sel et le rhum et chauffer \u00e0 70\u00b0C. Retirer du feu.<\/li>\n<li>Ajouter le chocolat noir, m\u00e9langer jusqu'\u00e0 ce qu'il soit dissous et mixer \u00e0 l'aide d'un mixeur plongeant.<\/li>\n<li>Monter les blancs d'\u0153ufs en neige avec le sucre et les incorporer.<\/li>\n<li>Verser dans des moules et laisser bien refroidir.<\/li>\n<li>Pactiser le sorbet aux framboises et aux poivrons et servir avec le chocolat noir a\u00e9rien Guanaja.<\/li>\n<\/ol>\n<\/div>\n    <\/div>\n\n<\/section>","protected":false},"excerpt":{"rendered":"","protected":false},"author":1,"featured_media":1759,"parent":682,"menu_order":0,"comment_status":"closed","ping_status":"closed","template":"","meta":{"_acf_changed":false,"_relevanssi_hide_post":"","_relevanssi_hide_content":"","_relevanssi_pin_for_all":"","_relevanssi_pin_keywords":"","_relevanssi_unpin_keywords":"","_relevanssi_related_keywords":"","_relevanssi_related_include_ids":"","_relevanssi_related_exclude_ids":"","_relevanssi_related_no_append":"","_relevanssi_related_not_related":"","_relevanssi_related_posts":"","_relevanssi_noindex_reason":"","footnotes":""},"class_list":["post-1820","page","type-page","status-publish","has-post-thumbnail","hentry"],"acf":[],"yoast_head":"<!-- This site is optimized with the Yoast SEO Premium plugin v26.6 (Yoast SEO v26.8) - https:\/\/yoast.com\/product\/yoast-seo-premium-wordpress\/ -->\n<title>Luftige Guanaja Bitterschokolade mit Himbeer-Paprika-Sorbet von Matthias Moser - QimiQ Schweiz<\/title>\n<meta name=\"robots\" content=\"index, follow, max-snippet:-1, max-image-preview:large, max-video-preview:-1\" \/>\n<link rel=\"canonical\" href=\"https:\/\/qimiq.ch\/fr\/qimiq-pour-les-professionnels\/chef-cuisinier\/recettes-de-chef\/chocolat-amer-guanaja-aerien-avec-sorbet-framboise-poivron-de-matthias-moser\/\" \/>\n<meta property=\"og:locale\" content=\"fr_FR\" \/>\n<meta property=\"og:type\" content=\"article\" \/>\n<meta property=\"og:title\" content=\"Luftige Guanaja Bitterschokolade mit Himbeer-Paprika-Sorbet von Matthias Moser\" \/>\n<meta property=\"og:url\" content=\"https:\/\/qimiq.ch\/fr\/qimiq-pour-les-professionnels\/chef-cuisinier\/recettes-de-chef\/chocolat-amer-guanaja-aerien-avec-sorbet-framboise-poivron-de-matthias-moser\/\" \/>\n<meta property=\"og:site_name\" content=\"QimiQ Schweiz\" \/>\n<meta property=\"article:publisher\" content=\"https:\/\/www.facebook.com\/QimiQWorld\/\" \/>\n<meta property=\"article:modified_time\" content=\"2023-07-20T13:43:10+00:00\" \/>\n<meta property=\"og:image\" content=\"https:\/\/qimiq.ch\/wp-content\/uploads\/sites\/4\/CR-Spargelsouffle.jpg\" \/>\n\t<meta property=\"og:image:width\" content=\"500\" \/>\n\t<meta property=\"og:image:height\" content=\"333\" \/>\n\t<meta property=\"og:image:type\" content=\"image\/jpeg\" \/>\n<meta name=\"twitter:card\" content=\"summary_large_image\" \/>\n<script type=\"application\/ld+json\" class=\"yoast-schema-graph\">{\"@context\":\"https:\/\/schema.org\",\"@graph\":[{\"@type\":\"WebPage\",\"@id\":\"https:\/\/qimiq.ch\/qimiq-fuer-profis\/chefkoeche\/chefkoch-rezepte\/luftige-guanaja-bitterschokolade-mit-himbeer-paprika-sorbet-von-matthias-moser\/\",\"url\":\"https:\/\/qimiq.ch\/qimiq-fuer-profis\/chefkoeche\/chefkoch-rezepte\/luftige-guanaja-bitterschokolade-mit-himbeer-paprika-sorbet-von-matthias-moser\/\",\"name\":\"Luftige Guanaja Bitterschokolade mit Himbeer-Paprika-Sorbet von Matthias Moser - QimiQ Schweiz\",\"isPartOf\":{\"@id\":\"https:\/\/qimiq.ch\/en\/#website\"},\"primaryImageOfPage\":{\"@id\":\"https:\/\/qimiq.ch\/qimiq-fuer-profis\/chefkoeche\/chefkoch-rezepte\/luftige-guanaja-bitterschokolade-mit-himbeer-paprika-sorbet-von-matthias-moser\/#primaryimage\"},\"image\":{\"@id\":\"https:\/\/qimiq.ch\/qimiq-fuer-profis\/chefkoeche\/chefkoch-rezepte\/luftige-guanaja-bitterschokolade-mit-himbeer-paprika-sorbet-von-matthias-moser\/#primaryimage\"},\"thumbnailUrl\":\"https:\/\/qimiq.ch\/wp-content\/uploads\/sites\/4\/CR-Spargelsouffle.jpg\",\"datePublished\":\"2022-10-06T12:55:50+00:00\",\"dateModified\":\"2023-07-20T13:43:10+00:00\",\"breadcrumb\":{\"@id\":\"https:\/\/qimiq.ch\/qimiq-fuer-profis\/chefkoeche\/chefkoch-rezepte\/luftige-guanaja-bitterschokolade-mit-himbeer-paprika-sorbet-von-matthias-moser\/#breadcrumb\"},\"inLanguage\":\"fr-FR\",\"potentialAction\":[{\"@type\":\"ReadAction\",\"target\":[\"https:\/\/qimiq.ch\/qimiq-fuer-profis\/chefkoeche\/chefkoch-rezepte\/luftige-guanaja-bitterschokolade-mit-himbeer-paprika-sorbet-von-matthias-moser\/\"]}]},{\"@type\":\"ImageObject\",\"inLanguage\":\"fr-FR\",\"@id\":\"https:\/\/qimiq.ch\/qimiq-fuer-profis\/chefkoeche\/chefkoch-rezepte\/luftige-guanaja-bitterschokolade-mit-himbeer-paprika-sorbet-von-matthias-moser\/#primaryimage\",\"url\":\"https:\/\/qimiq.ch\/wp-content\/uploads\/sites\/4\/CR-Spargelsouffle.jpg\",\"contentUrl\":\"https:\/\/qimiq.ch\/wp-content\/uploads\/sites\/4\/CR-Spargelsouffle.jpg\",\"width\":500,\"height\":333,\"caption\":\"CR Spargelsouffle\"},{\"@type\":\"BreadcrumbList\",\"@id\":\"https:\/\/qimiq.ch\/qimiq-fuer-profis\/chefkoeche\/chefkoch-rezepte\/luftige-guanaja-bitterschokolade-mit-himbeer-paprika-sorbet-von-matthias-moser\/#breadcrumb\",\"itemListElement\":[{\"@type\":\"ListItem\",\"position\":1,\"name\":\"Home\",\"item\":\"https:\/\/qimiq.ch\/\"},{\"@type\":\"ListItem\",\"position\":2,\"name\":\"QimiQ f\u00fcr PROFIS\",\"item\":\"https:\/\/qimiq.ch\/qimiq-fuer-profis\/\"},{\"@type\":\"ListItem\",\"position\":3,\"name\":\"Chefk\u00f6che\",\"item\":\"https:\/\/qimiq.ch\/qimiq-fuer-profis\/chefkoeche\/\"},{\"@type\":\"ListItem\",\"position\":4,\"name\":\"Chefkoch Rezepte\",\"item\":\"https:\/\/qimiq.ch\/qimiq-fuer-profis\/chefkoeche\/chefkoch-rezepte\/\"},{\"@type\":\"ListItem\",\"position\":5,\"name\":\"Luftige Guanaja Bitterschokolade mit Himbeer-Paprika-Sorbet von Matthias Moser\"}]},{\"@type\":\"WebSite\",\"@id\":\"https:\/\/qimiq.ch\/en\/#website\",\"url\":\"https:\/\/qimiq.ch\/en\/\",\"name\":\"QimiQ Schweiz\",\"description\":\"\",\"publisher\":{\"@id\":\"https:\/\/qimiq.ch\/en\/#organization\"},\"potentialAction\":[{\"@type\":\"SearchAction\",\"target\":{\"@type\":\"EntryPoint\",\"urlTemplate\":\"https:\/\/qimiq.ch\/en\/?s={search_term_string}\"},\"query-input\":{\"@type\":\"PropertyValueSpecification\",\"valueRequired\":true,\"valueName\":\"search_term_string\"}}],\"inLanguage\":\"fr-FR\"},{\"@type\":\"Organization\",\"@id\":\"https:\/\/qimiq.ch\/en\/#organization\",\"name\":\"QimiQ Schweiz\",\"url\":\"https:\/\/qimiq.ch\/en\/\",\"logo\":{\"@type\":\"ImageObject\",\"inLanguage\":\"fr-FR\",\"@id\":\"https:\/\/qimiq.ch\/en\/#\/schema\/logo\/image\/\",\"url\":\"https:\/\/qimiq.ch\/wp-content\/uploads\/sites\/4\/AdobeStock_300763099_Video_HD_Preview.png\",\"contentUrl\":\"https:\/\/qimiq.ch\/wp-content\/uploads\/sites\/4\/AdobeStock_300763099_Video_HD_Preview.png\",\"width\":712,\"height\":401,\"caption\":\"QimiQ Schweiz\"},\"image\":{\"@id\":\"https:\/\/qimiq.ch\/en\/#\/schema\/logo\/image\/\"},\"sameAs\":[\"https:\/\/www.facebook.com\/QimiQWorld\/\",\"https:\/\/www.facebook.com\/QimiQProfessionals\/\",\"https:\/\/www.instagram.com\/qimiq_austria\/\"]}]}<\/script>\n<!-- \/ Yoast SEO Premium plugin. -->","yoast_head_json":{"title":"Chocolat noir a\u00e9rien Guanaja avec sorbet \u00e0 la framboise et au poivron de Matthias Moser - QimiQ Suisse","robots":{"index":"index","follow":"follow","max-snippet":"max-snippet:-1","max-image-preview":"max-image-preview:large","max-video-preview":"max-video-preview:-1"},"canonical":"https:\/\/qimiq.ch\/fr\/qimiq-pour-les-professionnels\/chef-cuisinier\/recettes-de-chef\/chocolat-amer-guanaja-aerien-avec-sorbet-framboise-poivron-de-matthias-moser\/","og_locale":"fr_FR","og_type":"article","og_title":"Luftige Guanaja Bitterschokolade mit Himbeer-Paprika-Sorbet von Matthias Moser","og_url":"https:\/\/qimiq.ch\/fr\/qimiq-pour-les-professionnels\/chef-cuisinier\/recettes-de-chef\/chocolat-amer-guanaja-aerien-avec-sorbet-framboise-poivron-de-matthias-moser\/","og_site_name":"QimiQ Schweiz","article_publisher":"https:\/\/www.facebook.com\/QimiQWorld\/","article_modified_time":"2023-07-20T13:43:10+00:00","og_image":[{"width":500,"height":333,"url":"https:\/\/qimiq.ch\/wp-content\/uploads\/sites\/4\/CR-Spargelsouffle.jpg","type":"image\/jpeg"}],"twitter_card":"summary_large_image","schema":{"@context":"https:\/\/schema.org","@graph":[{"@type":"WebPage","@id":"https:\/\/qimiq.ch\/qimiq-fuer-profis\/chefkoeche\/chefkoch-rezepte\/luftige-guanaja-bitterschokolade-mit-himbeer-paprika-sorbet-von-matthias-moser\/","url":"https:\/\/qimiq.ch\/qimiq-fuer-profis\/chefkoeche\/chefkoch-rezepte\/luftige-guanaja-bitterschokolade-mit-himbeer-paprika-sorbet-von-matthias-moser\/","name":"Chocolat noir a\u00e9rien Guanaja avec sorbet \u00e0 la framboise et au poivron de Matthias Moser - QimiQ Suisse","isPartOf":{"@id":"https:\/\/qimiq.ch\/en\/#website"},"primaryImageOfPage":{"@id":"https:\/\/qimiq.ch\/qimiq-fuer-profis\/chefkoeche\/chefkoch-rezepte\/luftige-guanaja-bitterschokolade-mit-himbeer-paprika-sorbet-von-matthias-moser\/#primaryimage"},"image":{"@id":"https:\/\/qimiq.ch\/qimiq-fuer-profis\/chefkoeche\/chefkoch-rezepte\/luftige-guanaja-bitterschokolade-mit-himbeer-paprika-sorbet-von-matthias-moser\/#primaryimage"},"thumbnailUrl":"https:\/\/qimiq.ch\/wp-content\/uploads\/sites\/4\/CR-Spargelsouffle.jpg","datePublished":"2022-10-06T12:55:50+00:00","dateModified":"2023-07-20T13:43:10+00:00","breadcrumb":{"@id":"https:\/\/qimiq.ch\/qimiq-fuer-profis\/chefkoeche\/chefkoch-rezepte\/luftige-guanaja-bitterschokolade-mit-himbeer-paprika-sorbet-von-matthias-moser\/#breadcrumb"},"inLanguage":"fr-FR","potentialAction":[{"@type":"ReadAction","target":["https:\/\/qimiq.ch\/qimiq-fuer-profis\/chefkoeche\/chefkoch-rezepte\/luftige-guanaja-bitterschokolade-mit-himbeer-paprika-sorbet-von-matthias-moser\/"]}]},{"@type":"ImageObject","inLanguage":"fr-FR","@id":"https:\/\/qimiq.ch\/qimiq-fuer-profis\/chefkoeche\/chefkoch-rezepte\/luftige-guanaja-bitterschokolade-mit-himbeer-paprika-sorbet-von-matthias-moser\/#primaryimage","url":"https:\/\/qimiq.ch\/wp-content\/uploads\/sites\/4\/CR-Spargelsouffle.jpg","contentUrl":"https:\/\/qimiq.ch\/wp-content\/uploads\/sites\/4\/CR-Spargelsouffle.jpg","width":500,"height":333,"caption":"CR Spargelsouffle"},{"@type":"BreadcrumbList","@id":"https:\/\/qimiq.ch\/qimiq-fuer-profis\/chefkoeche\/chefkoch-rezepte\/luftige-guanaja-bitterschokolade-mit-himbeer-paprika-sorbet-von-matthias-moser\/#breadcrumb","itemListElement":[{"@type":"ListItem","position":1,"name":"Home","item":"https:\/\/qimiq.ch\/"},{"@type":"ListItem","position":2,"name":"QimiQ f\u00fcr PROFIS","item":"https:\/\/qimiq.ch\/qimiq-fuer-profis\/"},{"@type":"ListItem","position":3,"name":"Chefk\u00f6che","item":"https:\/\/qimiq.ch\/qimiq-fuer-profis\/chefkoeche\/"},{"@type":"ListItem","position":4,"name":"Chefkoch Rezepte","item":"https:\/\/qimiq.ch\/qimiq-fuer-profis\/chefkoeche\/chefkoch-rezepte\/"},{"@type":"ListItem","position":5,"name":"Luftige Guanaja Bitterschokolade mit Himbeer-Paprika-Sorbet von Matthias Moser"}]},{"@type":"WebSite","@id":"https:\/\/qimiq.ch\/en\/#website","url":"https:\/\/qimiq.ch\/en\/","name":"QimiQ Suisse","description":"","publisher":{"@id":"https:\/\/qimiq.ch\/en\/#organization"},"potentialAction":[{"@type":"SearchAction","target":{"@type":"EntryPoint","urlTemplate":"https:\/\/qimiq.ch\/en\/?s={search_term_string}"},"query-input":{"@type":"PropertyValueSpecification","valueRequired":true,"valueName":"search_term_string"}}],"inLanguage":"fr-FR"},{"@type":"Organization","@id":"https:\/\/qimiq.ch\/en\/#organization","name":"QimiQ Suisse","url":"https:\/\/qimiq.ch\/en\/","logo":{"@type":"ImageObject","inLanguage":"fr-FR","@id":"https:\/\/qimiq.ch\/en\/#\/schema\/logo\/image\/","url":"https:\/\/qimiq.ch\/wp-content\/uploads\/sites\/4\/AdobeStock_300763099_Video_HD_Preview.png","contentUrl":"https:\/\/qimiq.ch\/wp-content\/uploads\/sites\/4\/AdobeStock_300763099_Video_HD_Preview.png","width":712,"height":401,"caption":"QimiQ Schweiz"},"image":{"@id":"https:\/\/qimiq.ch\/en\/#\/schema\/logo\/image\/"},"sameAs":["https:\/\/www.facebook.com\/QimiQWorld\/","https:\/\/www.facebook.com\/QimiQProfessionals\/","https:\/\/www.instagram.com\/qimiq_austria\/"]}]}},"_links":{"self":[{"href":"https:\/\/qimiq.ch\/fr\/wp-json\/wp\/v2\/pages\/1820","targetHints":{"allow":["GET"]}}],"collection":[{"href":"https:\/\/qimiq.ch\/fr\/wp-json\/wp\/v2\/pages"}],"about":[{"href":"https:\/\/qimiq.ch\/fr\/wp-json\/wp\/v2\/types\/page"}],"author":[{"embeddable":true,"href":"https:\/\/qimiq.ch\/fr\/wp-json\/wp\/v2\/users\/1"}],"replies":[{"embeddable":true,"href":"https:\/\/qimiq.ch\/fr\/wp-json\/wp\/v2\/comments?post=1820"}],"version-history":[{"count":3,"href":"https:\/\/qimiq.ch\/fr\/wp-json\/wp\/v2\/pages\/1820\/revisions"}],"predecessor-version":[{"id":2801,"href":"https:\/\/qimiq.ch\/fr\/wp-json\/wp\/v2\/pages\/1820\/revisions\/2801"}],"up":[{"embeddable":true,"href":"https:\/\/qimiq.ch\/fr\/wp-json\/wp\/v2\/pages\/682"}],"wp:featuredmedia":[{"embeddable":true,"href":"https:\/\/qimiq.ch\/fr\/wp-json\/wp\/v2\/media\/1759"}],"wp:attachment":[{"href":"https:\/\/qimiq.ch\/fr\/wp-json\/wp\/v2\/media?parent=1820"}],"curies":[{"name":"wp","href":"https:\/\/api.w.org\/{rel}","templated":true}]}}