{"id":1852,"date":"2022-10-06T14:11:08","date_gmt":"2022-10-06T13:11:08","guid":{"rendered":"https:\/\/qimiq.lightcyde\/?page_id=1852"},"modified":"2023-07-20T14:42:38","modified_gmt":"2023-07-20T13:42:38","slug":"truite-de-riviere-et-truite-saumonee-poivree-de-karl-et-rudi-obauer","status":"publish","type":"page","link":"https:\/\/qimiq.ch\/fr\/qimiq-pour-les-professionnels\/chef-cuisinier\/recettes-de-chef\/truite-de-riviere-et-truite-saumonee-poivree-de-karl-et-rudi-obauer\/","title":{"rendered":"Truite de rivi\u00e8re et truite saumon\u00e9e poivr\u00e9e de Karl et Rudi Obauer"},"content":{"rendered":"<section id='lightpress__section--block_eded7bfa89c86461037660fb389c6a65' class='lightpress__section--full-width lightpress__section--default-section-space lightpress__section lightpress__section--image-text' data-scroll-section><div class=\"image-text__container image-text__container-- image-text__container--mirrored\">\n                            <picture class=\"image-text__picture\"\n                 data-aos=\"fade-left\"\n                 data-aos-once=\"true\"\n                 data-aos-anchor=\"#lightpress__section--block_eded7bfa89c86461037660fb389c6a65 .image-text__container\">\n            <source srcset=\"https:\/\/qimiq.ch\/wp-content\/uploads\/sites\/4\/CR-Bachforelle.webp\" type=\"image\/webp\">\n            <img decoding=\"async\" src=\"https:\/\/qimiq.ch\/wp-content\/uploads\/sites\/4\/CR-Bachforelle.jpg\" alt=\"CR Truite fario\" \/>\n        <\/picture>\n    \n    <div class=\"image-text__text\">\n        \n                    <h2 class=\"text--medium text--55\" data-aos=\"fade-right\"\n                data-aos-once=\"true\"\n                data-aos-delay=\"100\"\n                data-aos-anchor=\"#lightpress__section--block_eded7bfa89c86461037660fb389c6a65 .image-text__container\">Truite de rivi\u00e8re et truite saumon\u00e9e poivr\u00e9e de Karl et Rudi Obauer<\/h2>\n        \n                    <div class=\"spacer--60\"><\/div>\n\n            <div data-aos=\"fade-right\" data-aos-once=\"true\"\n                 data-aos-delay=\"200\"\n                 data-aos-anchor=\"#lightpress__section--block_eded7bfa89c86461037660fb389c6a65 .image-text__container\"><p>Pour les Nespresso Gourmet Weeks, les g\u00e9nies Karl et Rudi Obauer ont concoct\u00e9 une recette sensationnelle avec QimiQ. Ils servent avec la truite de rivi\u00e8re et la truite saumon\u00e9e au poivre une pur\u00e9e d'anchois et l'assaisonnent avec du cresson de fontaine frais et du caviar de truite. Peu de gens peuvent faire encore mieux que ce qui est simple, Karl et Rudi Obauer sont de v\u00e9ritables ma\u00eetres en la mati\u00e8re !<\/p>\n<\/div>\n        \n                    <div class=\"spacer--60\"><\/div>\n\n            <a class=\"qimiq-button\"\n               href=\"https:\/\/rdb.qimiq.ch\/de\/recipes\/4389\"\n               target=\"_blank\" data-aos=\"fade-right\" data-aos-once=\"true\"\n               data-aos-delay=\"300\"\n               data-aos-anchor=\"#lightpress__section--block_eded7bfa89c86461037660fb389c6a65 .image-text__container\">D\u00e9couvrez la recette dans notre base de donn\u00e9es de recettes<\/a>\n            <\/div>\n<\/div>\n\n<\/section>\n\n<section id='lightpress__section--block_2bec1e8cfab49dc80600b7f6d58dbe0b' class='lightpress__section--cow-headline--medium lightpress__section--default-section-space lightpress__section lightpress__section--cow-headline' data-scroll-section><div class=\"cow-headline__container cow-headline__container--hide-bottom-margin\">\n        <h3 data-aos=\"fade-right\" class=\"cow-headline__headline\"\n    data-aos-once=\"true\">Ingr\u00e9dients pour 10 portions (2 litres de bouillon de force)<\/h3>\n<picture class=\"cow-headline__picture\"\n         data-aos=\"fade-left\"\n         data-aos-once=\"true\">\n    <source srcset=\"\/wp-content\/themes\/qimiq\/blocks\/cow-headline\/cow.png.webp\" type=\"image\/webp\">\n    <img decoding=\"async\" src=\"\/wp-content\/themes\/qimiq\/blocks\/cow-headline\/cow.png\" alt=\"Vache\">\n<\/picture>\n<\/div>\n\n<\/section>\n\n<section id='lightpress__section--block_3b9b608448503b3e45ee99808d61601c' class='lightpress__section--wysiwyg-medium lightpress__section--default-section-space lightpress__section lightpress__section--wysiwyg' data-scroll-section><div class=\"wysiwyg-columns wysiwyg-columns--2\">\n            <div class=\"wysiwyg-columns__content\" data-aos=\"fade-right\"\n             data-aos-once=\"true\"><p><strong>Pour la p\u00e2te \u00e0 nouilles<\/strong><\/p>\n<ul>\n<li>500 g de farine<\/li>\n<li>4 \u0153uf(s)<\/li>\n<li>2 cuill\u00e8res \u00e0 soupe d'huile d'olive<\/li>\n<li>Sel<\/li>\n<\/ul>\n<\/div>\n            <div class=\"wysiwyg-columns__content\" data-aos=\"fade-left\"\n             data-aos-once=\"true\"><p><strong>Pour la farce<\/strong><\/p>\n<ul>\n<li>250 g de base de sauce QimiQ<\/li>\n<li>100 g d'\u00e9chalote(s) finement cisel\u00e9e(s)<\/li>\n<li>1 gousse(s) d'ail, finement hach\u00e9e(s)<\/li>\n<li>60 g de beurre<\/li>\n<li>250 g d'\u00e9pinards en branches<\/li>\n<li>150 g de fromage blanc 20 % de mati\u00e8re grasse<\/li>\n<li>Sel<\/li>\n<li>poivre noir, fra\u00eechement moulu<\/li>\n<li>Noix de muscade, moulue<\/li>\n<\/ul>\n<\/div>\n    <\/div>\n\n<\/section>\n\n<section id='lightpress__section--block_d670f42343fb8cb167d82d61521b8c7b' class='lightpress__section--cow-headline--medium lightpress__section--default-section-space lightpress__section lightpress__section--cow-headline' data-scroll-section><div class=\"cow-headline__container cow-headline__container--hide-bottom-margin\">\n        <h3 data-aos=\"fade-right\" class=\"cow-headline__headline\"\n    data-aos-once=\"true\">Pr\u00e9paration<\/h3>\n<picture class=\"cow-headline__picture\"\n         data-aos=\"fade-left\"\n         data-aos-once=\"true\">\n    <source srcset=\"\/wp-content\/themes\/qimiq\/blocks\/cow-headline\/cow.png.webp\" type=\"image\/webp\">\n    <img decoding=\"async\" src=\"\/wp-content\/themes\/qimiq\/blocks\/cow-headline\/cow.png\" alt=\"Vache\">\n<\/picture>\n<\/div>\n\n<\/section>\n\n<section id='lightpress__section--block_bee8ce58134f3218c4cbac0df4cd5688' class='lightpress__section--wysiwyg-medium lightpress__section--default-section-space lightpress__section lightpress__section--wysiwyg' data-scroll-section><div class=\"wysiwyg-columns wysiwyg-columns--1\">\n            <div class=\"wysiwyg-columns__content\" data-aos=\"fade-right\"\n             data-aos-once=\"true\"><ol>\n<li><strong>Pour la p\u00e2te \u00e0 p\u00e2tes :<\/strong><span>\u00a0<\/span>P\u00e9trir tous les ingr\u00e9dients ensemble pour obtenir une p\u00e2te lisse. Couvrir et laisser reposer une heure au r\u00e9frig\u00e9rateur.<\/li>\n<li><strong>Pour la farce :<\/strong><span>\u00a0<\/span>Faire sauter les \u00e9chalotes et l'ail dans le beurre.<\/li>\n<li>Blanchir les \u00e9pinards en branches, bien les essorer et les hacher finement.<\/li>\n<li>Bien m\u00e9langer les feuilles d'\u00e9pinards, les \u00e9chalotes et l'ail avec la base de sauce QimiQ et le topfen et assaisonner avec du sel, du poivre et de la noix de muscade.<\/li>\n<li>Etalez la p\u00e2te \u00e0 p\u00e2tes en fines bandes et r\u00e9partissez une partie de la farce dessus. Replier la p\u00e2te et d\u00e9couper des raviolis.<\/li>\n<li>Faire l\u00e9g\u00e8rement mijoter les raviolis dans de l'eau sal\u00e9e pendant environ 5 minutes, les retirer et les servir avec le bouillon de force.<\/li>\n<\/ol>\n<\/div>\n    <\/div>\n\n<\/section>","protected":false},"excerpt":{"rendered":"","protected":false},"author":1,"featured_media":1759,"parent":682,"menu_order":0,"comment_status":"closed","ping_status":"closed","template":"","meta":{"_acf_changed":false,"_relevanssi_hide_post":"","_relevanssi_hide_content":"","_relevanssi_pin_for_all":"","_relevanssi_pin_keywords":"","_relevanssi_unpin_keywords":"","_relevanssi_related_keywords":"","_relevanssi_related_include_ids":"","_relevanssi_related_exclude_ids":"","_relevanssi_related_no_append":"","_relevanssi_related_not_related":"","_relevanssi_related_posts":"","_relevanssi_noindex_reason":"","footnotes":""},"class_list":["post-1852","page","type-page","status-publish","has-post-thumbnail","hentry"],"acf":[],"yoast_head":"<!-- This site is optimized with the Yoast SEO Premium plugin v26.6 (Yoast SEO v26.8) - https:\/\/yoast.com\/product\/yoast-seo-premium-wordpress\/ -->\n<title>Bachforelle und Pfefferlachsforelle von Karl und Rudi Obauer - QimiQ Schweiz<\/title>\n<meta name=\"robots\" content=\"index, follow, max-snippet:-1, max-image-preview:large, max-video-preview:-1\" \/>\n<link rel=\"canonical\" href=\"https:\/\/qimiq.ch\/fr\/qimiq-pour-les-professionnels\/chef-cuisinier\/recettes-de-chef\/truite-de-riviere-et-truite-saumonee-poivree-de-karl-et-rudi-obauer\/\" \/>\n<meta property=\"og:locale\" content=\"fr_FR\" \/>\n<meta property=\"og:type\" content=\"article\" \/>\n<meta property=\"og:title\" content=\"Bachforelle und Pfefferlachsforelle von Karl und Rudi Obauer\" \/>\n<meta property=\"og:url\" content=\"https:\/\/qimiq.ch\/fr\/qimiq-pour-les-professionnels\/chef-cuisinier\/recettes-de-chef\/truite-de-riviere-et-truite-saumonee-poivree-de-karl-et-rudi-obauer\/\" \/>\n<meta property=\"og:site_name\" content=\"QimiQ Schweiz\" \/>\n<meta property=\"article:publisher\" content=\"https:\/\/www.facebook.com\/QimiQWorld\/\" \/>\n<meta property=\"article:modified_time\" content=\"2023-07-20T13:42:38+00:00\" \/>\n<meta property=\"og:image\" content=\"https:\/\/qimiq.ch\/wp-content\/uploads\/sites\/4\/CR-Spargelsouffle.jpg\" \/>\n\t<meta property=\"og:image:width\" content=\"500\" \/>\n\t<meta property=\"og:image:height\" content=\"333\" \/>\n\t<meta property=\"og:image:type\" content=\"image\/jpeg\" \/>\n<meta name=\"twitter:card\" content=\"summary_large_image\" \/>\n<script type=\"application\/ld+json\" class=\"yoast-schema-graph\">{\"@context\":\"https:\/\/schema.org\",\"@graph\":[{\"@type\":\"WebPage\",\"@id\":\"https:\/\/qimiq.ch\/qimiq-fuer-profis\/chefkoeche\/chefkoch-rezepte\/bachforelle-und-pfefferlachsforelle-von-karl-und-rudi-obauer\/\",\"url\":\"https:\/\/qimiq.ch\/qimiq-fuer-profis\/chefkoeche\/chefkoch-rezepte\/bachforelle-und-pfefferlachsforelle-von-karl-und-rudi-obauer\/\",\"name\":\"Bachforelle und Pfefferlachsforelle von Karl und Rudi Obauer - QimiQ Schweiz\",\"isPartOf\":{\"@id\":\"https:\/\/qimiq.ch\/en\/#website\"},\"primaryImageOfPage\":{\"@id\":\"https:\/\/qimiq.ch\/qimiq-fuer-profis\/chefkoeche\/chefkoch-rezepte\/bachforelle-und-pfefferlachsforelle-von-karl-und-rudi-obauer\/#primaryimage\"},\"image\":{\"@id\":\"https:\/\/qimiq.ch\/qimiq-fuer-profis\/chefkoeche\/chefkoch-rezepte\/bachforelle-und-pfefferlachsforelle-von-karl-und-rudi-obauer\/#primaryimage\"},\"thumbnailUrl\":\"https:\/\/qimiq.ch\/wp-content\/uploads\/sites\/4\/CR-Spargelsouffle.jpg\",\"datePublished\":\"2022-10-06T13:11:08+00:00\",\"dateModified\":\"2023-07-20T13:42:38+00:00\",\"breadcrumb\":{\"@id\":\"https:\/\/qimiq.ch\/qimiq-fuer-profis\/chefkoeche\/chefkoch-rezepte\/bachforelle-und-pfefferlachsforelle-von-karl-und-rudi-obauer\/#breadcrumb\"},\"inLanguage\":\"fr-FR\",\"potentialAction\":[{\"@type\":\"ReadAction\",\"target\":[\"https:\/\/qimiq.ch\/qimiq-fuer-profis\/chefkoeche\/chefkoch-rezepte\/bachforelle-und-pfefferlachsforelle-von-karl-und-rudi-obauer\/\"]}]},{\"@type\":\"ImageObject\",\"inLanguage\":\"fr-FR\",\"@id\":\"https:\/\/qimiq.ch\/qimiq-fuer-profis\/chefkoeche\/chefkoch-rezepte\/bachforelle-und-pfefferlachsforelle-von-karl-und-rudi-obauer\/#primaryimage\",\"url\":\"https:\/\/qimiq.ch\/wp-content\/uploads\/sites\/4\/CR-Spargelsouffle.jpg\",\"contentUrl\":\"https:\/\/qimiq.ch\/wp-content\/uploads\/sites\/4\/CR-Spargelsouffle.jpg\",\"width\":500,\"height\":333,\"caption\":\"CR Spargelsouffle\"},{\"@type\":\"BreadcrumbList\",\"@id\":\"https:\/\/qimiq.ch\/qimiq-fuer-profis\/chefkoeche\/chefkoch-rezepte\/bachforelle-und-pfefferlachsforelle-von-karl-und-rudi-obauer\/#breadcrumb\",\"itemListElement\":[{\"@type\":\"ListItem\",\"position\":1,\"name\":\"Home\",\"item\":\"https:\/\/qimiq.ch\/\"},{\"@type\":\"ListItem\",\"position\":2,\"name\":\"QimiQ f\u00fcr PROFIS\",\"item\":\"https:\/\/qimiq.ch\/qimiq-fuer-profis\/\"},{\"@type\":\"ListItem\",\"position\":3,\"name\":\"Chefk\u00f6che\",\"item\":\"https:\/\/qimiq.ch\/qimiq-fuer-profis\/chefkoeche\/\"},{\"@type\":\"ListItem\",\"position\":4,\"name\":\"Chefkoch Rezepte\",\"item\":\"https:\/\/qimiq.ch\/qimiq-fuer-profis\/chefkoeche\/chefkoch-rezepte\/\"},{\"@type\":\"ListItem\",\"position\":5,\"name\":\"Bachforelle und Pfefferlachsforelle von Karl und Rudi Obauer\"}]},{\"@type\":\"WebSite\",\"@id\":\"https:\/\/qimiq.ch\/en\/#website\",\"url\":\"https:\/\/qimiq.ch\/en\/\",\"name\":\"QimiQ Schweiz\",\"description\":\"\",\"publisher\":{\"@id\":\"https:\/\/qimiq.ch\/en\/#organization\"},\"potentialAction\":[{\"@type\":\"SearchAction\",\"target\":{\"@type\":\"EntryPoint\",\"urlTemplate\":\"https:\/\/qimiq.ch\/en\/?s={search_term_string}\"},\"query-input\":{\"@type\":\"PropertyValueSpecification\",\"valueRequired\":true,\"valueName\":\"search_term_string\"}}],\"inLanguage\":\"fr-FR\"},{\"@type\":\"Organization\",\"@id\":\"https:\/\/qimiq.ch\/en\/#organization\",\"name\":\"QimiQ Schweiz\",\"url\":\"https:\/\/qimiq.ch\/en\/\",\"logo\":{\"@type\":\"ImageObject\",\"inLanguage\":\"fr-FR\",\"@id\":\"https:\/\/qimiq.ch\/en\/#\/schema\/logo\/image\/\",\"url\":\"https:\/\/qimiq.ch\/wp-content\/uploads\/sites\/4\/AdobeStock_300763099_Video_HD_Preview.png\",\"contentUrl\":\"https:\/\/qimiq.ch\/wp-content\/uploads\/sites\/4\/AdobeStock_300763099_Video_HD_Preview.png\",\"width\":712,\"height\":401,\"caption\":\"QimiQ Schweiz\"},\"image\":{\"@id\":\"https:\/\/qimiq.ch\/en\/#\/schema\/logo\/image\/\"},\"sameAs\":[\"https:\/\/www.facebook.com\/QimiQWorld\/\",\"https:\/\/www.facebook.com\/QimiQProfessionals\/\",\"https:\/\/www.instagram.com\/qimiq_austria\/\"]}]}<\/script>\n<!-- \/ Yoast SEO Premium plugin. -->","yoast_head_json":{"title":"Truite de rivi\u00e8re et truite saumon\u00e9e au poivre de Karl et Rudi Obauer - QimiQ Suisse","robots":{"index":"index","follow":"follow","max-snippet":"max-snippet:-1","max-image-preview":"max-image-preview:large","max-video-preview":"max-video-preview:-1"},"canonical":"https:\/\/qimiq.ch\/fr\/qimiq-pour-les-professionnels\/chef-cuisinier\/recettes-de-chef\/truite-de-riviere-et-truite-saumonee-poivree-de-karl-et-rudi-obauer\/","og_locale":"fr_FR","og_type":"article","og_title":"Bachforelle und Pfefferlachsforelle von Karl und Rudi Obauer","og_url":"https:\/\/qimiq.ch\/fr\/qimiq-pour-les-professionnels\/chef-cuisinier\/recettes-de-chef\/truite-de-riviere-et-truite-saumonee-poivree-de-karl-et-rudi-obauer\/","og_site_name":"QimiQ Schweiz","article_publisher":"https:\/\/www.facebook.com\/QimiQWorld\/","article_modified_time":"2023-07-20T13:42:38+00:00","og_image":[{"width":500,"height":333,"url":"https:\/\/qimiq.ch\/wp-content\/uploads\/sites\/4\/CR-Spargelsouffle.jpg","type":"image\/jpeg"}],"twitter_card":"summary_large_image","schema":{"@context":"https:\/\/schema.org","@graph":[{"@type":"WebPage","@id":"https:\/\/qimiq.ch\/qimiq-fuer-profis\/chefkoeche\/chefkoch-rezepte\/bachforelle-und-pfefferlachsforelle-von-karl-und-rudi-obauer\/","url":"https:\/\/qimiq.ch\/qimiq-fuer-profis\/chefkoeche\/chefkoch-rezepte\/bachforelle-und-pfefferlachsforelle-von-karl-und-rudi-obauer\/","name":"Truite de rivi\u00e8re et truite saumon\u00e9e au poivre de Karl et Rudi Obauer - QimiQ Suisse","isPartOf":{"@id":"https:\/\/qimiq.ch\/en\/#website"},"primaryImageOfPage":{"@id":"https:\/\/qimiq.ch\/qimiq-fuer-profis\/chefkoeche\/chefkoch-rezepte\/bachforelle-und-pfefferlachsforelle-von-karl-und-rudi-obauer\/#primaryimage"},"image":{"@id":"https:\/\/qimiq.ch\/qimiq-fuer-profis\/chefkoeche\/chefkoch-rezepte\/bachforelle-und-pfefferlachsforelle-von-karl-und-rudi-obauer\/#primaryimage"},"thumbnailUrl":"https:\/\/qimiq.ch\/wp-content\/uploads\/sites\/4\/CR-Spargelsouffle.jpg","datePublished":"2022-10-06T13:11:08+00:00","dateModified":"2023-07-20T13:42:38+00:00","breadcrumb":{"@id":"https:\/\/qimiq.ch\/qimiq-fuer-profis\/chefkoeche\/chefkoch-rezepte\/bachforelle-und-pfefferlachsforelle-von-karl-und-rudi-obauer\/#breadcrumb"},"inLanguage":"fr-FR","potentialAction":[{"@type":"ReadAction","target":["https:\/\/qimiq.ch\/qimiq-fuer-profis\/chefkoeche\/chefkoch-rezepte\/bachforelle-und-pfefferlachsforelle-von-karl-und-rudi-obauer\/"]}]},{"@type":"ImageObject","inLanguage":"fr-FR","@id":"https:\/\/qimiq.ch\/qimiq-fuer-profis\/chefkoeche\/chefkoch-rezepte\/bachforelle-und-pfefferlachsforelle-von-karl-und-rudi-obauer\/#primaryimage","url":"https:\/\/qimiq.ch\/wp-content\/uploads\/sites\/4\/CR-Spargelsouffle.jpg","contentUrl":"https:\/\/qimiq.ch\/wp-content\/uploads\/sites\/4\/CR-Spargelsouffle.jpg","width":500,"height":333,"caption":"CR Spargelsouffle"},{"@type":"BreadcrumbList","@id":"https:\/\/qimiq.ch\/qimiq-fuer-profis\/chefkoeche\/chefkoch-rezepte\/bachforelle-und-pfefferlachsforelle-von-karl-und-rudi-obauer\/#breadcrumb","itemListElement":[{"@type":"ListItem","position":1,"name":"Home","item":"https:\/\/qimiq.ch\/"},{"@type":"ListItem","position":2,"name":"QimiQ f\u00fcr PROFIS","item":"https:\/\/qimiq.ch\/qimiq-fuer-profis\/"},{"@type":"ListItem","position":3,"name":"Chefk\u00f6che","item":"https:\/\/qimiq.ch\/qimiq-fuer-profis\/chefkoeche\/"},{"@type":"ListItem","position":4,"name":"Chefkoch Rezepte","item":"https:\/\/qimiq.ch\/qimiq-fuer-profis\/chefkoeche\/chefkoch-rezepte\/"},{"@type":"ListItem","position":5,"name":"Bachforelle und Pfefferlachsforelle von Karl und Rudi Obauer"}]},{"@type":"WebSite","@id":"https:\/\/qimiq.ch\/en\/#website","url":"https:\/\/qimiq.ch\/en\/","name":"QimiQ Suisse","description":"","publisher":{"@id":"https:\/\/qimiq.ch\/en\/#organization"},"potentialAction":[{"@type":"SearchAction","target":{"@type":"EntryPoint","urlTemplate":"https:\/\/qimiq.ch\/en\/?s={search_term_string}"},"query-input":{"@type":"PropertyValueSpecification","valueRequired":true,"valueName":"search_term_string"}}],"inLanguage":"fr-FR"},{"@type":"Organization","@id":"https:\/\/qimiq.ch\/en\/#organization","name":"QimiQ Suisse","url":"https:\/\/qimiq.ch\/en\/","logo":{"@type":"ImageObject","inLanguage":"fr-FR","@id":"https:\/\/qimiq.ch\/en\/#\/schema\/logo\/image\/","url":"https:\/\/qimiq.ch\/wp-content\/uploads\/sites\/4\/AdobeStock_300763099_Video_HD_Preview.png","contentUrl":"https:\/\/qimiq.ch\/wp-content\/uploads\/sites\/4\/AdobeStock_300763099_Video_HD_Preview.png","width":712,"height":401,"caption":"QimiQ Schweiz"},"image":{"@id":"https:\/\/qimiq.ch\/en\/#\/schema\/logo\/image\/"},"sameAs":["https:\/\/www.facebook.com\/QimiQWorld\/","https:\/\/www.facebook.com\/QimiQProfessionals\/","https:\/\/www.instagram.com\/qimiq_austria\/"]}]}},"_links":{"self":[{"href":"https:\/\/qimiq.ch\/fr\/wp-json\/wp\/v2\/pages\/1852","targetHints":{"allow":["GET"]}}],"collection":[{"href":"https:\/\/qimiq.ch\/fr\/wp-json\/wp\/v2\/pages"}],"about":[{"href":"https:\/\/qimiq.ch\/fr\/wp-json\/wp\/v2\/types\/page"}],"author":[{"embeddable":true,"href":"https:\/\/qimiq.ch\/fr\/wp-json\/wp\/v2\/users\/1"}],"replies":[{"embeddable":true,"href":"https:\/\/qimiq.ch\/fr\/wp-json\/wp\/v2\/comments?post=1852"}],"version-history":[{"count":3,"href":"https:\/\/qimiq.ch\/fr\/wp-json\/wp\/v2\/pages\/1852\/revisions"}],"predecessor-version":[{"id":2798,"href":"https:\/\/qimiq.ch\/fr\/wp-json\/wp\/v2\/pages\/1852\/revisions\/2798"}],"up":[{"embeddable":true,"href":"https:\/\/qimiq.ch\/fr\/wp-json\/wp\/v2\/pages\/682"}],"wp:featuredmedia":[{"embeddable":true,"href":"https:\/\/qimiq.ch\/fr\/wp-json\/wp\/v2\/media\/1759"}],"wp:attachment":[{"href":"https:\/\/qimiq.ch\/fr\/wp-json\/wp\/v2\/media?parent=1852"}],"curies":[{"name":"wp","href":"https:\/\/api.w.org\/{rel}","templated":true}]}}