{"id":2626,"date":"2023-06-26T13:07:17","date_gmt":"2023-06-26T12:07:17","guid":{"rendered":"https:\/\/qimiq.ch\/?page_id=2626"},"modified":"2023-11-16T08:58:35","modified_gmt":"2023-11-16T07:58:35","slug":"liste-des-pieces","status":"publish","type":"page","link":"https:\/\/qimiq.ch\/fr\/qimiq-pour-les-professionnels\/applications\/liste-des-pieces\/","title":{"rendered":"Liste des pi\u00e8ces"},"content":{"rendered":"<section id='lightpress__section--block_e39b4ba2f7f0b00ee8f9ad961e9639fd' class='lightpress__section--cow-headline--default lightpress__section--default-section-space lightpress__section lightpress__section--cow-headline' data-scroll-section><div class=\"cow-headline__container\">\n        <h2 data-aos=\"fade-right\" class=\"cow-headline__headline\"\n    data-aos-once=\"true\">La liste des pi\u00e8ces QimiQ<\/h2>\n<picture class=\"cow-headline__picture\"\n         data-aos=\"fade-left\"\n         data-aos-once=\"true\">\n    <source srcset=\"\/wp-content\/themes\/qimiq\/blocks\/cow-headline\/cow.png.webp\" type=\"image\/webp\">\n    <img decoding=\"async\" src=\"\/wp-content\/themes\/qimiq\/blocks\/cow-headline\/cow.png\" alt=\"Vache\">\n<\/picture>\n<\/div>\n\n<\/section>\n\n<section id='lightpress__section--block_f2ad01fecc17267f67cc73a7504fd843' class='lightpress__section--full-width lightpress__section--default-section-space lightpress__section lightpress__section--image-text' data-scroll-section><div class=\"image-text__container image-text__container-- image-text__container--mirrored\">\n                            <picture class=\"image-text__picture\"\n                 data-aos=\"fade-left\"\n                 data-aos-once=\"true\"\n                 data-aos-anchor=\"#lightpress__section--block_f2ad01fecc17267f67cc73a7504fd843 .image-text__container\">\n            <source srcset=\"https:\/\/qimiq.ch\/wp-content\/uploads\/sites\/4\/QimiQ_Gastro_HoReCa_Seite_1-710x1024.webp\" type=\"image\/webp\">\n            <img decoding=\"async\" src=\"https:\/\/qimiq.ch\/wp-content\/uploads\/sites\/4\/QimiQ_Gastro_HoReCa_Seite_1-710x1024.png\" alt=\"QimiQ Gastro HoReCa Page 1\" \/>\n        <\/picture>\n    \n    <div class=\"image-text__text\">\n        \n                    <h2 class=\"text--medium text--55\" data-aos=\"fade-right\"\n                data-aos-once=\"true\"\n                data-aos-delay=\"100\"\n                data-aos-anchor=\"#lightpress__section--block_f2ad01fecc17267f67cc73a7504fd843 .image-text__container\">Comment utiliser les produits QimiQ ?<\/h2>\n        \n                    <div class=\"spacer--60\"><\/div>\n\n            <div data-aos=\"fade-right\" data-aos-once=\"true\"\n                 data-aos-delay=\"200\"\n                 data-aos-anchor=\"#lightpress__section--block_f2ad01fecc17267f67cc73a7504fd843 .image-text__container\"><p><strong>Avantages pour l'h\u00f4tellerie et la restauration<\/strong><\/p>\n<p>\u00a0<\/p>\n<p>QimiQ optimise les temps de production en cuisine et fournit des solutions conceptuelles pour une r\u00e9alisation parfaite des recettes. Chez QimiQ, nous fournissons la base de la recette \u00e0 partir d'une liste de pi\u00e8ces. Vous contr\u00f4lez la texture, la stabilit\u00e9 ou le go\u00fbt \u00e0 l'aide d'agents aromatisants tels que le beurre, l'huile, la graisse, la cr\u00e8me, le fromage blanc, le fromage frais, le mascarpone, les fruits, les l\u00e9gumes, les \u00e9pices, le sucre, etc.<\/p>\n<\/div>\n        \n                    <div class=\"spacer--60\"><\/div>\n\n            <a class=\"qimiq-button\"\n               href=\"https:\/\/qimiq.ch\/wp-content\/uploads\/sites\/4\/QimiQ_Gastro_HoReCa.pdf\"\n               target=\"\" data-aos=\"fade-right\" data-aos-once=\"true\"\n               data-aos-delay=\"300\"\n               data-aos-anchor=\"#lightpress__section--block_f2ad01fecc17267f67cc73a7504fd843 .image-text__container\">Liste des pi\u00e8ces QimiQ<\/a>\n            <\/div>\n<\/div>\n\n<\/section>","protected":false},"excerpt":{"rendered":"","protected":false},"author":1,"featured_media":0,"parent":2471,"menu_order":0,"comment_status":"closed","ping_status":"closed","template":"","meta":{"_acf_changed":false,"_relevanssi_hide_post":"","_relevanssi_hide_content":"","_relevanssi_pin_for_all":"","_relevanssi_pin_keywords":"","_relevanssi_unpin_keywords":"","_relevanssi_related_keywords":"","_relevanssi_related_include_ids":"","_relevanssi_related_exclude_ids":"","_relevanssi_related_no_append":"","_relevanssi_related_not_related":"","_relevanssi_related_posts":"","_relevanssi_noindex_reason":"","footnotes":""},"class_list":["post-2626","page","type-page","status-publish","hentry"],"acf":[],"yoast_head":"<!-- This site is optimized with the Yoast SEO Premium plugin v26.6 (Yoast SEO v26.8) - https:\/\/yoast.com\/product\/yoast-seo-premium-wordpress\/ -->\n<title>Teileliste - QimiQ Schweiz<\/title>\n<meta name=\"robots\" content=\"index, follow, max-snippet:-1, max-image-preview:large, max-video-preview:-1\" \/>\n<link rel=\"canonical\" href=\"https:\/\/qimiq.ch\/fr\/qimiq-pour-les-professionnels\/applications\/liste-des-pieces\/\" \/>\n<meta property=\"og:locale\" content=\"fr_FR\" \/>\n<meta property=\"og:type\" content=\"article\" \/>\n<meta property=\"og:title\" content=\"Teileliste\" \/>\n<meta property=\"og:url\" content=\"https:\/\/qimiq.ch\/fr\/qimiq-pour-les-professionnels\/applications\/liste-des-pieces\/\" \/>\n<meta property=\"og:site_name\" content=\"QimiQ Schweiz\" \/>\n<meta property=\"article:publisher\" content=\"https:\/\/www.facebook.com\/QimiQWorld\/\" \/>\n<meta property=\"article:modified_time\" content=\"2023-11-16T07:58:35+00:00\" \/>\n<meta property=\"og:image\" content=\"https:\/\/qimiq.ch\/wp-content\/uploads\/sites\/4\/Torte.png\" \/>\n\t<meta property=\"og:image:width\" content=\"316\" \/>\n\t<meta property=\"og:image:height\" content=\"202\" \/>\n\t<meta property=\"og:image:type\" content=\"image\/png\" \/>\n<meta name=\"twitter:card\" content=\"summary_large_image\" \/>\n<script type=\"application\/ld+json\" class=\"yoast-schema-graph\">{\"@context\":\"https:\/\/schema.org\",\"@graph\":[{\"@type\":\"WebPage\",\"@id\":\"https:\/\/qimiq.ch\/qimiq-fuer-profis\/anwendungen\/teileliste\/\",\"url\":\"https:\/\/qimiq.ch\/qimiq-fuer-profis\/anwendungen\/teileliste\/\",\"name\":\"Teileliste - QimiQ Schweiz\",\"isPartOf\":{\"@id\":\"https:\/\/qimiq.ch\/en\/#website\"},\"datePublished\":\"2023-06-26T12:07:17+00:00\",\"dateModified\":\"2023-11-16T07:58:35+00:00\",\"breadcrumb\":{\"@id\":\"https:\/\/qimiq.ch\/qimiq-fuer-profis\/anwendungen\/teileliste\/#breadcrumb\"},\"inLanguage\":\"fr-FR\",\"potentialAction\":[{\"@type\":\"ReadAction\",\"target\":[\"https:\/\/qimiq.ch\/qimiq-fuer-profis\/anwendungen\/teileliste\/\"]}]},{\"@type\":\"BreadcrumbList\",\"@id\":\"https:\/\/qimiq.ch\/qimiq-fuer-profis\/anwendungen\/teileliste\/#breadcrumb\",\"itemListElement\":[{\"@type\":\"ListItem\",\"position\":1,\"name\":\"Home\",\"item\":\"https:\/\/qimiq.ch\/\"},{\"@type\":\"ListItem\",\"position\":2,\"name\":\"QimiQ f\u00fcr PROFIS\",\"item\":\"https:\/\/qimiq.ch\/qimiq-fuer-profis\/\"},{\"@type\":\"ListItem\",\"position\":3,\"name\":\"Anwendungen\",\"item\":\"https:\/\/qimiq.ch\/qimiq-fuer-profis\/anwendungen\/\"},{\"@type\":\"ListItem\",\"position\":4,\"name\":\"Teileliste\"}]},{\"@type\":\"WebSite\",\"@id\":\"https:\/\/qimiq.ch\/en\/#website\",\"url\":\"https:\/\/qimiq.ch\/en\/\",\"name\":\"QimiQ Schweiz\",\"description\":\"\",\"publisher\":{\"@id\":\"https:\/\/qimiq.ch\/en\/#organization\"},\"potentialAction\":[{\"@type\":\"SearchAction\",\"target\":{\"@type\":\"EntryPoint\",\"urlTemplate\":\"https:\/\/qimiq.ch\/en\/?s={search_term_string}\"},\"query-input\":{\"@type\":\"PropertyValueSpecification\",\"valueRequired\":true,\"valueName\":\"search_term_string\"}}],\"inLanguage\":\"fr-FR\"},{\"@type\":\"Organization\",\"@id\":\"https:\/\/qimiq.ch\/en\/#organization\",\"name\":\"QimiQ Schweiz\",\"url\":\"https:\/\/qimiq.ch\/en\/\",\"logo\":{\"@type\":\"ImageObject\",\"inLanguage\":\"fr-FR\",\"@id\":\"https:\/\/qimiq.ch\/en\/#\/schema\/logo\/image\/\",\"url\":\"https:\/\/qimiq.ch\/wp-content\/uploads\/sites\/4\/AdobeStock_300763099_Video_HD_Preview.png\",\"contentUrl\":\"https:\/\/qimiq.ch\/wp-content\/uploads\/sites\/4\/AdobeStock_300763099_Video_HD_Preview.png\",\"width\":712,\"height\":401,\"caption\":\"QimiQ Schweiz\"},\"image\":{\"@id\":\"https:\/\/qimiq.ch\/en\/#\/schema\/logo\/image\/\"},\"sameAs\":[\"https:\/\/www.facebook.com\/QimiQWorld\/\",\"https:\/\/www.facebook.com\/QimiQProfessionals\/\",\"https:\/\/www.instagram.com\/qimiq_austria\/\"]}]}<\/script>\n<!-- \/ Yoast SEO Premium plugin. -->","yoast_head_json":{"title":"Liste des pi\u00e8ces - QimiQ Suisse","robots":{"index":"index","follow":"follow","max-snippet":"max-snippet:-1","max-image-preview":"max-image-preview:large","max-video-preview":"max-video-preview:-1"},"canonical":"https:\/\/qimiq.ch\/fr\/qimiq-pour-les-professionnels\/applications\/liste-des-pieces\/","og_locale":"fr_FR","og_type":"article","og_title":"Teileliste","og_url":"https:\/\/qimiq.ch\/fr\/qimiq-pour-les-professionnels\/applications\/liste-des-pieces\/","og_site_name":"QimiQ Schweiz","article_publisher":"https:\/\/www.facebook.com\/QimiQWorld\/","article_modified_time":"2023-11-16T07:58:35+00:00","og_image":[{"width":316,"height":202,"url":"https:\/\/qimiq.ch\/wp-content\/uploads\/sites\/4\/Torte.png","type":"image\/png"}],"twitter_card":"summary_large_image","schema":{"@context":"https:\/\/schema.org","@graph":[{"@type":"WebPage","@id":"https:\/\/qimiq.ch\/qimiq-fuer-profis\/anwendungen\/teileliste\/","url":"https:\/\/qimiq.ch\/qimiq-fuer-profis\/anwendungen\/teileliste\/","name":"Liste des pi\u00e8ces - QimiQ Suisse","isPartOf":{"@id":"https:\/\/qimiq.ch\/en\/#website"},"datePublished":"2023-06-26T12:07:17+00:00","dateModified":"2023-11-16T07:58:35+00:00","breadcrumb":{"@id":"https:\/\/qimiq.ch\/qimiq-fuer-profis\/anwendungen\/teileliste\/#breadcrumb"},"inLanguage":"fr-FR","potentialAction":[{"@type":"ReadAction","target":["https:\/\/qimiq.ch\/qimiq-fuer-profis\/anwendungen\/teileliste\/"]}]},{"@type":"BreadcrumbList","@id":"https:\/\/qimiq.ch\/qimiq-fuer-profis\/anwendungen\/teileliste\/#breadcrumb","itemListElement":[{"@type":"ListItem","position":1,"name":"Home","item":"https:\/\/qimiq.ch\/"},{"@type":"ListItem","position":2,"name":"QimiQ f\u00fcr PROFIS","item":"https:\/\/qimiq.ch\/qimiq-fuer-profis\/"},{"@type":"ListItem","position":3,"name":"Anwendungen","item":"https:\/\/qimiq.ch\/qimiq-fuer-profis\/anwendungen\/"},{"@type":"ListItem","position":4,"name":"Teileliste"}]},{"@type":"WebSite","@id":"https:\/\/qimiq.ch\/en\/#website","url":"https:\/\/qimiq.ch\/en\/","name":"QimiQ Suisse","description":"","publisher":{"@id":"https:\/\/qimiq.ch\/en\/#organization"},"potentialAction":[{"@type":"SearchAction","target":{"@type":"EntryPoint","urlTemplate":"https:\/\/qimiq.ch\/en\/?s={search_term_string}"},"query-input":{"@type":"PropertyValueSpecification","valueRequired":true,"valueName":"search_term_string"}}],"inLanguage":"fr-FR"},{"@type":"Organization","@id":"https:\/\/qimiq.ch\/en\/#organization","name":"QimiQ Suisse","url":"https:\/\/qimiq.ch\/en\/","logo":{"@type":"ImageObject","inLanguage":"fr-FR","@id":"https:\/\/qimiq.ch\/en\/#\/schema\/logo\/image\/","url":"https:\/\/qimiq.ch\/wp-content\/uploads\/sites\/4\/AdobeStock_300763099_Video_HD_Preview.png","contentUrl":"https:\/\/qimiq.ch\/wp-content\/uploads\/sites\/4\/AdobeStock_300763099_Video_HD_Preview.png","width":712,"height":401,"caption":"QimiQ Schweiz"},"image":{"@id":"https:\/\/qimiq.ch\/en\/#\/schema\/logo\/image\/"},"sameAs":["https:\/\/www.facebook.com\/QimiQWorld\/","https:\/\/www.facebook.com\/QimiQProfessionals\/","https:\/\/www.instagram.com\/qimiq_austria\/"]}]}},"_links":{"self":[{"href":"https:\/\/qimiq.ch\/fr\/wp-json\/wp\/v2\/pages\/2626","targetHints":{"allow":["GET"]}}],"collection":[{"href":"https:\/\/qimiq.ch\/fr\/wp-json\/wp\/v2\/pages"}],"about":[{"href":"https:\/\/qimiq.ch\/fr\/wp-json\/wp\/v2\/types\/page"}],"author":[{"embeddable":true,"href":"https:\/\/qimiq.ch\/fr\/wp-json\/wp\/v2\/users\/1"}],"replies":[{"embeddable":true,"href":"https:\/\/qimiq.ch\/fr\/wp-json\/wp\/v2\/comments?post=2626"}],"version-history":[{"count":3,"href":"https:\/\/qimiq.ch\/fr\/wp-json\/wp\/v2\/pages\/2626\/revisions"}],"predecessor-version":[{"id":3140,"href":"https:\/\/qimiq.ch\/fr\/wp-json\/wp\/v2\/pages\/2626\/revisions\/3140"}],"up":[{"embeddable":true,"href":"https:\/\/qimiq.ch\/fr\/wp-json\/wp\/v2\/pages\/2471"}],"wp:attachment":[{"href":"https:\/\/qimiq.ch\/fr\/wp-json\/wp\/v2\/media?parent=2626"}],"curies":[{"name":"wp","href":"https:\/\/api.w.org\/{rel}","templated":true}]}}