{"id":2634,"date":"2023-06-26T13:08:12","date_gmt":"2023-06-26T12:08:12","guid":{"rendered":"https:\/\/qimiq.ch\/?page_id=2634"},"modified":"2023-07-20T10:04:26","modified_gmt":"2023-07-20T09:04:26","slug":"concept-piquant","status":"publish","type":"page","link":"https:\/\/qimiq.ch\/fr\/qimiq-pour-les-professionnels\/applications\/concept-piquant\/","title":{"rendered":"Un concept piquant"},"content":{"rendered":"<section id='lightpress__section--block_231abe29459164bfab4848968c1c7212' class='lightpress__section--cow-headline--default lightpress__section--default-section-space lightpress__section lightpress__section--cow-headline' data-scroll-section><div class=\"cow-headline__container\">\n        <h2 data-aos=\"fade-right\" class=\"cow-headline__headline\"\n    data-aos-once=\"true\">Un concept piquant<\/h2>\n<picture class=\"cow-headline__picture\"\n         data-aos=\"fade-left\"\n         data-aos-once=\"true\">\n    <source srcset=\"\/wp-content\/themes\/qimiq\/blocks\/cow-headline\/cow.png.webp\" type=\"image\/webp\">\n    <img decoding=\"async\" src=\"\/wp-content\/themes\/qimiq\/blocks\/cow-headline\/cow.png\" alt=\"Vache\">\n<\/picture>\n<\/div>\n\n<\/section>\n\n<section id='lightpress__section--block_88e98f02230fc11892819f25ed6ce73d' class='lightpress__section--default-section-space lightpress__section lightpress__section--highlight-grid' data-scroll-section><div class=\"highlight-grid__explanation highlight-grid__explanation--\">\n    \n    \n    <\/div>\n\n    <div class=\"highlight-grid\">\n                    \n                            <a href=\"https:\/\/rdb.qimiq.ch\/de\/recipes\/4952\" target=\"_blank\"\n                   class=\"highlight-grid__entry\"\n                        data-aos-anchor=\"#lightpress__section--block_88e98f02230fc11892819f25ed6ce73d .highlight-grid\"\n            data-aos=\"fade-up\"\n            data-aos-delay=\"0\"\n            data-aos-once=\"true\">\n\n                            <picture class=\"highlight-grid__entry--image\">\n                    <source srcset=\"https:\/\/qimiq.ch\/wp-content\/uploads\/sites\/4\/Design-ohne-Titel137.webp\" type=\"image\/webp\">\n                    <img decoding=\"async\" src=\"https:\/\/qimiq.ch\/wp-content\/uploads\/sites\/4\/Design-ohne-Titel137.png\" alt=\"Design sans titre137\" width=\"440px\" height=\"440px\" \/>\n                <\/picture>\n            \n                            <div class=\"highlight-grid__textbox\" data-aos=\"fade-up\"\n                     data-aos-anchor=\"#lightpress__section--block_88e98f02230fc11892819f25ed6ce73d .highlight-grid\"\n                     data-aos-delay=\"150\"\n                     data-aos-once=\"true\">\n                    <div>\n                                                    <p class=\"highlight-grid__headline text--25 text--color-darkblue text--medium\"> Thon \u00e0 tartiner<\/p>\n                                                                    <\/div>\n\n                                    <\/div>\n            \n                            <\/a>\n            \n                    \n                            <a href=\"https:\/\/rdb.qimiq.ch\/de\/recipes\/4907\" target=\"_blank\"\n                   class=\"highlight-grid__entry\"\n                        data-aos-anchor=\"#lightpress__section--block_88e98f02230fc11892819f25ed6ce73d .highlight-grid\"\n            data-aos=\"fade-up\"\n            data-aos-delay=\"150\"\n            data-aos-once=\"true\">\n\n                            <picture class=\"highlight-grid__entry--image\">\n                    <source srcset=\"https:\/\/qimiq.ch\/wp-content\/uploads\/sites\/4\/Design-ohne-Titel138.webp\" type=\"image\/webp\">\n                    <img decoding=\"async\" src=\"https:\/\/qimiq.ch\/wp-content\/uploads\/sites\/4\/Design-ohne-Titel138.png\" alt=\"Design sans titre138\" width=\"440px\" height=\"440px\" \/>\n                <\/picture>\n            \n                            <div class=\"highlight-grid__textbox\" data-aos=\"fade-up\"\n                     data-aos-anchor=\"#lightpress__section--block_88e98f02230fc11892819f25ed6ce73d .highlight-grid\"\n                     data-aos-delay=\"300\"\n                     data-aos-once=\"true\">\n                    <div>\n                                                    <p class=\"highlight-grid__headline text--25 text--color-darkblue text--medium\">Vinaigrette au wasabi<\/p>\n                                                                    <\/div>\n\n                                    <\/div>\n            \n                            <\/a>\n            \n                    \n                            <a href=\"https:\/\/rdb.qimiq.ch\/de\/recipes\/4894\" target=\"_blank\"\n                   class=\"highlight-grid__entry\"\n                        data-aos-anchor=\"#lightpress__section--block_88e98f02230fc11892819f25ed6ce73d .highlight-grid\"\n            data-aos=\"fade-up\"\n            data-aos-delay=\"300\"\n            data-aos-once=\"true\">\n\n                            <picture class=\"highlight-grid__entry--image\">\n                    <source srcset=\"https:\/\/qimiq.ch\/wp-content\/uploads\/sites\/4\/Design-ohne-Titel139.webp\" type=\"image\/webp\">\n                    <img decoding=\"async\" src=\"https:\/\/qimiq.ch\/wp-content\/uploads\/sites\/4\/Design-ohne-Titel139.png\" alt=\"Design sans titre139\" width=\"440px\" height=\"440px\" \/>\n                <\/picture>\n            \n                            <div class=\"highlight-grid__textbox\" data-aos=\"fade-up\"\n                     data-aos-anchor=\"#lightpress__section--block_88e98f02230fc11892819f25ed6ce73d .highlight-grid\"\n                     data-aos-delay=\"450\"\n                     data-aos-once=\"true\">\n                    <div>\n                                                    <p class=\"highlight-grid__headline text--25 text--color-darkblue text--medium\">Mousse de saumon fum\u00e9<\/p>\n                                                                    <\/div>\n\n                                    <\/div>\n            \n                            <\/a>\n            \n            <\/div>\n\n\n<\/section>\n\n<section id='lightpress__section--block_917b8ff500c3cbc213eaa0e9e7285d2c' class='lightpress__section--full-width lightpress__section--default-section-space lightpress__section lightpress__section--image-text' data-scroll-section><div class=\"image-text__container image-text__container--\">\n                            <picture class=\"image-text__picture\"\n                 data-aos=\"fade-left\"\n                 data-aos-once=\"true\"\n                 data-aos-anchor=\"#lightpress__section--block_917b8ff500c3cbc213eaa0e9e7285d2c .image-text__container\">\n            <source srcset=\"https:\/\/qimiq.ch\/wp-content\/uploads\/sites\/4\/2020_QimiQ_Pikant_Konzept_A4_Seite_01-scaled-1-724x1024.webp\" type=\"image\/webp\">\n            <img decoding=\"async\" src=\"https:\/\/qimiq.ch\/wp-content\/uploads\/sites\/4\/2020_QimiQ_Pikant_Konzept_A4_Seite_01-scaled-1-724x1024.jpg\" alt=\"2020 QimiQ Pikant Concept A4 Page 01 scaled 1\" \/>\n        <\/picture>\n    \n    <div class=\"image-text__text\">\n        \n                    <h2 class=\"text--medium text--55\" data-aos=\"fade-right\"\n                data-aos-once=\"true\"\n                data-aos-delay=\"100\"\n                data-aos-anchor=\"#lightpress__section--block_917b8ff500c3cbc213eaa0e9e7285d2c .image-text__container\">Les 5 \u00e9l\u00e9ments du concept QimiQ Pikant<\/h2>\n        \n                    <div class=\"spacer--60\"><\/div>\n\n            <div data-aos=\"fade-right\" data-aos-once=\"true\"\n                 data-aos-delay=\"200\"\n                 data-aos-anchor=\"#lightpress__section--block_917b8ff500c3cbc213eaa0e9e7285d2c .image-text__container\"><ul>\n<li style=\"text-align: left;\">Des recettes de base simples permettent une infinit\u00e9 de variations faciles.<\/li>\n<li style=\"text-align: left;\">La s\u00e9curit\u00e9 de la r\u00e9ussite est garantie par l'utilisation du pourcentage QimiQ indiqu\u00e9.<\/li>\n<li style=\"text-align: left;\">Diff\u00e9rentes variantes optiques et pr\u00e9sentations sont possibles.<\/li>\n<li style=\"text-align: left;\">C'est vous, en tant que cuisinier professionnel, qui d\u00e9terminez le go\u00fbt, la cr\u00e9ativit\u00e9 et la diversit\u00e9 des plats.<\/li>\n<li style=\"text-align: left;\">Optimisation des temps de production en cuisine et meilleure planification de la r\u00e9partition des services.<\/li>\n<\/ul>\n<\/div>\n        \n            <\/div>\n<\/div>\n\n<\/section>\n\n<section id='lightpress__section--block_2ed7f216a7bce12089543f1bd849d74c' class='lightpress__section--default-section-space lightpress__section lightpress__section--wysiwyg' data-scroll-section><div class=\"wysiwyg-columns wysiwyg-columns--1\">\n            <div class=\"wysiwyg-columns__content\" data-aos=\"fade-right\"\n             data-aos-once=\"true\"><p style=\"text-align: center;\"><a class=\"qimiq-button\" href=\"https:\/\/qimiq.ch\/wp-content\/uploads\/sites\/4\/QimiQ_Pikant_Konzept.pdf\" target=\"_blank\" rel=\"noopener\">Un concept piquant<\/a><\/p>\n<\/div>\n    <\/div>\n\n<\/section>\n\n<section id='lightpress__section--block_49f078fbe6fd85a3dd52922d164121c0' class='lightpress__section--default-section-space lightpress__section lightpress__section--image' data-scroll-section>    <picture\n        class=\"image__picture image__picture--size-stretched image__picture--align-center\">\n            <source srcset=\"https:\/\/qimiq.ch\/wp-content\/uploads\/sites\/4\/1er.webp\" type=\"image\/webp\">\n        <img decoding=\"async\" src=\"https:\/\/qimiq.ch\/wp-content\/uploads\/sites\/4\/1er.png\" alt=\"1er\" \/>\n<\/picture>\n\n<\/section>\n\n<section id='lightpress__section--block_db0914721f0fce01261c4dca5771c65e' class='lightpress__section--default-section-space lightpress__section lightpress__section--image' data-scroll-section>    <picture\n        class=\"image__picture image__picture--size-stretched image__picture--align-center\">\n            <source srcset=\"https:\/\/qimiq.ch\/wp-content\/uploads\/sites\/4\/2er.webp\" type=\"image\/webp\">\n        <img decoding=\"async\" src=\"https:\/\/qimiq.ch\/wp-content\/uploads\/sites\/4\/2er.png\" alt=\"2 pi\u00e8ces\" \/>\n<\/picture>\n\n<\/section>\n\n<section id='lightpress__section--block_cf7e2fd35453f113ecd1dd3df622b6ac' class='lightpress__section--default-section-space lightpress__section lightpress__section--image' data-scroll-section>    <picture\n        class=\"image__picture image__picture--size-stretched image__picture--align-center\">\n            <source srcset=\"https:\/\/qimiq.ch\/wp-content\/uploads\/sites\/4\/3er.webp\" type=\"image\/webp\">\n        <img decoding=\"async\" src=\"https:\/\/qimiq.ch\/wp-content\/uploads\/sites\/4\/3er.png\" alt=\"3\" \/>\n<\/picture>\n\n<\/section>\n\n<section id='lightpress__section--block_aba049a2d3fc41f23e3bedcc5f6fb6e7' class='lightpress__section--full-width lightpress__section--default-section-space lightpress__section lightpress__section--image-text' data-scroll-section><div class=\"image-text__container image-text__container--\">\n                            <picture class=\"image-text__picture\"\n                 data-aos=\"fade-left\"\n                 data-aos-once=\"true\"\n                 data-aos-anchor=\"#lightpress__section--block_aba049a2d3fc41f23e3bedcc5f6fb6e7 .image-text__container\">\n            <source srcset=\"https:\/\/qimiq.ch\/wp-content\/uploads\/sites\/4\/MMM-MANGOS282-1024x1024.webp\" type=\"image\/webp\">\n            <img decoding=\"async\" src=\"https:\/\/qimiq.ch\/wp-content\/uploads\/sites\/4\/MMM-MANGOS282-1024x1024.png\" alt=\"MMM MANGOS282\" \/>\n        <\/picture>\n    \n    <div class=\"image-text__text\">\n        \n                    <h2 class=\"text--medium text--55\" data-aos=\"fade-right\"\n                data-aos-once=\"true\"\n                data-aos-delay=\"100\"\n                data-aos-anchor=\"#lightpress__section--block_aba049a2d3fc41f23e3bedcc5f6fb6e7 .image-text__container\">Ateliers<\/h2>\n        \n                    <div class=\"spacer--60\"><\/div>\n\n            <div data-aos=\"fade-right\" data-aos-once=\"true\"\n                 data-aos-delay=\"200\"\n                 data-aos-anchor=\"#lightpress__section--block_aba049a2d3fc41f23e3bedcc5f6fb6e7 .image-text__container\"><p style=\"text-align: left;\">Si vous souhaitez donner de nouvelles orientations \u00e0 votre cuisine, si vous vous int\u00e9ressez aux possibilit\u00e9s de pr\u00e9paration cr\u00e9atives et efficaces ou si vous souhaitez tout simplement g\u00e9rer plus efficacement votre production, votre temps et vos co\u00fbts, vous \u00eates \u00e0 la bonne adresse. Les ateliers QimiQ vous aident \u00e0 faciliter le travail quotidien en cuisine.<\/p>\n<p style=\"text-align: left;\">R\u00e9servez un atelier QimiQ et laissez-vous inspirer par nos chefs \u00e9toil\u00e9s.<\/p>\n<p>\u00a0<\/p>\n<p style=\"text-align: left;\">Courrier \u00e9lectronique : <a href=\"mailto:rd@qimiq.ch\">rd@qimiq.ch<\/a>.<\/p>\n<p style=\"text-align: left;\">\u00a0<\/p>\n<p style=\"text-align: left;\">Vous trouverez d'autres coordonn\u00e9es <a href=\"\/fr\/contact\/\">ici<\/a>.\u00a0<\/p>\n<\/div>\n        \n            <\/div>\n<\/div>\n\n<\/section>","protected":false},"excerpt":{"rendered":"","protected":false},"author":1,"featured_media":0,"parent":2471,"menu_order":1,"comment_status":"closed","ping_status":"closed","template":"","meta":{"_acf_changed":false,"_relevanssi_hide_post":"","_relevanssi_hide_content":"","_relevanssi_pin_for_all":"","_relevanssi_pin_keywords":"","_relevanssi_unpin_keywords":"","_relevanssi_related_keywords":"","_relevanssi_related_include_ids":"","_relevanssi_related_exclude_ids":"","_relevanssi_related_no_append":"","_relevanssi_related_not_related":"","_relevanssi_related_posts":"","_relevanssi_noindex_reason":"","footnotes":""},"class_list":["post-2634","page","type-page","status-publish","hentry"],"acf":[],"yoast_head":"<!-- This site is optimized with the Yoast SEO Premium plugin v26.6 (Yoast SEO v26.8) - https:\/\/yoast.com\/product\/yoast-seo-premium-wordpress\/ -->\n<title>Pikantes Konzept - QimiQ Schweiz<\/title>\n<meta name=\"robots\" content=\"index, follow, max-snippet:-1, max-image-preview:large, max-video-preview:-1\" \/>\n<link rel=\"canonical\" href=\"https:\/\/qimiq.ch\/fr\/qimiq-pour-les-professionnels\/applications\/concept-piquant\/\" \/>\n<meta property=\"og:locale\" content=\"fr_FR\" \/>\n<meta property=\"og:type\" content=\"article\" \/>\n<meta property=\"og:title\" content=\"Pikantes Konzept\" \/>\n<meta property=\"og:url\" content=\"https:\/\/qimiq.ch\/fr\/qimiq-pour-les-professionnels\/applications\/concept-piquant\/\" \/>\n<meta property=\"og:site_name\" content=\"QimiQ Schweiz\" \/>\n<meta property=\"article:publisher\" content=\"https:\/\/www.facebook.com\/QimiQWorld\/\" \/>\n<meta property=\"article:modified_time\" content=\"2023-07-20T09:04:26+00:00\" \/>\n<meta property=\"og:image\" content=\"https:\/\/qimiq.ch\/wp-content\/uploads\/sites\/4\/Torte.png\" \/>\n\t<meta property=\"og:image:width\" content=\"316\" \/>\n\t<meta property=\"og:image:height\" content=\"202\" \/>\n\t<meta property=\"og:image:type\" content=\"image\/png\" \/>\n<meta name=\"twitter:card\" content=\"summary_large_image\" \/>\n<script type=\"application\/ld+json\" class=\"yoast-schema-graph\">{\"@context\":\"https:\/\/schema.org\",\"@graph\":[{\"@type\":\"WebPage\",\"@id\":\"https:\/\/qimiq.ch\/qimiq-fuer-profis\/anwendungen\/pikantes-konzept\/\",\"url\":\"https:\/\/qimiq.ch\/qimiq-fuer-profis\/anwendungen\/pikantes-konzept\/\",\"name\":\"Pikantes Konzept - QimiQ Schweiz\",\"isPartOf\":{\"@id\":\"https:\/\/qimiq.ch\/en\/#website\"},\"datePublished\":\"2023-06-26T12:08:12+00:00\",\"dateModified\":\"2023-07-20T09:04:26+00:00\",\"breadcrumb\":{\"@id\":\"https:\/\/qimiq.ch\/qimiq-fuer-profis\/anwendungen\/pikantes-konzept\/#breadcrumb\"},\"inLanguage\":\"fr-FR\",\"potentialAction\":[{\"@type\":\"ReadAction\",\"target\":[\"https:\/\/qimiq.ch\/qimiq-fuer-profis\/anwendungen\/pikantes-konzept\/\"]}]},{\"@type\":\"BreadcrumbList\",\"@id\":\"https:\/\/qimiq.ch\/qimiq-fuer-profis\/anwendungen\/pikantes-konzept\/#breadcrumb\",\"itemListElement\":[{\"@type\":\"ListItem\",\"position\":1,\"name\":\"Home\",\"item\":\"https:\/\/qimiq.ch\/\"},{\"@type\":\"ListItem\",\"position\":2,\"name\":\"QimiQ f\u00fcr PROFIS\",\"item\":\"https:\/\/qimiq.ch\/qimiq-fuer-profis\/\"},{\"@type\":\"ListItem\",\"position\":3,\"name\":\"Anwendungen\",\"item\":\"https:\/\/qimiq.ch\/qimiq-fuer-profis\/anwendungen\/\"},{\"@type\":\"ListItem\",\"position\":4,\"name\":\"Pikantes Konzept\"}]},{\"@type\":\"WebSite\",\"@id\":\"https:\/\/qimiq.ch\/en\/#website\",\"url\":\"https:\/\/qimiq.ch\/en\/\",\"name\":\"QimiQ Schweiz\",\"description\":\"\",\"publisher\":{\"@id\":\"https:\/\/qimiq.ch\/en\/#organization\"},\"potentialAction\":[{\"@type\":\"SearchAction\",\"target\":{\"@type\":\"EntryPoint\",\"urlTemplate\":\"https:\/\/qimiq.ch\/en\/?s={search_term_string}\"},\"query-input\":{\"@type\":\"PropertyValueSpecification\",\"valueRequired\":true,\"valueName\":\"search_term_string\"}}],\"inLanguage\":\"fr-FR\"},{\"@type\":\"Organization\",\"@id\":\"https:\/\/qimiq.ch\/en\/#organization\",\"name\":\"QimiQ Schweiz\",\"url\":\"https:\/\/qimiq.ch\/en\/\",\"logo\":{\"@type\":\"ImageObject\",\"inLanguage\":\"fr-FR\",\"@id\":\"https:\/\/qimiq.ch\/en\/#\/schema\/logo\/image\/\",\"url\":\"https:\/\/qimiq.ch\/wp-content\/uploads\/sites\/4\/AdobeStock_300763099_Video_HD_Preview.png\",\"contentUrl\":\"https:\/\/qimiq.ch\/wp-content\/uploads\/sites\/4\/AdobeStock_300763099_Video_HD_Preview.png\",\"width\":712,\"height\":401,\"caption\":\"QimiQ Schweiz\"},\"image\":{\"@id\":\"https:\/\/qimiq.ch\/en\/#\/schema\/logo\/image\/\"},\"sameAs\":[\"https:\/\/www.facebook.com\/QimiQWorld\/\",\"https:\/\/www.facebook.com\/QimiQProfessionals\/\",\"https:\/\/www.instagram.com\/qimiq_austria\/\"]}]}<\/script>\n<!-- \/ Yoast SEO Premium plugin. -->","yoast_head_json":{"title":"Concept piquant - QimiQ Suisse","robots":{"index":"index","follow":"follow","max-snippet":"max-snippet:-1","max-image-preview":"max-image-preview:large","max-video-preview":"max-video-preview:-1"},"canonical":"https:\/\/qimiq.ch\/fr\/qimiq-pour-les-professionnels\/applications\/concept-piquant\/","og_locale":"fr_FR","og_type":"article","og_title":"Pikantes Konzept","og_url":"https:\/\/qimiq.ch\/fr\/qimiq-pour-les-professionnels\/applications\/concept-piquant\/","og_site_name":"QimiQ Schweiz","article_publisher":"https:\/\/www.facebook.com\/QimiQWorld\/","article_modified_time":"2023-07-20T09:04:26+00:00","og_image":[{"width":316,"height":202,"url":"https:\/\/qimiq.ch\/wp-content\/uploads\/sites\/4\/Torte.png","type":"image\/png"}],"twitter_card":"summary_large_image","schema":{"@context":"https:\/\/schema.org","@graph":[{"@type":"WebPage","@id":"https:\/\/qimiq.ch\/qimiq-fuer-profis\/anwendungen\/pikantes-konzept\/","url":"https:\/\/qimiq.ch\/qimiq-fuer-profis\/anwendungen\/pikantes-konzept\/","name":"Concept piquant - QimiQ Suisse","isPartOf":{"@id":"https:\/\/qimiq.ch\/en\/#website"},"datePublished":"2023-06-26T12:08:12+00:00","dateModified":"2023-07-20T09:04:26+00:00","breadcrumb":{"@id":"https:\/\/qimiq.ch\/qimiq-fuer-profis\/anwendungen\/pikantes-konzept\/#breadcrumb"},"inLanguage":"fr-FR","potentialAction":[{"@type":"ReadAction","target":["https:\/\/qimiq.ch\/qimiq-fuer-profis\/anwendungen\/pikantes-konzept\/"]}]},{"@type":"BreadcrumbList","@id":"https:\/\/qimiq.ch\/qimiq-fuer-profis\/anwendungen\/pikantes-konzept\/#breadcrumb","itemListElement":[{"@type":"ListItem","position":1,"name":"Home","item":"https:\/\/qimiq.ch\/"},{"@type":"ListItem","position":2,"name":"QimiQ f\u00fcr PROFIS","item":"https:\/\/qimiq.ch\/qimiq-fuer-profis\/"},{"@type":"ListItem","position":3,"name":"Anwendungen","item":"https:\/\/qimiq.ch\/qimiq-fuer-profis\/anwendungen\/"},{"@type":"ListItem","position":4,"name":"Pikantes Konzept"}]},{"@type":"WebSite","@id":"https:\/\/qimiq.ch\/en\/#website","url":"https:\/\/qimiq.ch\/en\/","name":"QimiQ Suisse","description":"","publisher":{"@id":"https:\/\/qimiq.ch\/en\/#organization"},"potentialAction":[{"@type":"SearchAction","target":{"@type":"EntryPoint","urlTemplate":"https:\/\/qimiq.ch\/en\/?s={search_term_string}"},"query-input":{"@type":"PropertyValueSpecification","valueRequired":true,"valueName":"search_term_string"}}],"inLanguage":"fr-FR"},{"@type":"Organization","@id":"https:\/\/qimiq.ch\/en\/#organization","name":"QimiQ Suisse","url":"https:\/\/qimiq.ch\/en\/","logo":{"@type":"ImageObject","inLanguage":"fr-FR","@id":"https:\/\/qimiq.ch\/en\/#\/schema\/logo\/image\/","url":"https:\/\/qimiq.ch\/wp-content\/uploads\/sites\/4\/AdobeStock_300763099_Video_HD_Preview.png","contentUrl":"https:\/\/qimiq.ch\/wp-content\/uploads\/sites\/4\/AdobeStock_300763099_Video_HD_Preview.png","width":712,"height":401,"caption":"QimiQ Schweiz"},"image":{"@id":"https:\/\/qimiq.ch\/en\/#\/schema\/logo\/image\/"},"sameAs":["https:\/\/www.facebook.com\/QimiQWorld\/","https:\/\/www.facebook.com\/QimiQProfessionals\/","https:\/\/www.instagram.com\/qimiq_austria\/"]}]}},"_links":{"self":[{"href":"https:\/\/qimiq.ch\/fr\/wp-json\/wp\/v2\/pages\/2634","targetHints":{"allow":["GET"]}}],"collection":[{"href":"https:\/\/qimiq.ch\/fr\/wp-json\/wp\/v2\/pages"}],"about":[{"href":"https:\/\/qimiq.ch\/fr\/wp-json\/wp\/v2\/types\/page"}],"author":[{"embeddable":true,"href":"https:\/\/qimiq.ch\/fr\/wp-json\/wp\/v2\/users\/1"}],"replies":[{"embeddable":true,"href":"https:\/\/qimiq.ch\/fr\/wp-json\/wp\/v2\/comments?post=2634"}],"version-history":[{"count":3,"href":"https:\/\/qimiq.ch\/fr\/wp-json\/wp\/v2\/pages\/2634\/revisions"}],"predecessor-version":[{"id":2761,"href":"https:\/\/qimiq.ch\/fr\/wp-json\/wp\/v2\/pages\/2634\/revisions\/2761"}],"up":[{"embeddable":true,"href":"https:\/\/qimiq.ch\/fr\/wp-json\/wp\/v2\/pages\/2471"}],"wp:attachment":[{"href":"https:\/\/qimiq.ch\/fr\/wp-json\/wp\/v2\/media?parent=2634"}],"curies":[{"name":"wp","href":"https:\/\/api.w.org\/{rel}","templated":true}]}}