{"id":2677,"date":"2023-06-26T13:44:03","date_gmt":"2023-06-26T12:44:03","guid":{"rendered":"https:\/\/qimiq.ch\/?page_id=2677"},"modified":"2023-06-26T13:45:24","modified_gmt":"2023-06-26T12:45:24","slug":"videos-du-chef","status":"publish","type":"page","link":"https:\/\/qimiq.ch\/fr\/qimiq-pour-les-professionnels\/chef-cuisinier\/videos-du-chef\/","title":{"rendered":"Vid\u00e9os du chef"},"content":{"rendered":"<section id='lightpress__section--block_b7742fd36881b73560f895790a04949c' class='lightpress__section--cow-headline--default lightpress__section--default-section-space lightpress__section lightpress__section--cow-headline' data-scroll-section><div class=\"cow-headline__container\">\n        <h1 data-aos=\"fade-right\" class=\"cow-headline__headline\"\n    data-aos-once=\"true\">Vid\u00e9os du chef<\/h1>\n<picture class=\"cow-headline__picture\"\n         data-aos=\"fade-left\"\n         data-aos-once=\"true\">\n    <source srcset=\"\/wp-content\/themes\/qimiq\/blocks\/cow-headline\/cow.png.webp\" type=\"image\/webp\">\n    <img decoding=\"async\" src=\"\/wp-content\/themes\/qimiq\/blocks\/cow-headline\/cow.png\" alt=\"Vache\">\n<\/picture>\n<\/div>\n\n<\/section>\n\n<section id='lightpress__section--block_253f71471319105d14562af75a9c4753' class='lightpress__section--default-section-space lightpress__section lightpress__section--video-box' data-scroll-section><div class=\"video-box__container video-box__container--\">\n\n    <div class=\"video-box__texteditor\" data-aos=\"fade-left\" data-aos-delay=\"100\" data-aos-once=\"true\">\n\n                    \n                            \n                <div data-aos=\"fade-right\" data-aos-once=\"true\"\n                     data-aos-delay=\"300\"\n                     data-aos-anchor=\"#lightpress__section--block_253f71471319105d14562af75a9c4753 .video-box__text\"><h3>Hans Mandl<\/h3>\n<p>\u00a0<\/p>\n<p>Hans Mandl a appris et cuisin\u00e9 dans les meilleures maisons et est cofondateur de QimiQ avec Rudolf Haindl. Il est synonyme de perfection, de cr\u00e9ativit\u00e9 et surtout de r\u00e9gionalisme. Dans cette vid\u00e9o, il raconte ce qui l'a marqu\u00e9 au fil des ans et ce que signifie pour lui la cuisine.<\/p>\n<\/div>\n                        <\/div>\n\n            <iframe class=\"video-box__iframe\" src=\"https:\/\/www.youtube-nocookie.com\/embed\/hBQkBrlEkto\" frameborder=\"0\"\n                allow=\"accelerometer; autoplay; clipboard-write; encrypted-media; gyroscope; picture-in-picture\"\n                allowfullscreen><\/iframe>\n    <\/div>\n\n<\/section>\n\n<section id='lightpress__section--block_b525c585023354dee11fd038c6a91d2d' class='lightpress__section--default-section-space lightpress__section lightpress__section--video-box' data-scroll-section><div class=\"video-box__container video-box__container-- video-box__container--mirrored\">\n\n    <div class=\"video-box__texteditor\" data-aos=\"fade-right\"\n          data-aos-delay=\"100\" data-aos-once=\"true\">\n\n                    \n                            \n                <div data-aos=\"fade-right\" data-aos-once=\"true\"\n                     data-aos-delay=\"300\"\n                     data-aos-anchor=\"#lightpress__section--block_b525c585023354dee11fd038c6a91d2d .video-box__text\"><h3>Karl &amp; Rudi Obauer<\/h3>\n<p>\u00a0<\/p>\n<p>Depuis plus de deux d\u00e9cennies, ils font partie des meilleurs cuisiniers d'Europe. Des g\u00e9nies aux fourneaux, g\u00e9niaux dans leurs recettes et autochtones dans leur go\u00fbt. Peu de gens peuvent faire encore mieux que ce qui est simple, Karl et Rudi Obauer sont de v\u00e9ritables ma\u00eetres en la mati\u00e8re.<\/p>\n<\/div>\n                        <\/div>\n\n            <iframe class=\"video-box__iframe\" src=\"https:\/\/www.youtube-nocookie.com\/embed\/18c_aDKv21o\" frameborder=\"0\"\n                allow=\"accelerometer; autoplay; clipboard-write; encrypted-media; gyroscope; picture-in-picture\"\n                allowfullscreen><\/iframe>\n    <\/div>\n\n<\/section>\n\n<section id='lightpress__section--block_56366c862a06cbee6e15ee56476418f2' class='lightpress__section--default-section-space lightpress__section lightpress__section--video-box' data-scroll-section><div class=\"video-box__container video-box__container--\">\n\n    <div class=\"video-box__texteditor\" data-aos=\"fade-left\" data-aos-delay=\"100\" data-aos-once=\"true\">\n\n                    \n                            \n                <div data-aos=\"fade-right\" data-aos-once=\"true\"\n                     data-aos-delay=\"300\"\n                     data-aos-anchor=\"#lightpress__section--block_56366c862a06cbee6e15ee56476418f2 .video-box__text\"><h3>Andreas Kaiblinger<\/h3>\n<p>\u00a0<\/p>\n<p>Esszimmer est l'un des meilleurs restaurants d'Autriche. Sur la colline de M\u00fcllner, dans la ville de Salzbourg, le ma\u00eetre de maison et chef Andreas Kaiblinger sert une cuisine d\u00e9contract\u00e9e dans une atmosph\u00e8re d\u00e9tendue. Un expert aux fourneaux qui aime son m\u00e9tier. On sent sa perfection dans chaque plat. Rares sont ceux qui, comme Kaiblinger, parviennent \u00e0 cuisiner \u00e0 ce niveau pendant des d\u00e9cennies. Cette vid\u00e9o raconte ce que tout cela a \u00e0 voir avec QimiQ, entre autres.<\/p>\n<\/div>\n                        <\/div>\n\n            <iframe class=\"video-box__iframe\" src=\"https:\/\/www.youtube-nocookie.com\/embed\/G7inYOxkWe0\" frameborder=\"0\"\n                allow=\"accelerometer; autoplay; clipboard-write; encrypted-media; gyroscope; picture-in-picture\"\n                allowfullscreen><\/iframe>\n    <\/div>\n\n<\/section>\n\n<section id='lightpress__section--block_a73c33ea36ec7dfc2edd86aed1234413' class='lightpress__section--default-section-space lightpress__section lightpress__section--video-box' data-scroll-section><div class=\"video-box__container video-box__container-- video-box__container--mirrored\">\n\n    <div class=\"video-box__texteditor\" data-aos=\"fade-right\"\n          data-aos-delay=\"100\" data-aos-once=\"true\">\n\n                    \n                            \n                <div data-aos=\"fade-right\" data-aos-once=\"true\"\n                     data-aos-delay=\"300\"\n                     data-aos-anchor=\"#lightpress__section--block_a73c33ea36ec7dfc2edd86aed1234413 .video-box__text\"><h3>Hans Peter Fink<\/h3>\n<h3>\u00a0<\/h3>\n<p>Hans Peter Fink, une institution autrichienne, t'emm\u00e8ne aujourd'hui dans sa magnifique entreprise familiale situ\u00e9e en Styrie. C'est ici que se rencontrent les habitants de la r\u00e9gion, les hommes d'affaires et les voyageurs \u00e9picuriens pour d\u00e9guster la cuisine typique de la r\u00e9gion et pleine de finesse de Hans Peter Fink dans une ambiance chaleureuse. Pour savoir ce que tout cela a \u00e0 voir avec QimiQ, consulte la vid\u00e9o....<\/p>\n<\/div>\n                        <\/div>\n\n            <iframe class=\"video-box__iframe\" src=\"https:\/\/www.youtube-nocookie.com\/embed\/u2rx2Fukj8c\" frameborder=\"0\"\n                allow=\"accelerometer; autoplay; clipboard-write; encrypted-media; gyroscope; picture-in-picture\"\n                allowfullscreen><\/iframe>\n    <\/div>\n\n<\/section>\n\n<section id='lightpress__section--block_63625387a03cafbc968e15d58b1ff99c' class='lightpress__section--default-section-space lightpress__section lightpress__section--video-box' data-scroll-section><div class=\"video-box__container video-box__container--\">\n\n    <div class=\"video-box__texteditor\" data-aos=\"fade-left\" data-aos-delay=\"100\" data-aos-once=\"true\">\n\n                    \n                            \n                <div data-aos=\"fade-right\" data-aos-once=\"true\"\n                     data-aos-delay=\"300\"\n                     data-aos-anchor=\"#lightpress__section--block_63625387a03cafbc968e15d58b1ff99c .video-box__text\"><h3>L\u00e9on Amon<\/h3>\n<h3>\u00a0<\/h3>\n<p>Se d\u00e9tendre et profiter d'une hospitalit\u00e9 chaleureuse, c'est ce que propose l'auberge d'Amon. Une entreprise familiale traditionnelle, comme nous les aimons ! On y sert une cuisine r\u00e9gionale et saisonni\u00e8re qui fait battre le c\u0153ur de chacun. Un must absolu \u00e0 Vienne ! Tu verras dans la vid\u00e9o ce que cela a \u00e0 voir avec QimiQ...<\/p>\n<\/div>\n                        <\/div>\n\n            <iframe class=\"video-box__iframe\" src=\"https:\/\/www.youtube-nocookie.com\/embed\/lYcwQEqm__U\" frameborder=\"0\"\n                allow=\"accelerometer; autoplay; clipboard-write; encrypted-media; gyroscope; picture-in-picture\"\n                allowfullscreen><\/iframe>\n    <\/div>\n\n<\/section>","protected":false},"excerpt":{"rendered":"","protected":false},"author":1,"featured_media":0,"parent":2663,"menu_order":1,"comment_status":"closed","ping_status":"closed","template":"","meta":{"_acf_changed":false,"_relevanssi_hide_post":"","_relevanssi_hide_content":"","_relevanssi_pin_for_all":"","_relevanssi_pin_keywords":"","_relevanssi_unpin_keywords":"","_relevanssi_related_keywords":"","_relevanssi_related_include_ids":"","_relevanssi_related_exclude_ids":"","_relevanssi_related_no_append":"","_relevanssi_related_not_related":"","_relevanssi_related_posts":"","_relevanssi_noindex_reason":"","footnotes":""},"class_list":["post-2677","page","type-page","status-publish","hentry"],"acf":[],"yoast_head":"<!-- This site is optimized with the Yoast SEO Premium plugin v26.6 (Yoast SEO v26.8) - https:\/\/yoast.com\/product\/yoast-seo-premium-wordpress\/ -->\n<title>Chefkoch-Videos - QimiQ Schweiz<\/title>\n<meta name=\"robots\" content=\"index, follow, max-snippet:-1, max-image-preview:large, max-video-preview:-1\" \/>\n<link rel=\"canonical\" href=\"https:\/\/qimiq.ch\/fr\/qimiq-pour-les-professionnels\/chef-cuisinier\/videos-du-chef\/\" \/>\n<meta property=\"og:locale\" content=\"fr_FR\" \/>\n<meta property=\"og:type\" content=\"article\" \/>\n<meta property=\"og:title\" content=\"Chefkoch-Videos\" \/>\n<meta property=\"og:url\" content=\"https:\/\/qimiq.ch\/fr\/qimiq-pour-les-professionnels\/chef-cuisinier\/videos-du-chef\/\" \/>\n<meta property=\"og:site_name\" content=\"QimiQ Schweiz\" \/>\n<meta property=\"article:publisher\" content=\"https:\/\/www.facebook.com\/QimiQWorld\/\" \/>\n<meta property=\"article:modified_time\" content=\"2023-06-26T12:45:24+00:00\" \/>\n<meta property=\"og:image\" content=\"https:\/\/qimiq.ch\/wp-content\/uploads\/sites\/4\/Torte.png\" \/>\n\t<meta property=\"og:image:width\" content=\"316\" \/>\n\t<meta property=\"og:image:height\" content=\"202\" \/>\n\t<meta property=\"og:image:type\" content=\"image\/png\" \/>\n<meta name=\"twitter:card\" content=\"summary_large_image\" \/>\n<script type=\"application\/ld+json\" class=\"yoast-schema-graph\">{\"@context\":\"https:\/\/schema.org\",\"@graph\":[{\"@type\":\"WebPage\",\"@id\":\"https:\/\/qimiq.ch\/qimiq-fuer-profis\/chefkoeche\/chefkoch-videos\/\",\"url\":\"https:\/\/qimiq.ch\/qimiq-fuer-profis\/chefkoeche\/chefkoch-videos\/\",\"name\":\"Chefkoch-Videos - QimiQ Schweiz\",\"isPartOf\":{\"@id\":\"https:\/\/qimiq.ch\/en\/#website\"},\"datePublished\":\"2023-06-26T12:44:03+00:00\",\"dateModified\":\"2023-06-26T12:45:24+00:00\",\"breadcrumb\":{\"@id\":\"https:\/\/qimiq.ch\/qimiq-fuer-profis\/chefkoeche\/chefkoch-videos\/#breadcrumb\"},\"inLanguage\":\"fr-FR\",\"potentialAction\":[{\"@type\":\"ReadAction\",\"target\":[\"https:\/\/qimiq.ch\/qimiq-fuer-profis\/chefkoeche\/chefkoch-videos\/\"]}]},{\"@type\":\"BreadcrumbList\",\"@id\":\"https:\/\/qimiq.ch\/qimiq-fuer-profis\/chefkoeche\/chefkoch-videos\/#breadcrumb\",\"itemListElement\":[{\"@type\":\"ListItem\",\"position\":1,\"name\":\"Home\",\"item\":\"https:\/\/qimiq.ch\/\"},{\"@type\":\"ListItem\",\"position\":2,\"name\":\"QimiQ f\u00fcr PROFIS\",\"item\":\"https:\/\/qimiq.ch\/qimiq-fuer-profis\/\"},{\"@type\":\"ListItem\",\"position\":3,\"name\":\"Chefk\u00f6che\",\"item\":\"https:\/\/qimiq.ch\/qimiq-fuer-profis\/chefkoeche\/\"},{\"@type\":\"ListItem\",\"position\":4,\"name\":\"Chefkoch-Videos\"}]},{\"@type\":\"WebSite\",\"@id\":\"https:\/\/qimiq.ch\/en\/#website\",\"url\":\"https:\/\/qimiq.ch\/en\/\",\"name\":\"QimiQ Schweiz\",\"description\":\"\",\"publisher\":{\"@id\":\"https:\/\/qimiq.ch\/en\/#organization\"},\"potentialAction\":[{\"@type\":\"SearchAction\",\"target\":{\"@type\":\"EntryPoint\",\"urlTemplate\":\"https:\/\/qimiq.ch\/en\/?s={search_term_string}\"},\"query-input\":{\"@type\":\"PropertyValueSpecification\",\"valueRequired\":true,\"valueName\":\"search_term_string\"}}],\"inLanguage\":\"fr-FR\"},{\"@type\":\"Organization\",\"@id\":\"https:\/\/qimiq.ch\/en\/#organization\",\"name\":\"QimiQ Schweiz\",\"url\":\"https:\/\/qimiq.ch\/en\/\",\"logo\":{\"@type\":\"ImageObject\",\"inLanguage\":\"fr-FR\",\"@id\":\"https:\/\/qimiq.ch\/en\/#\/schema\/logo\/image\/\",\"url\":\"https:\/\/qimiq.ch\/wp-content\/uploads\/sites\/4\/AdobeStock_300763099_Video_HD_Preview.png\",\"contentUrl\":\"https:\/\/qimiq.ch\/wp-content\/uploads\/sites\/4\/AdobeStock_300763099_Video_HD_Preview.png\",\"width\":712,\"height\":401,\"caption\":\"QimiQ Schweiz\"},\"image\":{\"@id\":\"https:\/\/qimiq.ch\/en\/#\/schema\/logo\/image\/\"},\"sameAs\":[\"https:\/\/www.facebook.com\/QimiQWorld\/\",\"https:\/\/www.facebook.com\/QimiQProfessionals\/\",\"https:\/\/www.instagram.com\/qimiq_austria\/\"]}]}<\/script>\n<!-- \/ Yoast SEO Premium plugin. -->","yoast_head_json":{"title":"Vid\u00e9os de chefs - QimiQ Suisse","robots":{"index":"index","follow":"follow","max-snippet":"max-snippet:-1","max-image-preview":"max-image-preview:large","max-video-preview":"max-video-preview:-1"},"canonical":"https:\/\/qimiq.ch\/fr\/qimiq-pour-les-professionnels\/chef-cuisinier\/videos-du-chef\/","og_locale":"fr_FR","og_type":"article","og_title":"Chefkoch-Videos","og_url":"https:\/\/qimiq.ch\/fr\/qimiq-pour-les-professionnels\/chef-cuisinier\/videos-du-chef\/","og_site_name":"QimiQ Schweiz","article_publisher":"https:\/\/www.facebook.com\/QimiQWorld\/","article_modified_time":"2023-06-26T12:45:24+00:00","og_image":[{"width":316,"height":202,"url":"https:\/\/qimiq.ch\/wp-content\/uploads\/sites\/4\/Torte.png","type":"image\/png"}],"twitter_card":"summary_large_image","schema":{"@context":"https:\/\/schema.org","@graph":[{"@type":"WebPage","@id":"https:\/\/qimiq.ch\/qimiq-fuer-profis\/chefkoeche\/chefkoch-videos\/","url":"https:\/\/qimiq.ch\/qimiq-fuer-profis\/chefkoeche\/chefkoch-videos\/","name":"Vid\u00e9os de chefs - QimiQ Suisse","isPartOf":{"@id":"https:\/\/qimiq.ch\/en\/#website"},"datePublished":"2023-06-26T12:44:03+00:00","dateModified":"2023-06-26T12:45:24+00:00","breadcrumb":{"@id":"https:\/\/qimiq.ch\/qimiq-fuer-profis\/chefkoeche\/chefkoch-videos\/#breadcrumb"},"inLanguage":"fr-FR","potentialAction":[{"@type":"ReadAction","target":["https:\/\/qimiq.ch\/qimiq-fuer-profis\/chefkoeche\/chefkoch-videos\/"]}]},{"@type":"BreadcrumbList","@id":"https:\/\/qimiq.ch\/qimiq-fuer-profis\/chefkoeche\/chefkoch-videos\/#breadcrumb","itemListElement":[{"@type":"ListItem","position":1,"name":"Home","item":"https:\/\/qimiq.ch\/"},{"@type":"ListItem","position":2,"name":"QimiQ f\u00fcr PROFIS","item":"https:\/\/qimiq.ch\/qimiq-fuer-profis\/"},{"@type":"ListItem","position":3,"name":"Chefk\u00f6che","item":"https:\/\/qimiq.ch\/qimiq-fuer-profis\/chefkoeche\/"},{"@type":"ListItem","position":4,"name":"Chefkoch-Videos"}]},{"@type":"WebSite","@id":"https:\/\/qimiq.ch\/en\/#website","url":"https:\/\/qimiq.ch\/en\/","name":"QimiQ Suisse","description":"","publisher":{"@id":"https:\/\/qimiq.ch\/en\/#organization"},"potentialAction":[{"@type":"SearchAction","target":{"@type":"EntryPoint","urlTemplate":"https:\/\/qimiq.ch\/en\/?s={search_term_string}"},"query-input":{"@type":"PropertyValueSpecification","valueRequired":true,"valueName":"search_term_string"}}],"inLanguage":"fr-FR"},{"@type":"Organization","@id":"https:\/\/qimiq.ch\/en\/#organization","name":"QimiQ Suisse","url":"https:\/\/qimiq.ch\/en\/","logo":{"@type":"ImageObject","inLanguage":"fr-FR","@id":"https:\/\/qimiq.ch\/en\/#\/schema\/logo\/image\/","url":"https:\/\/qimiq.ch\/wp-content\/uploads\/sites\/4\/AdobeStock_300763099_Video_HD_Preview.png","contentUrl":"https:\/\/qimiq.ch\/wp-content\/uploads\/sites\/4\/AdobeStock_300763099_Video_HD_Preview.png","width":712,"height":401,"caption":"QimiQ Schweiz"},"image":{"@id":"https:\/\/qimiq.ch\/en\/#\/schema\/logo\/image\/"},"sameAs":["https:\/\/www.facebook.com\/QimiQWorld\/","https:\/\/www.facebook.com\/QimiQProfessionals\/","https:\/\/www.instagram.com\/qimiq_austria\/"]}]}},"_links":{"self":[{"href":"https:\/\/qimiq.ch\/fr\/wp-json\/wp\/v2\/pages\/2677","targetHints":{"allow":["GET"]}}],"collection":[{"href":"https:\/\/qimiq.ch\/fr\/wp-json\/wp\/v2\/pages"}],"about":[{"href":"https:\/\/qimiq.ch\/fr\/wp-json\/wp\/v2\/types\/page"}],"author":[{"embeddable":true,"href":"https:\/\/qimiq.ch\/fr\/wp-json\/wp\/v2\/users\/1"}],"replies":[{"embeddable":true,"href":"https:\/\/qimiq.ch\/fr\/wp-json\/wp\/v2\/comments?post=2677"}],"version-history":[{"count":3,"href":"https:\/\/qimiq.ch\/fr\/wp-json\/wp\/v2\/pages\/2677\/revisions"}],"predecessor-version":[{"id":2681,"href":"https:\/\/qimiq.ch\/fr\/wp-json\/wp\/v2\/pages\/2677\/revisions\/2681"}],"up":[{"embeddable":true,"href":"https:\/\/qimiq.ch\/fr\/wp-json\/wp\/v2\/pages\/2663"}],"wp:attachment":[{"href":"https:\/\/qimiq.ch\/fr\/wp-json\/wp\/v2\/media?parent=2677"}],"curies":[{"name":"wp","href":"https:\/\/api.w.org\/{rel}","templated":true}]}}