{"id":28,"date":"2022-02-01T10:56:18","date_gmt":"2022-02-01T09:56:18","guid":{"rendered":"https:\/\/qimiq.lightcyde\/?page_id=28"},"modified":"2022-11-23T08:54:30","modified_gmt":"2022-11-23T07:54:30","slug":"mentions-legales","status":"publish","type":"page","link":"https:\/\/qimiq.ch\/fr\/mentions-legales\/","title":{"rendered":"Mentions l\u00e9gales"},"content":{"rendered":"<section id='lightpress__section--block_e86ecb7095bf9c7b206c3cdaccb32906' class='lightpress__section--cow-headline--default lightpress__section--default-section-space lightpress__section lightpress__section--cow-headline' data-scroll-section><div class=\"cow-headline__container\">\n        <h1 data-aos=\"fade-right\" class=\"cow-headline__headline\"\n    data-aos-once=\"true\">Mentions l\u00e9gales<\/h1>\n<picture class=\"cow-headline__picture\"\n         data-aos=\"fade-left\"\n         data-aos-once=\"true\">\n    <source srcset=\"\/wp-content\/themes\/qimiq\/blocks\/cow-headline\/cow.png.webp\" type=\"image\/webp\">\n    <img decoding=\"async\" src=\"\/wp-content\/themes\/qimiq\/blocks\/cow-headline\/cow.png\" alt=\"Vache\">\n<\/picture>\n<\/div>\n\n<\/section>\n\n<section id='lightpress__section--block_0d3a672c50aca17f9ab9ce1a686465f1' class='lightpress__section--default-section-space lightpress__section lightpress__section--wysiwyg' data-scroll-section><div class=\"wysiwyg-columns wysiwyg-columns--1\">\n            <div class=\"wysiwyg-columns__content\" data-aos=\"fade-right\"\n             data-aos-once=\"true\"><div class=\"e176-10 x-text x-text-headline\">\n<div class=\"x-text-content\">\n<div class=\"x-text-content-text\">\n<h2 class=\"text--25\">Propri\u00e9taire et \u00e9diteur du m\u00e9dia<\/h2>\n<\/div>\n<\/div>\n<\/div>\n<div class=\"e176-11 x-text\">\n<p><strong>QimiQ Handels GmbH<\/strong><br \/>5, chemin de la Lettle<br \/>5322 Hof pr\u00e8s de Salzbourg<br \/>Autriche<\/p>\n<\/div>\n<div class=\"e176-13 x-text\">\n<p>\u00a0<\/p>\n<p>T<span>\u00a0<\/span><a href=\"tel:+43 6229 34830\">+43 6229 3483-0<\/a><br \/>F +43 6229 3483-30<br \/>E<span>\u00a0<\/span><a href=\"mailto:office@qimiq.ch\">office@qimiq.ch<\/a><br \/><a href=\"https:\/\/qimiq.ch\/fr\/\">www.qimiq.ch<\/a><\/p>\n<p>\u00a0<\/p>\n<\/div>\n<div class=\"e176-15 x-text x-text-headline\">\n<div class=\"x-text-content\">\n<div class=\"x-text-content-text\">\n<h2 class=\"text--25\">Objet de l'entreprise<\/h2>\n<\/div>\n<\/div>\n<\/div>\n<div class=\"e176-16 x-text\">\n<p>Commerce de<span>\u00a0<\/span><a href=\"https:\/\/qimiq.ch\/fr\/unternehmen\/ueber-uns\/#unsere-produkte\">Produits QimiQ<\/a>, agence de publicit\u00e9<\/p>\n<p>\u00a0<\/p>\n<\/div>\n<div class=\"e176-18 x-text x-text-headline\">\n<div class=\"x-text-content\">\n<div class=\"x-text-content-text\">\n<h2 class=\"text--25\">Num\u00e9ro d'identification fiscale<\/h2>\n<\/div>\n<\/div>\n<\/div>\n<p class=\"e176-19 x-text\">ATU52898100<\/p>\n<p>\u00a0<\/p>\n<div class=\"e176-21 x-text x-text-headline\">\n<div class=\"x-text-content\">\n<div class=\"x-text-content-text\">\n<h2 class=\"text--25\">Num\u00e9ro du registre du commerce<\/h2>\n<\/div>\n<\/div>\n<\/div>\n<div class=\"e176-22 x-text\">\n<p>215176k<\/p>\n<p>\u00a0<\/p>\n<\/div>\n<div class=\"e176-24 x-text x-text-headline\">\n<div class=\"x-text-content\">\n<h2 class=\"text--25\">Tribunal du registre du commerce<\/h2>\n<\/div>\n<\/div>\n<p class=\"e176-25 x-text\">Salzbourg<\/p>\n<p>\u00a0<\/p>\n<div class=\"e176-27 x-text x-text-headline\">\n<div class=\"x-text-content\">\n<div class=\"x-text-content-text\">\n<h2 class=\"text--25\">Si\u00e8ge de l'entreprise<\/h2>\n<\/div>\n<\/div>\n<\/div>\n<p class=\"e176-28 x-text\">5322 Hof pr\u00e8s de Salzbourg<\/p>\n<p>\u00a0<\/p>\n<div class=\"e176-30 x-text x-text-headline\">\n<div class=\"x-text-content\">\n<div class=\"x-text-content-text\">\n<h2 class=\"text--25\">Directeur g\u00e9n\u00e9ral<\/h2>\n<\/div>\n<\/div>\n<\/div>\n<p class=\"e176-31 x-text\">Rudolf F. Haindl<\/p>\n<p>\u00a0<\/p>\n<div class=\"e176-33 x-text x-text-headline\">\n<div class=\"x-text-content\">\n<div class=\"x-text-content-text\">\n<h2 class=\"text--25\">Membre de<\/h2>\n<\/div>\n<\/div>\n<\/div>\n<p class=\"e176-34 x-text\">Chambre \u00e9conomique de Salzbourg<\/p>\n<p>\u00a0<\/p>\n<div class=\"e176-36 x-text x-text-headline\">\n<div class=\"x-text-content\">\n<div class=\"x-text-content-text\">\n<h2 class=\"text--25\">Droit professionnel et code du commerce<\/h2>\n<\/div>\n<\/div>\n<\/div>\n<div class=\"e176-37 x-text\"><a href=\"https:\/\/www.ris.bka.gv.at\/\">www.ris.bka.gv.at<\/a><\/div>\n<p>\u00a0<\/p>\n<h2 class=\"text--25\"><span style=\"color: var(--heading-color); font-family: canada-type-gibson, sans-serif; font-size: var(--font-size);\">Autorit\u00e9 de surveillance \/ autorit\u00e9 commerciale<\/span><\/h2>\n<p class=\"e176-40 x-text\">Bezirkshauptmannschaft Salzburg-Umgebung<\/p>\n<p>\u00a0<\/p>\n<div class=\"e176-42 x-text x-text-headline\">\n<div class=\"x-text-content\">\n<div class=\"x-text-content-text\">\n<h2 class=\"text--25\">\u00c9tat d'attribution<\/h2>\n<\/div>\n<\/div>\n<\/div>\n<p class=\"e176-43 x-text\">Autriche<\/p>\n<p>\u00a0<\/p>\n<div class=\"e176-45 x-text x-text-headline\">\n<div class=\"x-text-content\">\n<div class=\"x-text-content-text\">\n<h2 class=\"text--25\">Informations sur le r\u00e8glement en ligne des litiges<\/h2>\n<\/div>\n<\/div>\n<\/div>\n<div class=\"e176-46 x-text\">\n<p>Les consommateurs ont la possibilit\u00e9 d'adresser des plaintes \u00e0 la plateforme de r\u00e8glement des litiges en ligne de l'UE :<span>\u00a0<\/span><a href=\"https:\/\/ec.europa.eu\/consumers\/odr\">ec.europa.eu\/consumers\/odr<\/a>.<\/p>\n<p>Tu peux \u00e9galement adresser tes \u00e9ventuelles r\u00e9clamations \u00e0 l'adresse e-mail indiqu\u00e9e ci-dessus.<\/p>\n<\/div>\n<\/div>\n    <\/div>\n\n<\/section>","protected":false},"excerpt":{"rendered":"","protected":false},"author":1,"featured_media":0,"parent":0,"menu_order":999,"comment_status":"closed","ping_status":"closed","template":"","meta":{"_acf_changed":false,"_relevanssi_hide_post":"","_relevanssi_hide_content":"","_relevanssi_pin_for_all":"","_relevanssi_pin_keywords":"","_relevanssi_unpin_keywords":"","_relevanssi_related_keywords":"","_relevanssi_related_include_ids":"","_relevanssi_related_exclude_ids":"","_relevanssi_related_no_append":"","_relevanssi_related_not_related":"","_relevanssi_related_posts":"","_relevanssi_noindex_reason":"","footnotes":""},"class_list":["post-28","page","type-page","status-publish","hentry"],"acf":[],"yoast_head":"<!-- This site is optimized with the Yoast SEO Premium plugin v26.6 (Yoast SEO v26.8) - https:\/\/yoast.com\/product\/yoast-seo-premium-wordpress\/ -->\n<title>Impressum - QimiQ Schweiz<\/title>\n<meta name=\"robots\" content=\"index, follow, max-snippet:-1, max-image-preview:large, max-video-preview:-1\" \/>\n<link rel=\"canonical\" href=\"https:\/\/qimiq.ch\/fr\/mentions-legales\/\" \/>\n<meta property=\"og:locale\" content=\"fr_FR\" \/>\n<meta property=\"og:type\" content=\"article\" \/>\n<meta property=\"og:title\" content=\"Impressum\" \/>\n<meta property=\"og:url\" content=\"https:\/\/qimiq.ch\/fr\/mentions-legales\/\" \/>\n<meta property=\"og:site_name\" content=\"QimiQ Schweiz\" \/>\n<meta property=\"article:publisher\" content=\"https:\/\/www.facebook.com\/QimiQWorld\/\" \/>\n<meta property=\"article:modified_time\" content=\"2022-11-23T07:54:30+00:00\" \/>\n<meta property=\"og:image\" content=\"https:\/\/qimiq.ch\/wp-content\/uploads\/sites\/4\/Torte.png\" \/>\n\t<meta property=\"og:image:width\" content=\"316\" \/>\n\t<meta property=\"og:image:height\" content=\"202\" \/>\n\t<meta property=\"og:image:type\" content=\"image\/png\" \/>\n<meta name=\"twitter:card\" content=\"summary_large_image\" \/>\n<script type=\"application\/ld+json\" class=\"yoast-schema-graph\">{\"@context\":\"https:\/\/schema.org\",\"@graph\":[{\"@type\":\"WebPage\",\"@id\":\"https:\/\/qimiq.ch\/impressum\/\",\"url\":\"https:\/\/qimiq.ch\/impressum\/\",\"name\":\"Impressum - QimiQ Schweiz\",\"isPartOf\":{\"@id\":\"https:\/\/qimiq.ch\/en\/#website\"},\"datePublished\":\"2022-02-01T09:56:18+00:00\",\"dateModified\":\"2022-11-23T07:54:30+00:00\",\"breadcrumb\":{\"@id\":\"https:\/\/qimiq.ch\/impressum\/#breadcrumb\"},\"inLanguage\":\"fr-FR\",\"potentialAction\":[{\"@type\":\"ReadAction\",\"target\":[\"https:\/\/qimiq.ch\/impressum\/\"]}]},{\"@type\":\"BreadcrumbList\",\"@id\":\"https:\/\/qimiq.ch\/impressum\/#breadcrumb\",\"itemListElement\":[{\"@type\":\"ListItem\",\"position\":1,\"name\":\"Home\",\"item\":\"https:\/\/qimiq.ch\/\"},{\"@type\":\"ListItem\",\"position\":2,\"name\":\"Impressum\"}]},{\"@type\":\"WebSite\",\"@id\":\"https:\/\/qimiq.ch\/en\/#website\",\"url\":\"https:\/\/qimiq.ch\/en\/\",\"name\":\"QimiQ Schweiz\",\"description\":\"\",\"publisher\":{\"@id\":\"https:\/\/qimiq.ch\/en\/#organization\"},\"potentialAction\":[{\"@type\":\"SearchAction\",\"target\":{\"@type\":\"EntryPoint\",\"urlTemplate\":\"https:\/\/qimiq.ch\/en\/?s={search_term_string}\"},\"query-input\":{\"@type\":\"PropertyValueSpecification\",\"valueRequired\":true,\"valueName\":\"search_term_string\"}}],\"inLanguage\":\"fr-FR\"},{\"@type\":\"Organization\",\"@id\":\"https:\/\/qimiq.ch\/en\/#organization\",\"name\":\"QimiQ Schweiz\",\"url\":\"https:\/\/qimiq.ch\/en\/\",\"logo\":{\"@type\":\"ImageObject\",\"inLanguage\":\"fr-FR\",\"@id\":\"https:\/\/qimiq.ch\/en\/#\/schema\/logo\/image\/\",\"url\":\"https:\/\/qimiq.ch\/wp-content\/uploads\/sites\/4\/AdobeStock_300763099_Video_HD_Preview.png\",\"contentUrl\":\"https:\/\/qimiq.ch\/wp-content\/uploads\/sites\/4\/AdobeStock_300763099_Video_HD_Preview.png\",\"width\":712,\"height\":401,\"caption\":\"QimiQ Schweiz\"},\"image\":{\"@id\":\"https:\/\/qimiq.ch\/en\/#\/schema\/logo\/image\/\"},\"sameAs\":[\"https:\/\/www.facebook.com\/QimiQWorld\/\",\"https:\/\/www.facebook.com\/QimiQProfessionals\/\",\"https:\/\/www.instagram.com\/qimiq_austria\/\"]}]}<\/script>\n<!-- \/ Yoast SEO Premium plugin. -->","yoast_head_json":{"title":"Mentions l\u00e9gales - QimiQ Suisse","robots":{"index":"index","follow":"follow","max-snippet":"max-snippet:-1","max-image-preview":"max-image-preview:large","max-video-preview":"max-video-preview:-1"},"canonical":"https:\/\/qimiq.ch\/fr\/mentions-legales\/","og_locale":"fr_FR","og_type":"article","og_title":"Impressum","og_url":"https:\/\/qimiq.ch\/fr\/mentions-legales\/","og_site_name":"QimiQ Schweiz","article_publisher":"https:\/\/www.facebook.com\/QimiQWorld\/","article_modified_time":"2022-11-23T07:54:30+00:00","og_image":[{"width":316,"height":202,"url":"https:\/\/qimiq.ch\/wp-content\/uploads\/sites\/4\/Torte.png","type":"image\/png"}],"twitter_card":"summary_large_image","schema":{"@context":"https:\/\/schema.org","@graph":[{"@type":"WebPage","@id":"https:\/\/qimiq.ch\/impressum\/","url":"https:\/\/qimiq.ch\/impressum\/","name":"Mentions l\u00e9gales - QimiQ Suisse","isPartOf":{"@id":"https:\/\/qimiq.ch\/en\/#website"},"datePublished":"2022-02-01T09:56:18+00:00","dateModified":"2022-11-23T07:54:30+00:00","breadcrumb":{"@id":"https:\/\/qimiq.ch\/impressum\/#breadcrumb"},"inLanguage":"fr-FR","potentialAction":[{"@type":"ReadAction","target":["https:\/\/qimiq.ch\/impressum\/"]}]},{"@type":"BreadcrumbList","@id":"https:\/\/qimiq.ch\/impressum\/#breadcrumb","itemListElement":[{"@type":"ListItem","position":1,"name":"Home","item":"https:\/\/qimiq.ch\/"},{"@type":"ListItem","position":2,"name":"Impressum"}]},{"@type":"WebSite","@id":"https:\/\/qimiq.ch\/en\/#website","url":"https:\/\/qimiq.ch\/en\/","name":"QimiQ Suisse","description":"","publisher":{"@id":"https:\/\/qimiq.ch\/en\/#organization"},"potentialAction":[{"@type":"SearchAction","target":{"@type":"EntryPoint","urlTemplate":"https:\/\/qimiq.ch\/en\/?s={search_term_string}"},"query-input":{"@type":"PropertyValueSpecification","valueRequired":true,"valueName":"search_term_string"}}],"inLanguage":"fr-FR"},{"@type":"Organization","@id":"https:\/\/qimiq.ch\/en\/#organization","name":"QimiQ Suisse","url":"https:\/\/qimiq.ch\/en\/","logo":{"@type":"ImageObject","inLanguage":"fr-FR","@id":"https:\/\/qimiq.ch\/en\/#\/schema\/logo\/image\/","url":"https:\/\/qimiq.ch\/wp-content\/uploads\/sites\/4\/AdobeStock_300763099_Video_HD_Preview.png","contentUrl":"https:\/\/qimiq.ch\/wp-content\/uploads\/sites\/4\/AdobeStock_300763099_Video_HD_Preview.png","width":712,"height":401,"caption":"QimiQ Schweiz"},"image":{"@id":"https:\/\/qimiq.ch\/en\/#\/schema\/logo\/image\/"},"sameAs":["https:\/\/www.facebook.com\/QimiQWorld\/","https:\/\/www.facebook.com\/QimiQProfessionals\/","https:\/\/www.instagram.com\/qimiq_austria\/"]}]}},"_links":{"self":[{"href":"https:\/\/qimiq.ch\/fr\/wp-json\/wp\/v2\/pages\/28","targetHints":{"allow":["GET"]}}],"collection":[{"href":"https:\/\/qimiq.ch\/fr\/wp-json\/wp\/v2\/pages"}],"about":[{"href":"https:\/\/qimiq.ch\/fr\/wp-json\/wp\/v2\/types\/page"}],"author":[{"embeddable":true,"href":"https:\/\/qimiq.ch\/fr\/wp-json\/wp\/v2\/users\/1"}],"replies":[{"embeddable":true,"href":"https:\/\/qimiq.ch\/fr\/wp-json\/wp\/v2\/comments?post=28"}],"version-history":[{"count":7,"href":"https:\/\/qimiq.ch\/fr\/wp-json\/wp\/v2\/pages\/28\/revisions"}],"predecessor-version":[{"id":2039,"href":"https:\/\/qimiq.ch\/fr\/wp-json\/wp\/v2\/pages\/28\/revisions\/2039"}],"wp:attachment":[{"href":"https:\/\/qimiq.ch\/fr\/wp-json\/wp\/v2\/media?parent=28"}],"curies":[{"name":"wp","href":"https:\/\/api.w.org\/{rel}","templated":true}]}}