{"id":2817,"date":"2023-07-24T13:09:30","date_gmt":"2023-07-24T12:09:30","guid":{"rendered":"https:\/\/qimiq.ch\/?page_id=2817"},"modified":"2023-11-16T08:48:48","modified_gmt":"2023-11-16T07:48:48","slug":"tous-les-produits-qimiq","status":"publish","type":"page","link":"https:\/\/qimiq.ch\/fr\/qimiq-pour-les-professionnels\/tous-les-produits-qimiq\/","title":{"rendered":"Tous les produits QimiQ"},"content":{"rendered":"<section id='lightpress__section--block_91f081b3b74263be5f1a62df707d55ac' class='lightpress__section--cow-headline--default lightpress__section--default-section-space lightpress__section lightpress__section--cow-headline' data-scroll-section><div class=\"cow-headline__container\">\n        <h1 data-aos=\"fade-right\" class=\"cow-headline__headline\"\n    data-aos-once=\"true\">Tous les produits QimiQ<\/h1>\n<picture class=\"cow-headline__picture\"\n         data-aos=\"fade-left\"\n         data-aos-once=\"true\">\n    <source srcset=\"\/wp-content\/themes\/qimiq\/blocks\/cow-headline\/cow.png.webp\" type=\"image\/webp\">\n    <img decoding=\"async\" src=\"\/wp-content\/themes\/qimiq\/blocks\/cow-headline\/cow.png\" alt=\"Vache\">\n<\/picture>\n<\/div>\n\n<\/section>\n\n<section id='lightpress__section--block_facbc7f907fa84293f03ab50b95bf704' class='lightpress__section--default-section-space lightpress__section lightpress__section--wysiwyg' data-scroll-section><div class=\"wysiwyg-columns wysiwyg-columns--1\">\n            <div class=\"wysiwyg-columns__content\" data-aos=\"fade-right\"\n             data-aos-once=\"true\"><h2 class=\"text--30\"><strong>Laissez-vous convaincre par la <\/strong><strong style=\"color: var(--heading-color); font-size: var(--font-size);\">simple, <\/strong><\/h2>\n<h2 class=\"text--30\"><strong style=\"color: var(--heading-color); font-size: var(--font-size);\">rapide et <\/strong><strong style=\"color: var(--heading-color); font-size: var(--font-size);\">pr\u00e9paration r\u00e9ussie.<\/strong><\/h2>\n<\/div>\n    <\/div>\n\n<\/section>\n\n<section id='lightpress__section--block_efd4f7d5918bee713d9b75d7455de2e2' class='lightpress__section--default-section-space lightpress__section lightpress__section--packshot' data-scroll-section><div class=\"packshot__container\">\n            <div class=\"packshot\">\n                                                    <picture class=\"packshot__picture\">\n                                            <source srcset=\"https:\/\/qimiq.ch\/wp-content\/uploads\/sites\/4\/Qimiq-classic-und-vanille-b2b-813x1024.webp\" type=\"image\/webp\">\n                    \n                    <img decoding=\"async\" src=\"https:\/\/qimiq.ch\/wp-content\/uploads\/sites\/4\/Qimiq-classic-und-vanille-b2b-813x1024.png\" alt=\"Qimiq classic et vanille b2b\" \/>\n                <\/picture>\n                \n                            <div class=\"packshot__description text--center\">\n                    <p>Les classiques sont de v\u00e9ritables talents polyvalents pour la cuisine froide sucr\u00e9e et sal\u00e9e.<\/p>\n\n                <\/div>\n                                        <a class=\"qimiq-button\" href=\"https:\/\/qimiq.ch\/fr\/qimiq-classic-foodservice\/\"\n                   target=\"\">QimiQ Classic<\/a>\n                                <\/div>\n            <div class=\"packshot\">\n                                                    <picture class=\"packshot__picture\">\n                                            <source srcset=\"https:\/\/qimiq.ch\/wp-content\/uploads\/sites\/4\/QimiQ-Packs-3D-1kg-2020-SAHNEBASIS-538x1024.webp\" type=\"image\/webp\">\n                    \n                    <img decoding=\"async\" src=\"https:\/\/qimiq.ch\/wp-content\/uploads\/sites\/4\/QimiQ-Packs-3D-1kg-2020-SAHNEBASIS-538x1024.png\" alt=\"QimiQ Packs 3D 1kg 2020 BASE DE SAUCIE\" \/>\n                <\/picture>\n                \n                            <div class=\"packshot__description text--center\">\n                    <p>La cr\u00e8me maligne est particuli\u00e8rement adapt\u00e9e \u00e0 la cuisine chaude et \u00e0 la p\u00e2tisserie.<\/p>\n\n                <\/div>\n                                        <a class=\"qimiq-button\" href=\"https:\/\/qimiq.ch\/fr\/qimiq-creme-de-base-foodservice\/\"\n                   target=\"\">QimiQ Cr\u00e8me de base<\/a>\n                                <\/div>\n            <div class=\"packshot\">\n                                                    <picture class=\"packshot__picture\">\n                                            <source srcset=\"https:\/\/qimiq.ch\/wp-content\/uploads\/sites\/4\/Qimiq-neue-Packs-1-kg5-e1698046936328.webp\" type=\"image\/webp\">\n                    \n                    <img decoding=\"async\" src=\"https:\/\/qimiq.ch\/wp-content\/uploads\/sites\/4\/Qimiq-neue-Packs-1-kg5-e1698046936328.png\" alt=\"Qimiq nouveaux packs 1 kg5\" \/>\n                <\/picture>\n                \n                            <div class=\"packshot__description text--center\">\n                    <p>La base de cr\u00e8me \u00e0 fouetter unique au monde avec garantie de r\u00e9ussite.<\/p>\n\n                <\/div>\n                                        <a class=\"qimiq-button\" href=\"https:\/\/qimiq.ch\/fr\/qimiq-whip-foodservice\/\"\n                   target=\"\">QimiQ Whip<\/a>\n                                <\/div>\n            <div class=\"packshot\">\n                                                    <picture class=\"packshot__picture\">\n                                            <source srcset=\"https:\/\/qimiq.ch\/wp-content\/uploads\/sites\/4\/QimiQ-Packs-3D-1kg_TIRAMISU-1-538x1024.webp\" type=\"image\/webp\">\n                    \n                    <img decoding=\"async\" src=\"https:\/\/qimiq.ch\/wp-content\/uploads\/sites\/4\/QimiQ-Packs-3D-1kg_TIRAMISU-1-538x1024.png\" alt=\"QimiQ Packs 3D 1kg TIRAMISU 1\" \/>\n                <\/picture>\n                \n                            <div class=\"packshot__description text--center\">\n                    <p>Le go\u00fbt de l'original italien. Avec du vrai mascarpone et un go\u00fbt cors\u00e9.<\/p>\n\n                <\/div>\n                                        <a class=\"qimiq-button\" href=\"https:\/\/qimiq.ch\/fr\/qimiq-tiramisu\/\"\n                   target=\"\">QimiQ Tiramisu<\/a>\n                                <\/div>\n            <div class=\"packshot\">\n                                                    <picture class=\"packshot__picture\">\n                                            <source srcset=\"https:\/\/qimiq.ch\/wp-content\/uploads\/sites\/4\/QimiQ-Packs-3D_Tetra_Marinade-534x1024.webp\" type=\"image\/webp\">\n                    \n                    <img decoding=\"async\" src=\"https:\/\/qimiq.ch\/wp-content\/uploads\/sites\/4\/QimiQ-Packs-3D_Tetra_Marinade-534x1024.png\" alt=\"QimiQ Packs 3D Tetra Marinade\" \/>\n                <\/picture>\n                \n                            <div class=\"packshot__description text--center\">\n                    <p>Moins de perte \u00e0 la cuisson et une viande plus tendre avec la base de marinade QimiQ.<\/p>\n\n                <\/div>\n                                        <a class=\"qimiq-button\" href=\"https:\/\/qimiq.ch\/fr\/qimiq-marinade\/\"\n                   target=\"\">QimiQ Marinade de base<\/a>\n                                <\/div>\n            <div class=\"packshot\">\n                                                    <picture class=\"packshot__picture\">\n                                            <source srcset=\"https:\/\/qimiq.ch\/wp-content\/uploads\/sites\/4\/QimiQ-Buttersauce-Verpackung-724x1024.webp\" type=\"image\/webp\">\n                    \n                    <img decoding=\"async\" src=\"https:\/\/qimiq.ch\/wp-content\/uploads\/sites\/4\/QimiQ-Buttersauce-Verpackung-724x1024.png\" alt=\"QimiQ Sauce au beurre emballage\" \/>\n                <\/picture>\n                \n                            <div class=\"packshot__description text--center\">\n                    <p>Tout est possible, de la sauce au beurre classique aux sauces \u00e0 tremper froides, en passant par les p\u00e2tes \u00e0 tartiner et les vinaigrettes.<\/p>\n\n                <\/div>\n                                        <a class=\"qimiq-button\" href=\"https:\/\/qimiq.ch\/fr\/qimiq-buttersauce\/\"\n                   target=\"\">QiQ Base pour sauce au beurre<\/a>\n                                <\/div>\n            <div class=\"packshot\">\n                                                    <picture class=\"packshot__picture\">\n                                            <source srcset=\"https:\/\/qimiq.ch\/wp-content\/uploads\/sites\/4\/2023_08_Mirror_Glaze_42-1024x683.webp\" type=\"image\/webp\">\n                    \n                    <img decoding=\"async\" src=\"https:\/\/qimiq.ch\/wp-content\/uploads\/sites\/4\/2023_08_Mirror_Glaze_42-1024x683.png\" alt=\"2023 08 Mirror Glaze 42\" \/>\n                <\/picture>\n                \n                            <div class=\"packshot__description text--center\">\n                    <p>Le gla\u00e7age miroir au chocolat pour un aspect unique et \u00e9poustouflant.<\/p>\n\n                <\/div>\n                                        <a class=\"qimiq-button\" href=\"https:\/\/qimiq.ch\/fr\/qimiq-mirror-glaze\/\"\n                   target=\"\">QimiQ Mirror Glaze<\/a>\n                                <\/div>\n    <\/div>\n<\/section>","protected":false},"excerpt":{"rendered":"","protected":false},"author":1,"featured_media":0,"parent":48,"menu_order":0,"comment_status":"closed","ping_status":"closed","template":"","meta":{"_acf_changed":false,"_relevanssi_hide_post":"","_relevanssi_hide_content":"","_relevanssi_pin_for_all":"","_relevanssi_pin_keywords":"","_relevanssi_unpin_keywords":"","_relevanssi_related_keywords":"","_relevanssi_related_include_ids":"","_relevanssi_related_exclude_ids":"","_relevanssi_related_no_append":"","_relevanssi_related_not_related":"","_relevanssi_related_posts":"","_relevanssi_noindex_reason":"","footnotes":""},"class_list":["post-2817","page","type-page","status-publish","hentry"],"acf":[],"yoast_head":"<!-- This site is optimized with the Yoast SEO Premium plugin v26.6 (Yoast SEO v26.8) - https:\/\/yoast.com\/product\/yoast-seo-premium-wordpress\/ -->\n<title>Alle QimiQ Produkte - QimiQ Schweiz<\/title>\n<meta name=\"robots\" content=\"index, follow, max-snippet:-1, max-image-preview:large, max-video-preview:-1\" \/>\n<link rel=\"canonical\" href=\"https:\/\/qimiq.ch\/fr\/qimiq-pour-les-professionnels\/tous-les-produits-qimiq\/\" \/>\n<meta property=\"og:locale\" content=\"fr_FR\" \/>\n<meta property=\"og:type\" content=\"article\" \/>\n<meta property=\"og:title\" content=\"Alle QimiQ Produkte\" \/>\n<meta property=\"og:url\" content=\"https:\/\/qimiq.ch\/fr\/qimiq-pour-les-professionnels\/tous-les-produits-qimiq\/\" \/>\n<meta property=\"og:site_name\" content=\"QimiQ Schweiz\" \/>\n<meta property=\"article:publisher\" content=\"https:\/\/www.facebook.com\/QimiQWorld\/\" \/>\n<meta property=\"article:modified_time\" content=\"2023-11-16T07:48:48+00:00\" \/>\n<meta property=\"og:image\" content=\"https:\/\/qimiq.ch\/wp-content\/uploads\/sites\/4\/Torte.png\" \/>\n\t<meta property=\"og:image:width\" content=\"316\" \/>\n\t<meta property=\"og:image:height\" content=\"202\" \/>\n\t<meta property=\"og:image:type\" content=\"image\/png\" \/>\n<meta name=\"twitter:card\" content=\"summary_large_image\" \/>\n<script type=\"application\/ld+json\" class=\"yoast-schema-graph\">{\"@context\":\"https:\/\/schema.org\",\"@graph\":[{\"@type\":\"WebPage\",\"@id\":\"https:\/\/qimiq.ch\/qimiq-fuer-profis\/alle-qimiq-produkte\/\",\"url\":\"https:\/\/qimiq.ch\/qimiq-fuer-profis\/alle-qimiq-produkte\/\",\"name\":\"Alle QimiQ Produkte - QimiQ Schweiz\",\"isPartOf\":{\"@id\":\"https:\/\/qimiq.ch\/en\/#website\"},\"datePublished\":\"2023-07-24T12:09:30+00:00\",\"dateModified\":\"2023-11-16T07:48:48+00:00\",\"breadcrumb\":{\"@id\":\"https:\/\/qimiq.ch\/qimiq-fuer-profis\/alle-qimiq-produkte\/#breadcrumb\"},\"inLanguage\":\"fr-FR\",\"potentialAction\":[{\"@type\":\"ReadAction\",\"target\":[\"https:\/\/qimiq.ch\/qimiq-fuer-profis\/alle-qimiq-produkte\/\"]}]},{\"@type\":\"BreadcrumbList\",\"@id\":\"https:\/\/qimiq.ch\/qimiq-fuer-profis\/alle-qimiq-produkte\/#breadcrumb\",\"itemListElement\":[{\"@type\":\"ListItem\",\"position\":1,\"name\":\"Home\",\"item\":\"https:\/\/qimiq.ch\/\"},{\"@type\":\"ListItem\",\"position\":2,\"name\":\"QimiQ f\u00fcr PROFIS\",\"item\":\"https:\/\/qimiq.ch\/qimiq-fuer-profis\/\"},{\"@type\":\"ListItem\",\"position\":3,\"name\":\"Alle QimiQ Produkte\"}]},{\"@type\":\"WebSite\",\"@id\":\"https:\/\/qimiq.ch\/en\/#website\",\"url\":\"https:\/\/qimiq.ch\/en\/\",\"name\":\"QimiQ Schweiz\",\"description\":\"\",\"publisher\":{\"@id\":\"https:\/\/qimiq.ch\/en\/#organization\"},\"potentialAction\":[{\"@type\":\"SearchAction\",\"target\":{\"@type\":\"EntryPoint\",\"urlTemplate\":\"https:\/\/qimiq.ch\/en\/?s={search_term_string}\"},\"query-input\":{\"@type\":\"PropertyValueSpecification\",\"valueRequired\":true,\"valueName\":\"search_term_string\"}}],\"inLanguage\":\"fr-FR\"},{\"@type\":\"Organization\",\"@id\":\"https:\/\/qimiq.ch\/en\/#organization\",\"name\":\"QimiQ Schweiz\",\"url\":\"https:\/\/qimiq.ch\/en\/\",\"logo\":{\"@type\":\"ImageObject\",\"inLanguage\":\"fr-FR\",\"@id\":\"https:\/\/qimiq.ch\/en\/#\/schema\/logo\/image\/\",\"url\":\"https:\/\/qimiq.ch\/wp-content\/uploads\/sites\/4\/AdobeStock_300763099_Video_HD_Preview.png\",\"contentUrl\":\"https:\/\/qimiq.ch\/wp-content\/uploads\/sites\/4\/AdobeStock_300763099_Video_HD_Preview.png\",\"width\":712,\"height\":401,\"caption\":\"QimiQ Schweiz\"},\"image\":{\"@id\":\"https:\/\/qimiq.ch\/en\/#\/schema\/logo\/image\/\"},\"sameAs\":[\"https:\/\/www.facebook.com\/QimiQWorld\/\",\"https:\/\/www.facebook.com\/QimiQProfessionals\/\",\"https:\/\/www.instagram.com\/qimiq_austria\/\"]}]}<\/script>\n<!-- \/ Yoast SEO Premium plugin. -->","yoast_head_json":{"title":"Tous les produits QimiQ - QimiQ Suisse","robots":{"index":"index","follow":"follow","max-snippet":"max-snippet:-1","max-image-preview":"max-image-preview:large","max-video-preview":"max-video-preview:-1"},"canonical":"https:\/\/qimiq.ch\/fr\/qimiq-pour-les-professionnels\/tous-les-produits-qimiq\/","og_locale":"fr_FR","og_type":"article","og_title":"Alle QimiQ Produkte","og_url":"https:\/\/qimiq.ch\/fr\/qimiq-pour-les-professionnels\/tous-les-produits-qimiq\/","og_site_name":"QimiQ Schweiz","article_publisher":"https:\/\/www.facebook.com\/QimiQWorld\/","article_modified_time":"2023-11-16T07:48:48+00:00","og_image":[{"width":316,"height":202,"url":"https:\/\/qimiq.ch\/wp-content\/uploads\/sites\/4\/Torte.png","type":"image\/png"}],"twitter_card":"summary_large_image","schema":{"@context":"https:\/\/schema.org","@graph":[{"@type":"WebPage","@id":"https:\/\/qimiq.ch\/qimiq-fuer-profis\/alle-qimiq-produkte\/","url":"https:\/\/qimiq.ch\/qimiq-fuer-profis\/alle-qimiq-produkte\/","name":"Tous les produits QimiQ - QimiQ Suisse","isPartOf":{"@id":"https:\/\/qimiq.ch\/en\/#website"},"datePublished":"2023-07-24T12:09:30+00:00","dateModified":"2023-11-16T07:48:48+00:00","breadcrumb":{"@id":"https:\/\/qimiq.ch\/qimiq-fuer-profis\/alle-qimiq-produkte\/#breadcrumb"},"inLanguage":"fr-FR","potentialAction":[{"@type":"ReadAction","target":["https:\/\/qimiq.ch\/qimiq-fuer-profis\/alle-qimiq-produkte\/"]}]},{"@type":"BreadcrumbList","@id":"https:\/\/qimiq.ch\/qimiq-fuer-profis\/alle-qimiq-produkte\/#breadcrumb","itemListElement":[{"@type":"ListItem","position":1,"name":"Home","item":"https:\/\/qimiq.ch\/"},{"@type":"ListItem","position":2,"name":"QimiQ f\u00fcr PROFIS","item":"https:\/\/qimiq.ch\/qimiq-fuer-profis\/"},{"@type":"ListItem","position":3,"name":"Alle QimiQ Produkte"}]},{"@type":"WebSite","@id":"https:\/\/qimiq.ch\/en\/#website","url":"https:\/\/qimiq.ch\/en\/","name":"QimiQ Suisse","description":"","publisher":{"@id":"https:\/\/qimiq.ch\/en\/#organization"},"potentialAction":[{"@type":"SearchAction","target":{"@type":"EntryPoint","urlTemplate":"https:\/\/qimiq.ch\/en\/?s={search_term_string}"},"query-input":{"@type":"PropertyValueSpecification","valueRequired":true,"valueName":"search_term_string"}}],"inLanguage":"fr-FR"},{"@type":"Organization","@id":"https:\/\/qimiq.ch\/en\/#organization","name":"QimiQ Suisse","url":"https:\/\/qimiq.ch\/en\/","logo":{"@type":"ImageObject","inLanguage":"fr-FR","@id":"https:\/\/qimiq.ch\/en\/#\/schema\/logo\/image\/","url":"https:\/\/qimiq.ch\/wp-content\/uploads\/sites\/4\/AdobeStock_300763099_Video_HD_Preview.png","contentUrl":"https:\/\/qimiq.ch\/wp-content\/uploads\/sites\/4\/AdobeStock_300763099_Video_HD_Preview.png","width":712,"height":401,"caption":"QimiQ Schweiz"},"image":{"@id":"https:\/\/qimiq.ch\/en\/#\/schema\/logo\/image\/"},"sameAs":["https:\/\/www.facebook.com\/QimiQWorld\/","https:\/\/www.facebook.com\/QimiQProfessionals\/","https:\/\/www.instagram.com\/qimiq_austria\/"]}]}},"_links":{"self":[{"href":"https:\/\/qimiq.ch\/fr\/wp-json\/wp\/v2\/pages\/2817","targetHints":{"allow":["GET"]}}],"collection":[{"href":"https:\/\/qimiq.ch\/fr\/wp-json\/wp\/v2\/pages"}],"about":[{"href":"https:\/\/qimiq.ch\/fr\/wp-json\/wp\/v2\/types\/page"}],"author":[{"embeddable":true,"href":"https:\/\/qimiq.ch\/fr\/wp-json\/wp\/v2\/users\/1"}],"replies":[{"embeddable":true,"href":"https:\/\/qimiq.ch\/fr\/wp-json\/wp\/v2\/comments?post=2817"}],"version-history":[{"count":3,"href":"https:\/\/qimiq.ch\/fr\/wp-json\/wp\/v2\/pages\/2817\/revisions"}],"predecessor-version":[{"id":3133,"href":"https:\/\/qimiq.ch\/fr\/wp-json\/wp\/v2\/pages\/2817\/revisions\/3133"}],"up":[{"embeddable":true,"href":"https:\/\/qimiq.ch\/fr\/wp-json\/wp\/v2\/pages\/48"}],"wp:attachment":[{"href":"https:\/\/qimiq.ch\/fr\/wp-json\/wp\/v2\/media?parent=2817"}],"curies":[{"name":"wp","href":"https:\/\/api.w.org\/{rel}","templated":true}]}}