{"id":633,"date":"2022-06-21T09:49:44","date_gmt":"2022-06-21T08:49:44","guid":{"rendered":"https:\/\/qimiq.lightcyde\/?page_id=633"},"modified":"2024-01-08T10:51:36","modified_gmt":"2024-01-08T09:51:36","slug":"a-propos-de-nous","status":"publish","type":"page","link":"https:\/\/qimiq.ch\/fr\/a-propos-de-nous\/","title":{"rendered":"\u00c0 propos de nous"},"content":{"rendered":"<section id='lightpress__section--block_5a0da07a065b78ad6b91a9f20b705fdc' class='lightpress__section--cow-headline-- lightpress__section--default-section-space lightpress__section lightpress__section--cow-headline' data-scroll-section><div class=\"cow-headline__container\">\n        <h1 data-aos=\"fade-right\" class=\"cow-headline__headline\"\n    data-aos-once=\"true\">All about Q.<\/h1>\n<picture class=\"cow-headline__picture\"\n         data-aos=\"fade-left\"\n         data-aos-once=\"true\">\n    <source srcset=\"\/wp-content\/themes\/qimiq\/blocks\/cow-headline\/cow.png.webp\" type=\"image\/webp\">\n    <img decoding=\"async\" src=\"\/wp-content\/themes\/qimiq\/blocks\/cow-headline\/cow.png\" alt=\"Vache\">\n<\/picture>\n<\/div>\n\n<\/section>\n\n<section id='lightpress__section--block_2f45874700ae57b417c72b84ab1ef029' class='lightpress__section--wysiwyg-medium lightpress__section--default-section-space lightpress__section lightpress__section--wysiwyg' data-scroll-section><div class=\"wysiwyg-columns wysiwyg-columns--1\">\n            <div class=\"wysiwyg-columns__content\" data-aos=\"fade-right\"\n             data-aos-once=\"true\"><h6>QimiQ est une entreprise familiale salzbourgeoise dont le si\u00e8ge se trouve \u00e0 Hof bei Salzburg, au bord du magnifique lac de Fuschl.<\/h6>\n<\/div>\n    <\/div>\n\n<\/section>\n\n<section id='lightpress__section--block_a4632244fc9a2ac527f64e7a7247c050' class='lightpress__section--default-section-space lightpress__section lightpress__section--video-box' data-scroll-section><div class=\"video-box__container video-box__container--\">\n\n    <div class=\"video-box__texteditor\" data-aos=\"fade-left\" data-aos-delay=\"100\" data-aos-once=\"true\">\n\n                    \n                            \n                <div data-aos=\"fade-right\" data-aos-once=\"true\"\n                     data-aos-delay=\"300\"\n                     data-aos-anchor=\"#lightpress__section--block_a4632244fc9a2ac527f64e7a7247c050 .video-box__text\"><h4>L'entreprise a \u00e9t\u00e9 fond\u00e9e par<\/h4>\n<p>\u00a0<\/p>\n<h6>Rudolf F. Haindl<\/h6>\n<p>\u00a0<\/p>\n<h6>Johann Mandl<\/h6>\n<\/div>\n                        <\/div>\n\n            <video class=\"video-box__video\" controls data-aos=\"fade-right\" data-aos-once=\"true\">\n                        <source src=\"https:\/\/qimiq.ch\/wp-content\/uploads\/sites\/4\/Wir-sind-QimiQ.mp4\" type=\"video\/mp4\">\n        <\/video>\n        <\/div>\n\n<\/section>\n\n<section id='lightpress__section--block_226cb7c8618b73bbd77d0895115b94f9' class='lightpress__section--full-width lightpress__section--default-section-space lightpress__section lightpress__section--text-with-testimonial' data-scroll-section><div class=\"testimonial-text__container testimonial-text__container--\">\n\n    <div class=\"testimonial-text__testimonial text text--40 text--color-darkblue text--medium\" data-aos=\"fade-right\"\n         data-aos-once=\"true\">\n        Le mot QimiQ est un mot invent\u00e9 qui signifie \"Quick Milk\", c'est-\u00e0-dire lait rapide.\n    <\/div>\n\n    <div class=\"testimonial-text__text\">\n        \n                    <h2 class=\"text--medium text--30\" data-aos=\"fade-right\"\n                data-aos-once=\"true\"\n                data-aos-delay=\"100\"\n                data-aos-anchor=\"#lightpress__section--block_226cb7c8618b73bbd77d0895115b94f9 .testimonial-text__text\">Qu'est-ce que QimiQ ?<\/h2>\n        \n                    <div class=\"spacer--60\"><\/div>\n\n            <div data-aos=\"fade-right\" data-aos-once=\"true\"\n                 data-aos-delay=\"200\"\n                 data-aos-anchor=\"#lightpress__section--block_226cb7c8618b73bbd77d0895115b94f9 .testimonial-text__text\"><p>QimiQ est la premi\u00e8re cr\u00e8me de base au monde pour la cuisine et la p\u00e2tisserie. Elle convient parfaitement \u00e0 la cuisine froide et chaude ainsi qu'\u00e0 la cuisine sal\u00e9e et sucr\u00e9e. QimiQ est un produit naturel et se compose de 99 % de cr\u00e8me locale et de 1 % de g\u00e9latine alimentaire (b\u0153uf). Le lait utilis\u00e9 pour la transformation provient exclusivement de vaches de la r\u00e9gion de Salzbourg. La g\u00e9latine 1 % assure la stabilit\u00e9 du produit et facilite ainsi la pr\u00e9paration. Outre QimiQ Classic, QimiQ Classic Vanille, QimiQ Cr\u00e8me de base et QimiQ Whip, l'entreprise poss\u00e8de \u00e9galement la QimiQ Marinade de base pour la marinade de poisson, de viande et de fruits de mer, la QiQ Base pour sauce au beurre, le QimiQ Tiramisu et le QimiQ Mirror Glaze.<\/p>\n<\/div>\n        \n            <\/div>\n<\/div>\n\n<\/section>\n\n<section id='lightpress__section--block_0f72fd8ecbbf38d4e324b655ea63b244' class='lightpress__section--default-section-space lightpress__section lightpress__section--image' data-scroll-section>    <picture\n        class=\"image__picture image__picture--size-original image__picture--align-center\">\n        <img decoding=\"async\" src=\"https:\/\/qimiq.ch\/wp-content\/uploads\/sites\/4\/wie-wird-qimiq-hergestellt.gif\" alt=\"comment est fabriqu\u00e9 le qimiq\" \/>\n<\/picture>\n\n<\/section>","protected":false},"excerpt":{"rendered":"","protected":false},"author":1,"featured_media":0,"parent":0,"menu_order":9,"comment_status":"closed","ping_status":"closed","template":"","meta":{"_acf_changed":false,"_relevanssi_hide_post":"","_relevanssi_hide_content":"","_relevanssi_pin_for_all":"","_relevanssi_pin_keywords":"","_relevanssi_unpin_keywords":"","_relevanssi_related_keywords":"","_relevanssi_related_include_ids":"","_relevanssi_related_exclude_ids":"","_relevanssi_related_no_append":"","_relevanssi_related_not_related":"","_relevanssi_related_posts":"","_relevanssi_noindex_reason":"","footnotes":""},"class_list":["post-633","page","type-page","status-publish","hentry"],"acf":[],"yoast_head":"<!-- This site is optimized with the Yoast SEO Premium plugin v26.6 (Yoast SEO v26.8) - https:\/\/yoast.com\/product\/yoast-seo-premium-wordpress\/ -->\n<title>About us - QimiQ Schweiz<\/title>\n<meta name=\"robots\" content=\"index, follow, max-snippet:-1, max-image-preview:large, max-video-preview:-1\" \/>\n<link rel=\"canonical\" href=\"https:\/\/qimiq.ch\/fr\/a-propos-de-nous\/\" \/>\n<meta property=\"og:locale\" content=\"fr_FR\" \/>\n<meta property=\"og:type\" content=\"article\" \/>\n<meta property=\"og:title\" content=\"About us\" \/>\n<meta property=\"og:url\" content=\"https:\/\/qimiq.ch\/fr\/a-propos-de-nous\/\" \/>\n<meta property=\"og:site_name\" content=\"QimiQ Schweiz\" \/>\n<meta property=\"article:publisher\" content=\"https:\/\/www.facebook.com\/QimiQWorld\/\" \/>\n<meta property=\"article:modified_time\" content=\"2024-01-08T09:51:36+00:00\" \/>\n<meta property=\"og:image\" content=\"https:\/\/qimiq.ch\/wp-content\/uploads\/sites\/4\/Torte.png\" \/>\n\t<meta property=\"og:image:width\" content=\"316\" \/>\n\t<meta property=\"og:image:height\" content=\"202\" \/>\n\t<meta property=\"og:image:type\" content=\"image\/png\" \/>\n<meta name=\"twitter:card\" content=\"summary_large_image\" \/>\n<script type=\"application\/ld+json\" class=\"yoast-schema-graph\">{\"@context\":\"https:\/\/schema.org\",\"@graph\":[{\"@type\":\"WebPage\",\"@id\":\"https:\/\/qimiq.ch\/about-us\/\",\"url\":\"https:\/\/qimiq.ch\/about-us\/\",\"name\":\"About us - QimiQ Schweiz\",\"isPartOf\":{\"@id\":\"https:\/\/qimiq.ch\/en\/#website\"},\"datePublished\":\"2022-06-21T08:49:44+00:00\",\"dateModified\":\"2024-01-08T09:51:36+00:00\",\"breadcrumb\":{\"@id\":\"https:\/\/qimiq.ch\/about-us\/#breadcrumb\"},\"inLanguage\":\"fr-FR\",\"potentialAction\":[{\"@type\":\"ReadAction\",\"target\":[\"https:\/\/qimiq.ch\/about-us\/\"]}]},{\"@type\":\"BreadcrumbList\",\"@id\":\"https:\/\/qimiq.ch\/about-us\/#breadcrumb\",\"itemListElement\":[{\"@type\":\"ListItem\",\"position\":1,\"name\":\"Home\",\"item\":\"https:\/\/qimiq.ch\/\"},{\"@type\":\"ListItem\",\"position\":2,\"name\":\"About us\"}]},{\"@type\":\"WebSite\",\"@id\":\"https:\/\/qimiq.ch\/en\/#website\",\"url\":\"https:\/\/qimiq.ch\/en\/\",\"name\":\"QimiQ Schweiz\",\"description\":\"\",\"publisher\":{\"@id\":\"https:\/\/qimiq.ch\/en\/#organization\"},\"potentialAction\":[{\"@type\":\"SearchAction\",\"target\":{\"@type\":\"EntryPoint\",\"urlTemplate\":\"https:\/\/qimiq.ch\/en\/?s={search_term_string}\"},\"query-input\":{\"@type\":\"PropertyValueSpecification\",\"valueRequired\":true,\"valueName\":\"search_term_string\"}}],\"inLanguage\":\"fr-FR\"},{\"@type\":\"Organization\",\"@id\":\"https:\/\/qimiq.ch\/en\/#organization\",\"name\":\"QimiQ Schweiz\",\"url\":\"https:\/\/qimiq.ch\/en\/\",\"logo\":{\"@type\":\"ImageObject\",\"inLanguage\":\"fr-FR\",\"@id\":\"https:\/\/qimiq.ch\/en\/#\/schema\/logo\/image\/\",\"url\":\"https:\/\/qimiq.ch\/wp-content\/uploads\/sites\/4\/AdobeStock_300763099_Video_HD_Preview.png\",\"contentUrl\":\"https:\/\/qimiq.ch\/wp-content\/uploads\/sites\/4\/AdobeStock_300763099_Video_HD_Preview.png\",\"width\":712,\"height\":401,\"caption\":\"QimiQ Schweiz\"},\"image\":{\"@id\":\"https:\/\/qimiq.ch\/en\/#\/schema\/logo\/image\/\"},\"sameAs\":[\"https:\/\/www.facebook.com\/QimiQWorld\/\",\"https:\/\/www.facebook.com\/QimiQProfessionals\/\",\"https:\/\/www.instagram.com\/qimiq_austria\/\"]}]}<\/script>\n<!-- \/ Yoast SEO Premium plugin. -->","yoast_head_json":{"title":"About us - QimiQ Suisse","robots":{"index":"index","follow":"follow","max-snippet":"max-snippet:-1","max-image-preview":"max-image-preview:large","max-video-preview":"max-video-preview:-1"},"canonical":"https:\/\/qimiq.ch\/fr\/a-propos-de-nous\/","og_locale":"fr_FR","og_type":"article","og_title":"About us","og_url":"https:\/\/qimiq.ch\/fr\/a-propos-de-nous\/","og_site_name":"QimiQ Schweiz","article_publisher":"https:\/\/www.facebook.com\/QimiQWorld\/","article_modified_time":"2024-01-08T09:51:36+00:00","og_image":[{"width":316,"height":202,"url":"https:\/\/qimiq.ch\/wp-content\/uploads\/sites\/4\/Torte.png","type":"image\/png"}],"twitter_card":"summary_large_image","schema":{"@context":"https:\/\/schema.org","@graph":[{"@type":"WebPage","@id":"https:\/\/qimiq.ch\/about-us\/","url":"https:\/\/qimiq.ch\/about-us\/","name":"About us - QimiQ Suisse","isPartOf":{"@id":"https:\/\/qimiq.ch\/en\/#website"},"datePublished":"2022-06-21T08:49:44+00:00","dateModified":"2024-01-08T09:51:36+00:00","breadcrumb":{"@id":"https:\/\/qimiq.ch\/about-us\/#breadcrumb"},"inLanguage":"fr-FR","potentialAction":[{"@type":"ReadAction","target":["https:\/\/qimiq.ch\/about-us\/"]}]},{"@type":"BreadcrumbList","@id":"https:\/\/qimiq.ch\/about-us\/#breadcrumb","itemListElement":[{"@type":"ListItem","position":1,"name":"Home","item":"https:\/\/qimiq.ch\/"},{"@type":"ListItem","position":2,"name":"About us"}]},{"@type":"WebSite","@id":"https:\/\/qimiq.ch\/en\/#website","url":"https:\/\/qimiq.ch\/en\/","name":"QimiQ Suisse","description":"","publisher":{"@id":"https:\/\/qimiq.ch\/en\/#organization"},"potentialAction":[{"@type":"SearchAction","target":{"@type":"EntryPoint","urlTemplate":"https:\/\/qimiq.ch\/en\/?s={search_term_string}"},"query-input":{"@type":"PropertyValueSpecification","valueRequired":true,"valueName":"search_term_string"}}],"inLanguage":"fr-FR"},{"@type":"Organization","@id":"https:\/\/qimiq.ch\/en\/#organization","name":"QimiQ Suisse","url":"https:\/\/qimiq.ch\/en\/","logo":{"@type":"ImageObject","inLanguage":"fr-FR","@id":"https:\/\/qimiq.ch\/en\/#\/schema\/logo\/image\/","url":"https:\/\/qimiq.ch\/wp-content\/uploads\/sites\/4\/AdobeStock_300763099_Video_HD_Preview.png","contentUrl":"https:\/\/qimiq.ch\/wp-content\/uploads\/sites\/4\/AdobeStock_300763099_Video_HD_Preview.png","width":712,"height":401,"caption":"QimiQ Schweiz"},"image":{"@id":"https:\/\/qimiq.ch\/en\/#\/schema\/logo\/image\/"},"sameAs":["https:\/\/www.facebook.com\/QimiQWorld\/","https:\/\/www.facebook.com\/QimiQProfessionals\/","https:\/\/www.instagram.com\/qimiq_austria\/"]}]}},"_links":{"self":[{"href":"https:\/\/qimiq.ch\/fr\/wp-json\/wp\/v2\/pages\/633","targetHints":{"allow":["GET"]}}],"collection":[{"href":"https:\/\/qimiq.ch\/fr\/wp-json\/wp\/v2\/pages"}],"about":[{"href":"https:\/\/qimiq.ch\/fr\/wp-json\/wp\/v2\/types\/page"}],"author":[{"embeddable":true,"href":"https:\/\/qimiq.ch\/fr\/wp-json\/wp\/v2\/users\/1"}],"replies":[{"embeddable":true,"href":"https:\/\/qimiq.ch\/fr\/wp-json\/wp\/v2\/comments?post=633"}],"version-history":[{"count":3,"href":"https:\/\/qimiq.ch\/fr\/wp-json\/wp\/v2\/pages\/633\/revisions"}],"predecessor-version":[{"id":3280,"href":"https:\/\/qimiq.ch\/fr\/wp-json\/wp\/v2\/pages\/633\/revisions\/3280"}],"wp:attachment":[{"href":"https:\/\/qimiq.ch\/fr\/wp-json\/wp\/v2\/media?parent=633"}],"curies":[{"name":"wp","href":"https:\/\/api.w.org\/{rel}","templated":true}]}}