{"id":64,"date":"2022-02-01T14:12:54","date_gmt":"2022-02-01T13:12:54","guid":{"rendered":"https:\/\/qimiq.lightcyde\/?page_id=64"},"modified":"2024-06-05T10:15:49","modified_gmt":"2024-06-05T09:15:49","slug":"contact","status":"publish","type":"page","link":"https:\/\/qimiq.ch\/fr\/contact\/","title":{"rendered":"Contact"},"content":{"rendered":"<section id='lightpress__section--block_6959e3eef06a8e67e01973c386c2c031' class='lightpress__section--cow-headline--default lightpress__section--default-section-space lightpress__section lightpress__section--cow-headline' data-scroll-section><div class=\"cow-headline__container\">\n        <h1 data-aos=\"fade-right\" class=\"cow-headline__headline\"\n    data-aos-once=\"true\">Service<\/h1>\n<picture class=\"cow-headline__picture\"\n         data-aos=\"fade-left\"\n         data-aos-once=\"true\">\n    <source srcset=\"\/wp-content\/themes\/qimiq\/blocks\/cow-headline\/cow.png.webp\" type=\"image\/webp\">\n    <img decoding=\"async\" src=\"\/wp-content\/themes\/qimiq\/blocks\/cow-headline\/cow.png\" alt=\"Kuh\">\n<\/picture>\n<\/div>\n\n<\/section>\n\n<section id='lightpress__section--block_b46d355bfcd432a5f40e6c8ffe7eacc4' class='lightpress__section--default-section-space lightpress__section lightpress__section--wysiwyg' data-scroll-section><div class=\"wysiwyg-columns wysiwyg-columns--1\">\n            <div class=\"wysiwyg-columns__content\" data-aos=\"fade-right\"\n             data-aos-once=\"true\"><h5><strong>Kontaktformular<\/strong><\/h5>\n<\/div>\n    <\/div>\n\n<\/section>\n\n<section id='lightpress__section--block_5b486e9a41698c6448937c30ac709f9d' class='lightpress__section--default-section-space lightpress__section lightpress__section--contact-form' data-scroll-section><div data-aos=\"fade-up\" data-aos-once=\"true\" data-aos-anchor=\"#lightpress__section--block_5b486e9a41698c6448937c30ac709f9d\">\n    <script>jQuery(\"#contact_form_69f2c6844cf7d\").find(\"input\").prop(\"disabled\", true);jQuery(\"#contact_form_69f2c6844cf7d\").find(\"textarea\").prop(\"disabled\", true);<\/script>\t\t\t\t<form id=\"contact_form_69f2c6844cf7d\" class=\"lightpress__form\" action=\"https:\/\/qimiq.ch\/fr\/wp-json\/lightpress\/contact_form\" method=\"post\"> \t\t\t\t\t<div id=\"acf-form-data\" class=\"acf-hidden\"> \t\t<input type=\"hidden\" id=\"_acf_screen\" name=\"_acf_screen\" value=\"acf_form\"\/><input type=\"hidden\" id=\"_acf_post_id\" name=\"_acf_post_id\" value=\"block_5b486e9a41698c6448937c30ac709f9d\"\/><input type=\"hidden\" id=\"_acf_validation\" name=\"_acf_validation\" value=\"1\"\/><input type=\"hidden\" id=\"_acf_form\" name=\"_acf_form\" value=\"dWdRajN1R3FVMU15VzlaSjB5ek9Jam9TNGcra01XcFptN1Q3OUh4Y0dKamYxdXJLVWFCYWhRbUp2cFlMMFdZa0xWYnFiajBnMjZyVzBwdWtXai95T0ZCTEhvMit5bXg2eTNtTkpjVWdsZ0dlc1djRFE2UUF5R0N6bzJjRW00MTJDZWUyYXNNZVR0NW5aOVQ5UWU5UE9pOEdHa3VhNyt1MUppR0trdDdnWHFPUElFMnY0OUlxZ09IaEx1dlYrOFFpN3RtUElrNWgrYkxILy9QYzVWVEhMcTJGQ3JMVVEzN0d2aTZYTmhnTHltTFdkaVVXSCtvbzVObWQ2VDU1NzJsQUJFREZZT1Jyem9IR2RHaFV0NFJ6aVZxL1dUUDlIRmVSNXl6SkoxOWtrRklWMEo2OXVYT0pIelFYWmV3N1ZEQWo3UDMyR3lMTXpINmlxdzlFQ29FTzAwOUtpcVFYUmhqZmdJdmpEc0tIdDQ4Vk1OK04yNTdic2NLMlVSSTZocjhBZ1VkKzQyaUw4QTZXQlZFNXlWMko3UjNYNzFZeGNDelZDVGw4TWhUOXh5VmJpbllGbjNKVUt0cUdSVmhGc00xM1N6U3RHSHpGWWdYZWhObXJ1d2ZNa0ZzbzA2ZjBkR3YvMm9WNjFkV0NaTmNXQkNDdGJFVFNiSGtqWm1tWnB2cjhReS9nckNKMzRheVpHWDJ4T1czK0NOMFBHNEp4OE9yNzh6YU5lMTNxUlVESGlsT2oxdkxwMlloRnl1TThoeXB0UURhak5NNWlTUldObHFrTko2RzlWaXJycGI4WGpaTTJ5bFZEY2NBcHdLdlFTTmZRMFhldFo4b0lZNG9PejJYNzQ2S1R6K3ZxVTVwVGxkaUMzZFlKSWJDVXBqRXVGS3drSGY0QUk0a3g0SGlkRFlqZnlpbzQ4SHFJRDhaczMxTGE2N1JxRmxnQnRJUE5sRVpKTUg0NEhFQzhDUU9BdEl6OE5vcUVRakJSTk51ZGc0d3ZzWXZjWVk1ZmlDcnNVTUVLSmdqWUZabUE2bC9LTld1U3JXV1RQb1FQc1VxMDNjUjhpN05uTzJNTkFoelg3Zk84MUFNbkxBaHlKTm93SDdzaVRhYmE5a3k0c3hzbzE3bnZZWUVlUFVjdVdwS2JlVWdnc3czcjNSYmNiL284SzB1UEJsblJtaGxlam5GMHZGZ1lsUEtXY2g2bkhYeVMxbkRKMVFsNUs1Y0JJT2V3WUwxTFNqcmdhMTJQWElEWkR3MGJaYXB0ZlFhVFpubzM0dVA2T005UmxjcURMdmFEdjNUbStacDhaZm1BZzFZcFA5TW9ZZ2V3dFFoS2U3aWcrZ1Bha3MvS0d2WW9TL2o3TTZ5K1o3VFg5NkJDc0hDSUVQQ3JTTWhaTW9OTDd6WnhyZlB3WHUzV3pPTU1PQy9xb3YrSGRuSzh2UEUxbCtNc0h2YmhWRkkwcTloUkhSRithMFVuZXVDd2huMitld3Z5ZnNXeWxxV1h2aGhjSDFiRDJJdGZQbngvUkMxV3VnazJvaWZ0LzJQWDVsanJ2bW93eTRqYkQ4c2dVQWlKazlNR1JLZ3hTa1gvVklNMmJpdEY3TVhzMkN1SFk1WHVoLy9sc1k2Z09XQnFLV3ltZm11UVhuOHN6NnkxWW1LbEo3bjIrTHdNcjV6TzZ3NjRUY1pWdE5xTzQwNm9FR3JJRythU2NBeVBZZzZEVUVGb3hER0IzTmtGdjRLU2MvckJaMFdVRDU1UU4zbVpvR1RvQ0hkb0QxNzVHRndHeW9JQ3h3Q1NhaXJRbWxtQUR6Zk9FcFM3bW5oUzdjVktwdGp5WWFPRFFEMjltS1hrTmZ5anl1UHRQc1FlNmN4eC9ZWGV0UWJnNTZ6UlRuQ3kwU0FydDhWYzl1SHhyNEY1R083ZVpibXBkQTNmYzI0Z3FRZ1A4Z2pWSG9oaVR3dGx0ZzJBaE9uRFNaVEFsOUk4Rys2NGJjV1lOT0ZVUCtOcTlWckVvUFgvWGpESHovU05aaTdEUHdIVzRQd2hlMWpLT0U4andaWXZlRzRzSTRiN0p1N3h4TlBwZVNhTzk1RGpMZjlxUUllUjZ5R28vU2RmKzMzNE1RU0NWQ1pZZnJneGNyMFZHWXVOYTlhSGZqVlJvWTA1cmRZQ2d1OWdiUzVqdURzY0FVMzEwelRYRW5Ed21nek9DSWRmQmo4cTMxOVpHOS9aZUxqNjQ2bFF5ZDMvZnBEL2NObnJXSmN1Nm1VcWRnTmgzTVJPalJoMlR4YXdzVGlidXBFemJYWnJkaHBpS2d2emI0aEZjdmhiZTc4WllaQm5aQjJuS1Z0d1NtZWtqUT09OjoRhDx5p1ByEUz2YEyvVsPd\"\/><input type=\"hidden\" id=\"_acf_nonce\" name=\"_acf_nonce\" value=\"a1a0dc9873\"\/><input type=\"hidden\" id=\"_acf_changed\" name=\"_acf_changed\" value=\"0\"\/>\t<\/div> \t\t\t\t<div class=\"acf-fields acf-form-fields -top\"> \t\t\t\t<input type=\"hidden\" name=\"acf[am1Sd9S3-018nJSld-Lnd2iF284czoxODoiZmllbGRfdXNlc19jYXB0Y2hhIjs=]\" value=\"ZeQ9ctBjHTt%2FPVmwfDF9vIjCQPMiA%2BkUaCZKaPlP3N224r59C%2Fxd4PIFCRdwA%2B%2BFHa1iqXZr38niaV3%2FlHv2xg%3D%3D\">\t\t\t\t<div class=\"acf-field acf-field-text acf-field-contact-name is-required\" style=\"width:100%;\" data-name=\"contact_name\" data-type=\"text\" data-key=\"field_contact_name\" data-required=\"1\" data-width=\"100\"> <div class=\"acf-label\"> <label for=\"acf-field_contact_name\">Name <span class=\"acf-required\">*<\/span><\/label><\/div> <div class=\"acf-input\"> <div class=\"acf-input-wrap\"><input type=\"text\" id=\"acf-field_contact_name\" name=\"acf[field_contact_name]\" placeholder=\"Name *\" required=\"required\"\/><\/div><\/div> <\/div> <div class=\"acf-field acf-field-email acf-field-contact-email-address is-required\" style=\"width:100%;\" data-name=\"contact_email_address\" data-type=\"email\" data-key=\"field_contact_email_address\" data-required=\"1\" data-width=\"100\"> <div class=\"acf-label\"> <label for=\"acf-field_contact_email_address\">E-Mail-Adresse <span class=\"acf-required\">*<\/span><\/label><\/div> <div class=\"acf-input\"> <div class=\"acf-input-wrap\"><input type=\"email\" id=\"acf-field_contact_email_address\" name=\"acf[field_contact_email_address]\" placeholder=\"E-Mail-Adresse *\" required=\"required\"\/><\/div><\/div> <\/div> <div class=\"acf-field acf-field-text acf-field-contact-subject is-required\" style=\"width:100%;\" data-name=\"contact_subject\" data-type=\"text\" data-key=\"field_contact_subject\" data-required=\"1\" data-width=\"100\"> <div class=\"acf-label\"> <label for=\"acf-field_contact_subject\">Betreff <span class=\"acf-required\">*<\/span><\/label><\/div> <div class=\"acf-input\"> <div class=\"acf-input-wrap\"><input type=\"text\" id=\"acf-field_contact_subject\" name=\"acf[field_contact_subject]\" placeholder=\"Betreff *\" required=\"required\"\/><\/div><\/div> <\/div> <div class=\"acf-field acf-field-textarea acf-field-contact-message is-required\" style=\"width:100%;\" data-name=\"contact_message\" data-type=\"textarea\" data-key=\"field_contact_message\" data-required=\"1\" data-width=\"100\"> <div class=\"acf-label\"> <label for=\"acf-field_contact_message\">Message <span class=\"acf-required\">*<\/span><\/label><\/div> <div class=\"acf-input\"> <textarea id=\"acf-field_contact_message\" name=\"acf[field_contact_message]\" placeholder=\"Beschreibung *\" rows=\"4\" required=\"required\"><\/textarea><\/div> <\/div> <div class=\"acf-field acf-field-true-false acf-field-gdpr-consent-given is-required\" style=\"width:100%;\" data-name=\"gdpr_consent_given\" data-type=\"true_false\" data-key=\"field_gdpr_consent_given\" data-required=\"1\" data-width=\"100\"> <div class=\"acf-label\"> <label for=\"acf-field_gdpr_consent_given\"> <span class=\"acf-required\">*<\/span><\/label><\/div> <div class=\"acf-input\"> <div class=\"acf-true-false\"> \t\t\t<input type=\"hidden\" name=\"acf[field_gdpr_consent_given]\" value=\"0\"\/>\t<label> \t\t<input type=\"checkbox\" id=\"acf-field_gdpr_consent_given\" name=\"acf[field_gdpr_consent_given]\" value=\"1\" class=\"\" autocomplete=\"off\"\/> \t\t\t\t\t\t\t\t\t\t<span class=\"message\">Ich habe die <a href=\"https:\/\/qimiq.ch\/fr\/declaration-de-protection-des-donnees\/\">Datenschutzerkl\u00e4rung<\/a> gelesen und akzeptiert.<\/span>\t<\/label> <\/div> \t\t\t<\/div> <\/div> <div class=\"acf-field acf-field-text acf-field--validate-email\" style=\"display:none !important;\" data-name=\"_validate_email\" data-type=\"text\" data-key=\"_validate_email\"> <div class=\"acf-label\"> <label for=\"acf-_validate_email\">Valider l\u2019e-mail<\/label><\/div> <div class=\"acf-input\"> <div class=\"acf-input-wrap\"><input type=\"text\" id=\"acf-_validate_email\" name=\"acf[_validate_email]\"\/><\/div><\/div> <\/div> \t\t\t\t<div class=\"response-container\" id=\"contact_form_69f2c6844cf7d__response-container\"><\/div>\t\t\t<\/div> \t\t\t\t\t\t\t<div class=\"acf-form-submit\"> \t\t\t\t\t<button data-source=\"#contact_form_69f2c6844cf7d\" form=\"contact_form_69f2c6844cf7d\" type=\"submit\" class=\"qimiq-button text\">Senden<\/button>\t\t\t\t\t<span class=\"acf-spinner\"><\/span>\t\t\t\t<\/div> \t\t\t\t<\/form>\n<\/div>\n<\/section>\n\n<section id='lightpress__section--block_a68a0c5b2ffec435394ad6f13e3c22c8' class='lightpress__section--colored-bg lightpress__section--default-section-space lightpress__section lightpress__section--wysiwyg' data-scroll-section><div class=\"wysiwyg-columns wysiwyg-columns--1\">\n            <div class=\"wysiwyg-columns__content\" data-aos=\"fade-right\"\n             data-aos-once=\"true\"><h5><strong>Emmi Kundendienst<\/strong><\/h5>\n<\/div>\n    <\/div>\n\n    <div class=\"stripes__container stripes__container--lightblue\">\n            <\/div>\n\n<\/section>\n\n<section id='lightpress__section--block_27fe3eb3e94593a48783a9b169ae2753' class='lightpress__section--colored-bg lightpress__section--default-section-space lightpress__section lightpress__section--wysiwyg' data-scroll-section><div class=\"wysiwyg-columns wysiwyg-columns--2\">\n            <div class=\"wysiwyg-columns__content\" data-aos=\"fade-right\"\n             data-aos-once=\"true\"><h6><strong>Per Telefon<\/strong><\/h6>\n<p>\u00a0<\/p>\n<div>\n<div class=\"tiny-mce__key-value-entry\">\n<p>Schweiz<\/p>\n<p><a href=\"tel:0800 22 0800\">0080 0090 00100<\/a><\/div>\n<\/div>\n<h6>\u00a0<\/h6>\n<h6><strong>Per E-Mail<\/strong><\/h6>\n<p>\u00a0<\/p>\n<div class=\"tiny-mce__key-value-entry\">\n<p>Kundendienst<\/p>\n<p><a href=\"mailto:Konsumentendienst@emmi.com\">Konsumentendienst@emmi.com<\/a><\/div>\n<\/div>\n            <div class=\"wysiwyg-columns__content\" data-aos=\"fade-left\"\n             data-aos-once=\"true\"><h6><strong>Wann du uns erreichen kannst<\/strong><\/h6>\n<p>\u00a0<\/p>\n<p>Montag bis Freitag<br \/>08:00-17:00 Uhr<\/p>\n<p>\u00a0<\/p>\n<p>Am Wochenende und an Feiertagen sind wir telefonisch nicht erreichbar. Ausserhalb unserer Gesch\u00e4ftszeiten kannst du uns gerne auf das Tonband sprechen und wir melden uns am n\u00e4chsten Arbeitstag bei dir.<\/p>\n<\/div>\n    <\/div>\n\n    <div class=\"stripes__container stripes__container--lightblue\">\n            <\/div>\n\n<\/section>\n\n<section id='lightpress__section--block_49356703d5920ff464c3ce7226c0da7b' class='lightpress__section--default-section-space lightpress__section lightpress__section--wysiwyg' data-scroll-section><div class=\"wysiwyg-columns wysiwyg-columns--1\">\n            <div class=\"wysiwyg-columns__content\" data-aos=\"fade-right\"\n             data-aos-once=\"true\"><h5><strong>QimiQ Niederlassungen<\/strong><\/h5>\n<\/div>\n    <\/div>\n\n<\/section>\n\n<section id='lightpress__section--block_f7cc702735ccb21555a6213a590b6c67' class='lightpress__section--default-section-space lightpress__section lightpress__section--wysiwyg' data-scroll-section><div class=\"wysiwyg-columns wysiwyg-columns--1\">\n            <div class=\"wysiwyg-columns__content\" data-aos=\"fade-right\"\n             data-aos-once=\"true\"><h6><strong>QimiQ Handels GmbH<\/strong><\/h6>\n<p>\u00a0<\/p>\n<p>Lettlweg 5<br \/>5322 Hof bei Salzburg<br \/>\u00d6sterreich<\/p>\n<p>\u00a0<\/p>\n<p>T <a href=\"tel:+43%206229%203483-0\">+43 6229 3483-0<\/a><br \/>F +43 6229 3483-30<\/p>\n<p>\u00a0<\/p>\n<p>E <a href=\"mailto:office@qimiq.ch\">office@qimiq.ch<\/a><br \/><a href=\"http:\/\/www.qimiq.ch\">www.qimiq.ch<\/a><\/p>\n<\/div>\n    <\/div>\n\n<\/section>","protected":false},"excerpt":{"rendered":"","protected":false},"author":1,"featured_media":0,"parent":0,"menu_order":6,"comment_status":"closed","ping_status":"closed","template":"","meta":{"_acf_changed":false,"_relevanssi_hide_post":"","_relevanssi_hide_content":"","_relevanssi_pin_for_all":"","_relevanssi_pin_keywords":"","_relevanssi_unpin_keywords":"","_relevanssi_related_keywords":"","_relevanssi_related_include_ids":"","_relevanssi_related_exclude_ids":"","_relevanssi_related_no_append":"","_relevanssi_related_not_related":"","_relevanssi_related_posts":"","_relevanssi_noindex_reason":"","footnotes":""},"class_list":["post-64","page","type-page","status-publish","hentry"],"acf":[],"yoast_head":"<!-- This site is optimized with the Yoast SEO Premium plugin v26.6 (Yoast SEO v26.8) - https:\/\/yoast.com\/product\/yoast-seo-premium-wordpress\/ -->\n<title>Kontakt - QimiQ Schweiz<\/title>\n<meta name=\"description\" content=\"Montag bis Donnerstag 8 bis 12 Uhr und 13 bis 17 Uhr. Freitag 8 bis 12:30 Uhr. Am Wochenende sind wir telefonisch nicht erreichbar.\" \/>\n<meta name=\"robots\" content=\"index, follow, max-snippet:-1, max-image-preview:large, max-video-preview:-1\" \/>\n<link rel=\"canonical\" href=\"https:\/\/qimiq.ch\/fr\/contact\/\" \/>\n<meta property=\"og:locale\" content=\"fr_FR\" \/>\n<meta property=\"og:type\" content=\"article\" \/>\n<meta property=\"og:title\" content=\"Kontakt\" \/>\n<meta property=\"og:description\" content=\"Montag bis Donnerstag 8 bis 12 Uhr und 13 bis 17 Uhr. Freitag 8 bis 12:30 Uhr. Am Wochenende sind wir telefonisch nicht erreichbar.\" \/>\n<meta property=\"og:url\" content=\"https:\/\/qimiq.ch\/fr\/contact\/\" \/>\n<meta property=\"og:site_name\" content=\"QimiQ Schweiz\" \/>\n<meta property=\"article:publisher\" content=\"https:\/\/www.facebook.com\/QimiQWorld\/\" \/>\n<meta property=\"article:modified_time\" content=\"2024-06-05T09:15:49+00:00\" \/>\n<meta property=\"og:image\" content=\"https:\/\/qimiq.ch\/wp-content\/uploads\/sites\/4\/Torte.png\" \/>\n\t<meta property=\"og:image:width\" content=\"316\" \/>\n\t<meta property=\"og:image:height\" content=\"202\" \/>\n\t<meta property=\"og:image:type\" content=\"image\/png\" \/>\n<meta name=\"twitter:card\" content=\"summary_large_image\" \/>\n<script type=\"application\/ld+json\" class=\"yoast-schema-graph\">{\"@context\":\"https:\/\/schema.org\",\"@graph\":[{\"@type\":\"WebPage\",\"@id\":\"https:\/\/qimiq.ch\/kontakt\/\",\"url\":\"https:\/\/qimiq.ch\/kontakt\/\",\"name\":\"Kontakt - QimiQ Schweiz\",\"isPartOf\":{\"@id\":\"https:\/\/qimiq.ch\/en\/#website\"},\"datePublished\":\"2022-02-01T13:12:54+00:00\",\"dateModified\":\"2024-06-05T09:15:49+00:00\",\"description\":\"Montag bis Donnerstag 8 bis 12 Uhr und 13 bis 17 Uhr. Freitag 8 bis 12:30 Uhr. Am Wochenende sind wir telefonisch nicht erreichbar.\",\"breadcrumb\":{\"@id\":\"https:\/\/qimiq.ch\/kontakt\/#breadcrumb\"},\"inLanguage\":\"fr-FR\",\"potentialAction\":[{\"@type\":\"ReadAction\",\"target\":[\"https:\/\/qimiq.ch\/kontakt\/\"]}]},{\"@type\":\"BreadcrumbList\",\"@id\":\"https:\/\/qimiq.ch\/kontakt\/#breadcrumb\",\"itemListElement\":[{\"@type\":\"ListItem\",\"position\":1,\"name\":\"Home\",\"item\":\"https:\/\/qimiq.ch\/\"},{\"@type\":\"ListItem\",\"position\":2,\"name\":\"Kontakt\"}]},{\"@type\":\"WebSite\",\"@id\":\"https:\/\/qimiq.ch\/en\/#website\",\"url\":\"https:\/\/qimiq.ch\/en\/\",\"name\":\"QimiQ Schweiz\",\"description\":\"\",\"publisher\":{\"@id\":\"https:\/\/qimiq.ch\/en\/#organization\"},\"potentialAction\":[{\"@type\":\"SearchAction\",\"target\":{\"@type\":\"EntryPoint\",\"urlTemplate\":\"https:\/\/qimiq.ch\/en\/?s={search_term_string}\"},\"query-input\":{\"@type\":\"PropertyValueSpecification\",\"valueRequired\":true,\"valueName\":\"search_term_string\"}}],\"inLanguage\":\"fr-FR\"},{\"@type\":\"Organization\",\"@id\":\"https:\/\/qimiq.ch\/en\/#organization\",\"name\":\"QimiQ Schweiz\",\"url\":\"https:\/\/qimiq.ch\/en\/\",\"logo\":{\"@type\":\"ImageObject\",\"inLanguage\":\"fr-FR\",\"@id\":\"https:\/\/qimiq.ch\/en\/#\/schema\/logo\/image\/\",\"url\":\"https:\/\/qimiq.ch\/wp-content\/uploads\/sites\/4\/AdobeStock_300763099_Video_HD_Preview.png\",\"contentUrl\":\"https:\/\/qimiq.ch\/wp-content\/uploads\/sites\/4\/AdobeStock_300763099_Video_HD_Preview.png\",\"width\":712,\"height\":401,\"caption\":\"QimiQ Schweiz\"},\"image\":{\"@id\":\"https:\/\/qimiq.ch\/en\/#\/schema\/logo\/image\/\"},\"sameAs\":[\"https:\/\/www.facebook.com\/QimiQWorld\/\",\"https:\/\/www.facebook.com\/QimiQProfessionals\/\",\"https:\/\/www.instagram.com\/qimiq_austria\/\"]}]}<\/script>\n<!-- \/ Yoast SEO Premium plugin. -->","yoast_head_json":{"title":"Contact - QimiQ Suisse","description":"Du lundi au jeudi de 8h \u00e0 12h et de 13h \u00e0 17h. Vendredi de 8h \u00e0 12h30. Nous ne sommes pas joignables par t\u00e9l\u00e9phone le week-end.","robots":{"index":"index","follow":"follow","max-snippet":"max-snippet:-1","max-image-preview":"max-image-preview:large","max-video-preview":"max-video-preview:-1"},"canonical":"https:\/\/qimiq.ch\/fr\/contact\/","og_locale":"fr_FR","og_type":"article","og_title":"Kontakt","og_description":"Montag bis Donnerstag 8 bis 12 Uhr und 13 bis 17 Uhr. Freitag 8 bis 12:30 Uhr. Am Wochenende sind wir telefonisch nicht erreichbar.","og_url":"https:\/\/qimiq.ch\/fr\/contact\/","og_site_name":"QimiQ Schweiz","article_publisher":"https:\/\/www.facebook.com\/QimiQWorld\/","article_modified_time":"2024-06-05T09:15:49+00:00","og_image":[{"width":316,"height":202,"url":"https:\/\/qimiq.ch\/wp-content\/uploads\/sites\/4\/Torte.png","type":"image\/png"}],"twitter_card":"summary_large_image","schema":{"@context":"https:\/\/schema.org","@graph":[{"@type":"WebPage","@id":"https:\/\/qimiq.ch\/kontakt\/","url":"https:\/\/qimiq.ch\/kontakt\/","name":"Contact - QimiQ Suisse","isPartOf":{"@id":"https:\/\/qimiq.ch\/en\/#website"},"datePublished":"2022-02-01T13:12:54+00:00","dateModified":"2024-06-05T09:15:49+00:00","description":"Du lundi au jeudi de 8h \u00e0 12h et de 13h \u00e0 17h. Vendredi de 8h \u00e0 12h30. Nous ne sommes pas joignables par t\u00e9l\u00e9phone le week-end.","breadcrumb":{"@id":"https:\/\/qimiq.ch\/kontakt\/#breadcrumb"},"inLanguage":"fr-FR","potentialAction":[{"@type":"ReadAction","target":["https:\/\/qimiq.ch\/kontakt\/"]}]},{"@type":"BreadcrumbList","@id":"https:\/\/qimiq.ch\/kontakt\/#breadcrumb","itemListElement":[{"@type":"ListItem","position":1,"name":"Home","item":"https:\/\/qimiq.ch\/"},{"@type":"ListItem","position":2,"name":"Kontakt"}]},{"@type":"WebSite","@id":"https:\/\/qimiq.ch\/en\/#website","url":"https:\/\/qimiq.ch\/en\/","name":"QimiQ Suisse","description":"","publisher":{"@id":"https:\/\/qimiq.ch\/en\/#organization"},"potentialAction":[{"@type":"SearchAction","target":{"@type":"EntryPoint","urlTemplate":"https:\/\/qimiq.ch\/en\/?s={search_term_string}"},"query-input":{"@type":"PropertyValueSpecification","valueRequired":true,"valueName":"search_term_string"}}],"inLanguage":"fr-FR"},{"@type":"Organization","@id":"https:\/\/qimiq.ch\/en\/#organization","name":"QimiQ Suisse","url":"https:\/\/qimiq.ch\/en\/","logo":{"@type":"ImageObject","inLanguage":"fr-FR","@id":"https:\/\/qimiq.ch\/en\/#\/schema\/logo\/image\/","url":"https:\/\/qimiq.ch\/wp-content\/uploads\/sites\/4\/AdobeStock_300763099_Video_HD_Preview.png","contentUrl":"https:\/\/qimiq.ch\/wp-content\/uploads\/sites\/4\/AdobeStock_300763099_Video_HD_Preview.png","width":712,"height":401,"caption":"QimiQ Schweiz"},"image":{"@id":"https:\/\/qimiq.ch\/en\/#\/schema\/logo\/image\/"},"sameAs":["https:\/\/www.facebook.com\/QimiQWorld\/","https:\/\/www.facebook.com\/QimiQProfessionals\/","https:\/\/www.instagram.com\/qimiq_austria\/"]}]}},"_links":{"self":[{"href":"https:\/\/qimiq.ch\/fr\/wp-json\/wp\/v2\/pages\/64","targetHints":{"allow":["GET"]}}],"collection":[{"href":"https:\/\/qimiq.ch\/fr\/wp-json\/wp\/v2\/pages"}],"about":[{"href":"https:\/\/qimiq.ch\/fr\/wp-json\/wp\/v2\/types\/page"}],"author":[{"embeddable":true,"href":"https:\/\/qimiq.ch\/fr\/wp-json\/wp\/v2\/users\/1"}],"replies":[{"embeddable":true,"href":"https:\/\/qimiq.ch\/fr\/wp-json\/wp\/v2\/comments?post=64"}],"version-history":[{"count":3,"href":"https:\/\/qimiq.ch\/fr\/wp-json\/wp\/v2\/pages\/64\/revisions"}],"predecessor-version":[{"id":3412,"href":"https:\/\/qimiq.ch\/fr\/wp-json\/wp\/v2\/pages\/64\/revisions\/3412"}],"wp:attachment":[{"href":"https:\/\/qimiq.ch\/fr\/wp-json\/wp\/v2\/media?parent=64"}],"curies":[{"name":"wp","href":"https:\/\/api.w.org\/{rel}","templated":true}]}}